{"id":5837,"date":"2023-05-23T15:40:04","date_gmt":"2023-05-23T15:40:04","guid":{"rendered":"https:\/\/empirecustomwindows.com\/?page_id=5837"},"modified":"2023-05-24T12:15:39","modified_gmt":"2023-05-24T12:15:39","slug":"motorized-window-shades","status":"publish","type":"page","link":"https:\/\/empirecustomwindows.com\/es_ar\/persianas-motorizadas-2\/","title":{"rendered":"Persianas motorizadas"},"content":{"rendered":"<p><a href=\"https:\/\/empirecustomwindows.com\/es_ar\/\">Ventanas personalizadas Imperio<\/a> se destaca por ofrecer una amplia gama de opciones de tratamiento de ventanas, incluidas cortinas motorizadas. Presentamos cortinas revolucionarias que otorgan control instant\u00e1neo sobre la luz y la privacidad con solo presionar un bot\u00f3n. Nuestra experiencia se extiende a instalaciones perfectas y un servicio excepcional, atendiendo a la clientela residencial y comercial de Texas.<\/p>\n\n\n\n<figure class=\"wp-block-image size-full\"><img fetchpriority=\"high\" decoding=\"async\" src=\"https:\/\/empirecustomwindows.com\/wp-content\/uploads\/2023\/05\/Motorized-Window-Shades.jpg\" alt=\"Persianas motorizadas\" class=\"wp-image-5849\" width=\"940\" height=\"788\" srcset=\"https:\/\/empirecustomwindows.com\/wp-content\/uploads\/2023\/05\/Motorized-Window-Shades.jpg 940w, https:\/\/empirecustomwindows.com\/wp-content\/uploads\/2023\/05\/Motorized-Window-Shades-300x251.jpg 300w, https:\/\/empirecustomwindows.com\/wp-content\/uploads\/2023\/05\/Motorized-Window-Shades-768x644.jpg 768w, https:\/\/empirecustomwindows.com\/wp-content\/uploads\/2023\/05\/Motorized-Window-Shades-600x503.jpg 600w\" sizes=\"(max-width: 940px) 100vw, 940px\" \/><\/figure>\n\n\n\n<h2 class=\"wp-block-heading\">Problema resuelto<\/h2>\n\n\n\n<p>\u00bfEst\u00e1s cansado de ajustar constantemente las cortinas de las ventanas? Empire Custom Windows tiene la soluci\u00f3n perfecta: cortinas motorizadas. Controle sin esfuerzo la luz, la privacidad y el ambiente con un toque: no m\u00e1s cables enredados ni problemas manuales. La tecnolog\u00eda de motorizaci\u00f3n permite subir, bajar e inclinar f\u00e1cilmente las cortinas mediante un control remoto o un interruptor.<\/p>\n\n\n\n<p>Imag\u00ednese abrir las persianas desde la cama y recibir la suave luz del sol. Ci\u00e9rrelos f\u00e1cilmente para mayor privacidad y comodidad. Disfruta de un control total al alcance de tu mano.<\/p>\n\n\n\n<p>La motorizaci\u00f3n es perfecta para ventanas grandes o de dif\u00edcil acceso: no m\u00e1s esfuerzos. Los motores silenciosos garantizan un funcionamiento suave. Establezca la luz y la privacidad deseadas sin esfuerzo en cada habitaci\u00f3n.<\/p>\n\n\n\n<p>Las opciones de programaci\u00f3n avanzadas le permiten programar ajustes de sombra a lo largo del d\u00eda. Mejorar la comodidad y la eficiencia energ\u00e9tica. Maximice la luz natural y reduzca la dependencia de la iluminaci\u00f3n artificial y el control del clima.<\/p>\n\n\n\n<p>Empire Custom Windows ofrece lujo y comodidad. La tecnolog\u00eda de vanguardia garantiza confiabilidad, durabilidad y un funcionamiento perfecto. Personalice la tela, el color y el dise\u00f1o para obtener la combinaci\u00f3n perfecta de estilo y funcionalidad.<\/p>\n\n\n\n<p>Transforma tu espacio con cortinas motorizadas. Resolver problemas de ajuste manual. Eleve la comodidad y la sofisticaci\u00f3n en sus salas de estar.<\/p>\n\n\n\n<p>Experimente la facilidad, la comodidad y la elegancia de las cortinas motorizadas. Perm\u00edtanos mejorar su vida diaria con comodidad y estilo.<\/p>\n\n\n\n<h2 class=\"wp-block-heading\">C\u00f3mo funciona<\/h2>\n\n\n\n<p>En Empire Custom Windows, le ofrecemos avances de vanguardia en tecnolog\u00eda de motorizaci\u00f3n, brind\u00e1ndole control y automatizaci\u00f3n sin esfuerzo para sus persianas. Nuestro proceso garantiza una experiencia fluida y f\u00e1cil de usar que mejora la comodidad y la conveniencia.&nbsp;<\/p>\n\n\n\n<ul class=\"wp-block-list\">\n<li><strong>Instalaci\u00f3n profesional:<\/strong>&nbsp;Un equipo de t\u00e9cnicos capacitados visitar\u00e1 su ubicaci\u00f3n e instalar\u00e1 un sistema motorizado para usted. Integran motores discretos en las persianas de sus ventanas con precisi\u00f3n y experiencia, lo que garantiza un funcionamiento suave y silencioso. Experimente el disfrute ininterrumpido de todos los beneficios de la motorizaci\u00f3n.<\/li>\n\n\n\n<li><strong>Control remoto e interruptor de pared:<\/strong>&nbsp;Nuestra gama de opciones de control f\u00e1ciles de usar garantizan una gesti\u00f3n sin esfuerzo de las persianas motorizadas. Modifique la posici\u00f3n de la persiana con un control remoto de mano o un interruptor de pared, lo que otorga un control preciso sobre los niveles de luz y privacidad. Disfrute de una comodidad y flexibilidad incomparables al operar las cortinas desde cualquier lugar de la habitaci\u00f3n.<\/li>\n\n\n\n<li><strong>Integraci\u00f3n de tel\u00e9fonos inteligentes:<\/strong>&nbsp;Lleve sus persianas motorizadas al siguiente nivel de comodidad integr\u00e1ndolas con su tel\u00e9fono inteligente o tableta. A trav\u00e9s de sistemas de automatizaci\u00f3n del hogar compatibles, puede controlar sus persianas de forma remota mediante aplicaciones m\u00f3viles dedicadas. Ya sea en casa o fuera de ella, usted tiene control total sobre sus persianas, lo que brinda mayor seguridad, eficiencia energ\u00e9tica y tranquilidad. Ajustar las cortinas es tan sencillo como tocar la pantalla de tu tel\u00e9fono inteligente.<\/li>\n\n\n\n<li><strong>Control de voz:<\/strong>&nbsp;Experimente la verdadera comodidad de manos libres con nuestra compatibilidad con control por voz. Puede controlar sus cortinas sin esfuerzo mediante simples comandos de voz conectando sus cortinas motorizadas a asistentes de voz populares como Amazon Alexa o Google Assistant. Ya sea que desee abrir, cerrar o ajustar la posici\u00f3n de sus sombras, diga el comando que desee y observe c\u00f3mo sus cortinas responden suavemente a su voz. Es una forma fluida e intuitiva de interactuar con las cortinas de tus ventanas.<\/li>\n\n\n\n<li><strong>Integraci\u00f3n con Sistemas de Dom\u00f3tica:<\/strong>&nbsp;Combine sin esfuerzo persianas motorizadas en su sistema de automatizaci\u00f3n del hogar inteligente, integr\u00e1ndolas con Control4 o Crestron. Unifique el control de cortinas con los sistemas de iluminaci\u00f3n, temperatura y audio, creando una experiencia de hogar inteligente sincronizada.<\/li>\n<\/ul>\n\n\n\n<p>Descubra la revolucionaria tecnolog\u00eda de motorizaci\u00f3n: control sin esfuerzo, mayor comodidad y funcionalidad para sus persianas. La integraci\u00f3n remota de tel\u00e9fonos inteligentes, la personalizaci\u00f3n y las configuraciones programables crean una experiencia hogare\u00f1a fluida, intuitiva, automatizada y lujosa con Empire Custom Windows.<\/p>\n\n\n\n<h2 class=\"wp-block-heading\">Por qu\u00e9 elegirnos<\/h2>\n\n\n\n<ul class=\"wp-block-list\">\n<li><strong>Conocimientos y experiencia:<\/strong>&nbsp;Nuestro equipo altamente experimentado, que cuenta con a\u00f1os de conocimiento en la industria del tratamiento de ventanas, est\u00e1 bien equipado para brindar soluciones excepcionales de cortinas motorizadas adaptadas precisamente a sus requisitos \u00fanicos.<\/li>\n\n\n\n<li><strong>Productos de calidad:<\/strong>&nbsp;Nuestras persianas motorizadas se obtienen meticulosamente de fabricantes acreditados y reconocidos por su compromiso de producir productos excepcionales, duraderos y confiables que resistan las pruebas del tiempo sin concesiones.<\/li>\n\n\n\n<li><strong>Instalaci\u00f3n profesional:<\/strong>&nbsp;Nuestros t\u00e9cnicos capacitados exhiben una atenci\u00f3n meticulosa a los detalles y una precisi\u00f3n inigualable al instalar sus persianas motorizadas para garantizar un rendimiento impecable y una funcionalidad \u00f3ptima.<\/li>\n\n\n\n<li><strong>Opciones de personalizaci\u00f3n:<\/strong>&nbsp;Descubra una amplia gama de opciones de personalizaci\u00f3n, incluida una amplia selecci\u00f3n de telas, colores y dise\u00f1os. Esto le permite adaptar perfectamente sus cortinas motorizadas para armonizar con su decoraci\u00f3n interior y reflejar su estilo.<\/li>\n\n\n\n<li><strong>Comodidad y Confort:<\/strong>&nbsp;Disfrute del pin\u00e1culo de la conveniencia y el confort con nuestras cortinas motorizadas para ventanas. Controle y ajuste las cortinas sin esfuerzo con funciones automatizadas, creando la iluminaci\u00f3n y el ambiente ideales en cualquier habitaci\u00f3n seg\u00fan sus preferencias.<\/li>\n\n\n\n<li><strong>Seguridad mejorada:<\/strong>&nbsp;Nuestras cortinas motorizadas, libres de cordones y cordeles, priorizan la seguridad. Esta opci\u00f3n excepcional est\u00e1 dirigida a hogares con ni\u00f1os o mascotas, asegurando la eliminaci\u00f3n de peligros potenciales.<\/li>\n<\/ul>\n\n\n\n<h2 class=\"wp-block-heading\">\u00c1rea de servicio: Nueva York<\/h2>\n\n\n\n<p>Empire Custom Windows atiende apasionadamente a los clientes de Nueva York, brind\u00e1ndoles servicios de cortinas motorizadas de primer nivel en <a href=\"https:\/\/en.wikipedia.org\/wiki\/New_York_City\">Nueva York<\/a>, Brooklyn, Queens, Manhattan, Bronx y Staten Island. Desde paisajes urbanos hasta para\u00edsos suburbanos, potenciamos su espacio con persianas automatizadas.<\/p>\n\n\n\n<h2 class=\"wp-block-heading\">Cont\u00e1ctenos<\/h2>\n\n\n\n<p>Descubra el reino de las persianas motorizadas; cont\u00e1ctenos para consultas o consultas al +1 347-277-2134 o al +1 718-747-4438, o env\u00ede un correo electr\u00f3nico a arcarpetandwindows@gmail.com. Nuestro equipo ofrece experiencia, orientaci\u00f3n y una experiencia personalizada de selecci\u00f3n e instalaci\u00f3n. Disfrute de la conveniencia, el confort y la sofisticaci\u00f3n de las cortinas motorizadas de Empire Custom Windows.<\/p>","protected":false},"excerpt":{"rendered":"<p>Empire Custom Windows excels in delivering a diverse array of window treatment options, including motorized window shades. Introducing revolutionary shades that grant instant control over light and privacy with a simple button press. Our expertise extends to seamless installations and exceptional service, catering to Texas&#8217; residential and commercial clientele. Problem Solved Are you tired of [&hellip;]<\/p>","protected":false},"author":5,"featured_media":5849,"parent":0,"menu_order":0,"comment_status":"closed","ping_status":"closed","template":"","meta":{"_monsterinsights_skip_tracking":false,"_monsterinsights_sitenote_active":false,"_monsterinsights_sitenote_note":"","_monsterinsights_sitenote_category":0,"two_page_speed":[],"footnotes":""},"class_list":["post-5837","page","type-page","status-publish","has-post-thumbnail","hentry"],"yoast_head":"<!-- This site is optimized with the Yoast SEO plugin v27.5 - https:\/\/yoast.com\/product\/yoast-seo-wordpress\/ -->\n<title>Motorized Window Shades - Empire Custom Windows<\/title>\n<meta name=\"robots\" content=\"index, follow, max-snippet:-1, max-image-preview:large, max-video-preview:-1\" \/>\n<link rel=\"canonical\" href=\"https:\/\/empirecustomwindows.com\/es_ar\/persianas-motorizadas-2\/\" \/>\n<meta property=\"og:locale\" content=\"es_ES\" \/>\n<meta property=\"og:type\" content=\"article\" \/>\n<meta property=\"og:title\" content=\"Motorized Window Shades - Empire Custom Windows\" \/>\n<meta property=\"og:description\" content=\"Empire Custom Windows excels in delivering a diverse array of window treatment options, including motorized window shades. Introducing revolutionary shades that grant instant control over light and privacy with a simple button press. Our expertise extends to seamless installations and exceptional service, catering to Texas&#8217; residential and commercial clientele. Problem Solved Are you tired of [&hellip;]\" \/>\n<meta property=\"og:url\" content=\"https:\/\/empirecustomwindows.com\/es_ar\/persianas-motorizadas-2\/\" \/>\n<meta property=\"og:site_name\" content=\"Empire Custom Windows\" \/>\n<meta property=\"article:publisher\" content=\"https:\/\/www.facebook.com\/empirecustomwindows\/\" \/>\n<meta property=\"og:image\" content=\"https:\/\/empirecustomwindows.com\/wp-content\/uploads\/2023\/05\/Motorized-Window-Shades.jpg\" \/>\n\t<meta property=\"og:image:width\" content=\"940\" \/>\n\t<meta property=\"og:image:height\" content=\"788\" \/>\n\t<meta property=\"og:image:type\" content=\"image\/jpeg\" \/>\n<meta name=\"twitter:card\" content=\"summary_large_image\" \/>\n<meta name=\"twitter:label1\" content=\"Tiempo de lectura\" \/>\n\t<meta name=\"twitter:data1\" content=\"4 minutos\" \/>\n<!-- \/ Yoast SEO plugin. -->","yoast_head_json":{"title":"Motorized Window Shades - Empire Custom Windows","robots":{"index":"index","follow":"follow","max-snippet":"max-snippet:-1","max-image-preview":"max-image-preview:large","max-video-preview":"max-video-preview:-1"},"canonical":"https:\/\/empirecustomwindows.com\/es_ar\/persianas-motorizadas-2\/","og_locale":"es_ES","og_type":"article","og_title":"Motorized Window Shades - Empire Custom Windows","og_description":"Empire Custom Windows excels in delivering a diverse array of window treatment options, including motorized window shades. Introducing revolutionary shades that grant instant control over light and privacy with a simple button press. Our expertise extends to seamless installations and exceptional service, catering to Texas&#8217; residential and commercial clientele. Problem Solved Are you tired of [&hellip;]","og_url":"https:\/\/empirecustomwindows.com\/es_ar\/persianas-motorizadas-2\/","og_site_name":"Empire Custom Windows","article_publisher":"https:\/\/www.facebook.com\/empirecustomwindows\/","og_image":[{"width":940,"height":788,"url":"https:\/\/empirecustomwindows.com\/wp-content\/uploads\/2023\/05\/Motorized-Window-Shades.jpg","type":"image\/jpeg"}],"twitter_card":"summary_large_image","twitter_misc":{"Tiempo de lectura":"4 minutos"},"schema":{"@context":"https:\/\/schema.org","@graph":[{"@type":"WebPage","@id":"https:\/\/empirecustomwindows.com\/motorized-window-shades\/","url":"https:\/\/empirecustomwindows.com\/motorized-window-shades\/","name":"Motorized Window Shades - Empire Custom Windows","isPartOf":{"@id":"https:\/\/empirecustomwindows.com\/#website"},"primaryImageOfPage":{"@id":"https:\/\/empirecustomwindows.com\/motorized-window-shades\/#primaryimage"},"image":{"@id":"https:\/\/empirecustomwindows.com\/motorized-window-shades\/#primaryimage"},"thumbnailUrl":"https:\/\/empirecustomwindows.com\/wp-content\/uploads\/2023\/05\/Motorized-Window-Shades.jpg","datePublished":"2023-05-23T15:40:04+00:00","dateModified":"2023-05-24T12:15:39+00:00","breadcrumb":{"@id":"https:\/\/empirecustomwindows.com\/motorized-window-shades\/#breadcrumb"},"inLanguage":"es-AR","potentialAction":[{"@type":"ReadAction","target":["https:\/\/empirecustomwindows.com\/motorized-window-shades\/"]}]},{"@type":"ImageObject","inLanguage":"es-AR","@id":"https:\/\/empirecustomwindows.com\/motorized-window-shades\/#primaryimage","url":"https:\/\/empirecustomwindows.com\/wp-content\/uploads\/2023\/05\/Motorized-Window-Shades.jpg","contentUrl":"https:\/\/empirecustomwindows.com\/wp-content\/uploads\/2023\/05\/Motorized-Window-Shades.jpg","width":940,"height":788,"caption":"Motorized Window Shades"},{"@type":"BreadcrumbList","@id":"https:\/\/empirecustomwindows.com\/motorized-window-shades\/#breadcrumb","itemListElement":[{"@type":"ListItem","position":1,"name":"Home","item":"https:\/\/empirecustomwindows.com\/"},{"@type":"ListItem","position":2,"name":"Motorized Window Shades"}]},{"@type":"WebSite","@id":"https:\/\/empirecustomwindows.com\/#website","url":"https:\/\/empirecustomwindows.com\/","name":"Empire Custom Windows","description":"","publisher":{"@id":"https:\/\/empirecustomwindows.com\/#organization"},"potentialAction":[{"@type":"SearchAction","target":{"@type":"EntryPoint","urlTemplate":"https:\/\/empirecustomwindows.com\/?s={search_term_string}"},"query-input":{"@type":"PropertyValueSpecification","valueRequired":true,"valueName":"search_term_string"}}],"inLanguage":"es-AR"},{"@type":"Organization","@id":"https:\/\/empirecustomwindows.com\/#organization","name":"Empire Custom Windows","url":"https:\/\/empirecustomwindows.com\/","logo":{"@type":"ImageObject","inLanguage":"es-AR","@id":"https:\/\/empirecustomwindows.com\/#\/schema\/logo\/image\/","url":"https:\/\/empirecustomwindows.com\/wp-content\/uploads\/2023\/04\/newhighlightlogo.png","contentUrl":"https:\/\/empirecustomwindows.com\/wp-content\/uploads\/2023\/04\/newhighlightlogo.png","width":200,"height":60,"caption":"Empire Custom Windows"},"image":{"@id":"https:\/\/empirecustomwindows.com\/#\/schema\/logo\/image\/"},"sameAs":["https:\/\/www.facebook.com\/empirecustomwindows\/","https:\/\/www.yelp.com\/biz\/empire-custom-windows-new-york-2"]}]}},"_links":{"self":[{"href":"https:\/\/empirecustomwindows.com\/es_ar\/wp-json\/wp\/v2\/pages\/5837","targetHints":{"allow":["GET"]}}],"collection":[{"href":"https:\/\/empirecustomwindows.com\/es_ar\/wp-json\/wp\/v2\/pages"}],"about":[{"href":"https:\/\/empirecustomwindows.com\/es_ar\/wp-json\/wp\/v2\/types\/page"}],"author":[{"embeddable":true,"href":"https:\/\/empirecustomwindows.com\/es_ar\/wp-json\/wp\/v2\/users\/5"}],"replies":[{"embeddable":true,"href":"https:\/\/empirecustomwindows.com\/es_ar\/wp-json\/wp\/v2\/comments?post=5837"}],"version-history":[{"count":2,"href":"https:\/\/empirecustomwindows.com\/es_ar\/wp-json\/wp\/v2\/pages\/5837\/revisions"}],"predecessor-version":[{"id":5850,"href":"https:\/\/empirecustomwindows.com\/es_ar\/wp-json\/wp\/v2\/pages\/5837\/revisions\/5850"}],"wp:featuredmedia":[{"embeddable":true,"href":"https:\/\/empirecustomwindows.com\/es_ar\/wp-json\/wp\/v2\/media\/5849"}],"wp:attachment":[{"href":"https:\/\/empirecustomwindows.com\/es_ar\/wp-json\/wp\/v2\/media?parent=5837"}],"curies":[{"name":"wp","href":"https:\/\/api.w.org\/{rel}","templated":true}]}}