{"id":6291,"date":"2023-12-04T19:31:54","date_gmt":"2023-12-04T19:31:54","guid":{"rendered":"https:\/\/empirecustomwindows.com\/?page_id=6291"},"modified":"2024-01-16T16:54:53","modified_gmt":"2024-01-16T16:54:53","slug":"site-map","status":"publish","type":"page","link":"https:\/\/empirecustomwindows.com\/fr\/site-map\/","title":{"rendered":"site map"},"content":{"rendered":"<div data-elementor-type=\"wp-page\" data-elementor-id=\"6291\" class=\"elementor elementor-6291\" data-elementor-post-type=\"page\">\n\t\t\t\t\t\t<section class=\"elementor-section elementor-top-section elementor-element elementor-element-bfd2a9c elementor-section-boxed elementor-section-height-default elementor-section-height-default\" data-id=\"bfd2a9c\" data-element_type=\"section\">\n\t\t\t\t\t\t<div class=\"elementor-container elementor-column-gap-default\">\n\t\t\t\t\t<div class=\"elementor-column elementor-col-100 elementor-top-column elementor-element elementor-element-4dc413e\" data-id=\"4dc413e\" data-element_type=\"column\">\n\t\t\t<div class=\"elementor-widget-wrap elementor-element-populated\">\n\t\t\t\t\t\t<div class=\"elementor-element elementor-element-38ae22e elementor-widget elementor-widget-text-editor\" data-id=\"38ae22e\" data-element_type=\"widget\" data-widget_type=\"text-editor.default\">\n\t\t\t\t<div class=\"elementor-widget-container\">\n\t\t\t<style>\/*! elementor - v3.22.0 - 26-06-2024 *\/\n.elementor-widget-text-editor.elementor-drop-cap-view-stacked .elementor-drop-cap{background-color:#69727d;color:#fff}.elementor-widget-text-editor.elementor-drop-cap-view-framed .elementor-drop-cap{color:#69727d;border:3px solid;background-color:transparent}.elementor-widget-text-editor:not(.elementor-drop-cap-view-default) .elementor-drop-cap{margin-top:8px}.elementor-widget-text-editor:not(.elementor-drop-cap-view-default) .elementor-drop-cap-letter{width:1em;height:1em}.elementor-widget-text-editor .elementor-drop-cap{float:left;text-align:center;line-height:1;font-size:50px}.elementor-widget-text-editor .elementor-drop-cap-letter{display:inline-block}<\/style>\t\t\t\t<p><a href=\"https:\/\/empirecustomwindows.com\/fr\/seo_generator_sitemap_index.xml\/\">https:\/\/empirecustomwindows.com\/seo_generator_sitemap_index.xml<\/a><\/p>\t\t\t\t\t\t<\/div>\n\t\t\t\t<\/div>\n\t\t\t\t\t<\/div>\n\t\t<\/div>\n\t\t\t\t\t<\/div>\n\t\t<\/section>\n\t\t\t\t<section class=\"elementor-section elementor-top-section elementor-element elementor-element-571813e elementor-section-boxed elementor-section-height-default elementor-section-height-default\" data-id=\"571813e\" data-element_type=\"section\">\n\t\t\t\t\t\t<div class=\"elementor-container elementor-column-gap-default\">\n\t\t\t\t\t<div class=\"elementor-column elementor-col-100 elementor-top-column elementor-element elementor-element-0f46554\" data-id=\"0f46554\" data-element_type=\"column\">\n\t\t\t<div class=\"elementor-widget-wrap elementor-element-populated\">\n\t\t\t\t\t\t<div class=\"elementor-element elementor-element-782ec33 elementor-widget elementor-widget-sitemap\" data-id=\"782ec33\" data-element_type=\"widget\" data-widget_type=\"sitemap.default\">\n\t\t\t\t<div class=\"elementor-widget-container\">\n\t\t\t<link rel=\"stylesheet\" href=\"https:\/\/empirecustomwindows.com\/wp-content\/plugins\/elementor-pro\/assets\/css\/widget-theme-elements.min.css\"><div class=\"elementor-sitemap-wrap\"><div class=\"elementor-sitemap-section\"><h2 class=\"elementor-sitemap-title elementor-sitemap-page-title\">Pages<\/h2><ul class=\"elementor-sitemap-list elementor-sitemap-page-list\"><li class=\"elementor-sitemap-item elementor-sitemap-item-page page_item page-item-6356\"><a href=\"https:\/\/empirecustomwindows.com\/fr\/bay-window-curtains-drapes-window-treatment-service\/\">Bay window curtains &#038; drapes &#8211; Window Treatment Service<\/a><\/li><li class=\"elementor-sitemap-item elementor-sitemap-item-page page_item page-item-6291\"><a href=\"https:\/\/empirecustomwindows.com\/fr\/site-map\/\">site map<\/a><\/li><li class=\"elementor-sitemap-item elementor-sitemap-item-page page_item page-item-6231\"><a href=\"https:\/\/empirecustomwindows.com\/fr\/foire-aux-questions-empire-fenetres-personnalisees\/\">FAQ<\/a><\/li><li class=\"elementor-sitemap-item elementor-sitemap-item-page page_item page-item-6078\"><a href=\"https:\/\/empirecustomwindows.com\/fr\/traitement-des-fenetres-efficacite-energetique-new-york\/\">Efficacit\u00e9 \u00e9nerg\u00e9tique<\/a><\/li><li class=\"elementor-sitemap-item elementor-sitemap-item-page page_item page-item-6043\"><a href=\"https:\/\/empirecustomwindows.com\/fr\/motorisation-de-traitement-de-fenetre-nyc\/\">Motorisation<\/a><\/li><li class=\"elementor-sitemap-item elementor-sitemap-item-page page_item page-item-6033\"><a href=\"https:\/\/empirecustomwindows.com\/fr\/installation-de-traitement-de-fenetre-a-new-york\/\">Installation<\/a><\/li><li class=\"elementor-sitemap-item elementor-sitemap-item-page page_item page-item-6011\"><a href=\"https:\/\/empirecustomwindows.com\/fr\/personnalisation-du-traitement-de-fenetre-a-new-york\/\">Personnalisation<\/a><\/li><li class=\"elementor-sitemap-item elementor-sitemap-item-page page_item page-item-5987\"><a href=\"https:\/\/empirecustomwindows.com\/fr\/selection-de-produits-de-traitement-de-fenetre-a-new-york\/\">Selection de produit<\/a><\/li><li class=\"elementor-sitemap-item elementor-sitemap-item-page page_item page-item-5955\"><a href=\"https:\/\/empirecustomwindows.com\/fr\/consultation-sur-le-traitement-des-fenetres-a-new-york\/\">Consultation<\/a><\/li><li class=\"elementor-sitemap-item elementor-sitemap-item-page page_item page-item-5929\"><a href=\"https:\/\/empirecustomwindows.com\/fr\/installation-de-stores-de-stores-zebres-en-costume-a-new-york\/\">Installation de stores et stores Costume Zebra \u00e0 New York<\/a><\/li><li class=\"elementor-sitemap-item elementor-sitemap-item-page page_item page-item-5856\"><a href=\"https:\/\/empirecustomwindows.com\/fr\/lunettes-de-vision-zebra-new-york\/\">Installation de stores Zebra Vision \u00e0 New York\u00a0: transformez vos fen\u00eatres avec style et fonctionnalit\u00e9<\/a><\/li><li class=\"elementor-sitemap-item elementor-sitemap-item-page page_item page-item-5841\"><a href=\"https:\/\/empirecustomwindows.com\/fr\/professional-custom-window-shade-installation\/\">Professional Custom Window Shade Installation<\/a><\/li><li class=\"elementor-sitemap-item elementor-sitemap-item-page page_item page-item-5839\"><a href=\"https:\/\/empirecustomwindows.com\/fr\/nuances-imprimees-personnalisees\/\">Nuances imprim\u00e9es personnalis\u00e9es<\/a><\/li><li class=\"elementor-sitemap-item elementor-sitemap-item-page page_item page-item-5837\"><a href=\"https:\/\/empirecustomwindows.com\/fr\/motorized-window-shades\/\">Motorized Window Shades<\/a><\/li><li class=\"elementor-sitemap-item elementor-sitemap-item-page page_item page-item-5819\"><a href=\"https:\/\/empirecustomwindows.com\/fr\/traitements-de-fenetres-en-arc-service-de-stores-voutes-a-new-york\/\">Traitements de fen\u00eatres en arc \u2013 Service de stores et stores cintr\u00e9s \u00e0 New York<\/a><\/li><li class=\"elementor-sitemap-item elementor-sitemap-item-page page_item page-item-5655\"><a href=\"https:\/\/empirecustomwindows.com\/fr\/contactez-nous\/\">Reserve maintenant<\/a><\/li><li class=\"elementor-sitemap-item elementor-sitemap-item-page page_item page-item-5349\"><a href=\"https:\/\/empirecustomwindows.com\/fr\/portefeuille\/\">portefeuille<\/a><\/li><li class=\"elementor-sitemap-item elementor-sitemap-item-page page_item page-item-4043\"><a href=\"https:\/\/empirecustomwindows.com\/fr\/portefeuille\/rideaux-a-plis-pinces\/\">Rideaux \u00e0 plis pinc\u00e9s<\/a><\/li><li class=\"elementor-sitemap-item elementor-sitemap-item-page page_item page-item-4044\"><a href=\"https:\/\/empirecustomwindows.com\/fr\/portefeuille\/rideaux-transparents\/\">Rideaux transparents<\/a><\/li><li class=\"elementor-sitemap-item elementor-sitemap-item-page page_item page-item-3858\"><a href=\"https:\/\/empirecustomwindows.com\/fr\/portefeuille\/rideaux-economes-en-energie\/\">Rideaux \u00e9conomes en \u00e9nergie\u00a0\u00a0<\/a><\/li><li class=\"elementor-sitemap-item elementor-sitemap-item-page page_item page-item-3844\"><a href=\"https:\/\/empirecustomwindows.com\/fr\/portefeuille\/rideaux-assombrissants\/\">Rideaux assombrissants<\/a><\/li><li class=\"elementor-sitemap-item elementor-sitemap-item-page page_item page-item-3757\"><a href=\"https:\/\/empirecustomwindows.com\/fr\/portefeuille\/rideaux-naturels-2\/\">Rideaux naturels<\/a><\/li><li class=\"elementor-sitemap-item elementor-sitemap-item-page page_item page-item-3749\"><a href=\"https:\/\/empirecustomwindows.com\/fr\/portefeuille\/stores-de-restaurant\/\">Stores pour fen\u00eatres de restaurant<\/a><\/li><li class=\"elementor-sitemap-item elementor-sitemap-item-page page_item page-item-3696\"><a href=\"https:\/\/empirecustomwindows.com\/fr\/portefeuille\/tentures-et-rideaux\/\">Tentures et rideaux\u00a0<\/a><\/li><li class=\"elementor-sitemap-item elementor-sitemap-item-page page_item page-item-3469\"><a href=\"https:\/\/empirecustomwindows.com\/fr\/portefeuille\/nuances-interieures-commerciales\/\">Stores int\u00e9rieurs commerciaux<\/a><\/li><li class=\"elementor-sitemap-item elementor-sitemap-item-page page_item page-item-3436\"><a href=\"https:\/\/empirecustomwindows.com\/fr\/portefeuille\/nuances-de-vignettes\/\">Nuances de vignettes<\/a><\/li><li class=\"elementor-sitemap-item elementor-sitemap-item-page page_item page-item-3388\"><a href=\"https:\/\/empirecustomwindows.com\/fr\/portefeuille\/panneaux-de-draperie\/\">Panneaux de draperie<\/a><\/li><li class=\"elementor-sitemap-item elementor-sitemap-item-page page_item page-item-3365\"><a href=\"https:\/\/empirecustomwindows.com\/fr\/portefeuille\/stores-solaires\/\">Stores solaires<\/a><\/li><li class=\"elementor-sitemap-item elementor-sitemap-item-page page_item page-item-3316\"><a href=\"https:\/\/empirecustomwindows.com\/fr\/portefeuille\/rideaux-personnalises\/\">Rideaux personnalis\u00e9s<\/a><\/li><li class=\"elementor-sitemap-item elementor-sitemap-item-page page_item page-item-3303\"><a href=\"https:\/\/empirecustomwindows.com\/fr\/portefeuille\/stores-de-lucarne\/\">Stores de puits de lumi\u00e8re<\/a><\/li><li class=\"elementor-sitemap-item elementor-sitemap-item-page page_item page-item-3269\"><a href=\"https:\/\/empirecustomwindows.com\/fr\/portefeuille\/rideaux-occultants\/\">Rideaux occultants<\/a><\/li><li class=\"elementor-sitemap-item elementor-sitemap-item-page page_item page-item-3225\"><a href=\"https:\/\/empirecustomwindows.com\/fr\/portefeuille\/nuances-pures\/\">Nuances transparentes<\/a><\/li><li class=\"elementor-sitemap-item elementor-sitemap-item-page page_item page-item-3183\"><a href=\"https:\/\/empirecustomwindows.com\/fr\/portefeuille\/rideaux-isoles\/\">Rideaux isol\u00e9s<\/a><\/li><li class=\"elementor-sitemap-item elementor-sitemap-item-page page_item page-item-3145\"><a href=\"https:\/\/empirecustomwindows.com\/fr\/meilleurs-traitements\/\">Meilleurs traitements<\/a><\/li><li class=\"elementor-sitemap-item elementor-sitemap-item-page page_item page-item-3134\"><a href=\"https:\/\/empirecustomwindows.com\/fr\/portefeuille\/habillages-de-vitrines\/\">Traitements de vitrines de vitrines\u00a0\u00a0<\/a><\/li><li class=\"elementor-sitemap-item elementor-sitemap-item-page page_item page-item-3073\"><a href=\"https:\/\/empirecustomwindows.com\/fr\/portefeuille\/stores-romains\/\">Stores romains<\/a><\/li><li class=\"elementor-sitemap-item elementor-sitemap-item-page page_item page-item-3045\"><a href=\"https:\/\/empirecustomwindows.com\/fr\/portefeuille\/rideaux-commerciaux\/\">Rideaux commerciaux<\/a><\/li><li class=\"elementor-sitemap-item elementor-sitemap-item-page page_item page-item-3053\"><a href=\"https:\/\/empirecustomwindows.com\/fr\/portefeuille\/store-enrouleur-de-bureau\/\">Store enrouleur de bureau<\/a><\/li><li class=\"elementor-sitemap-item elementor-sitemap-item-page page_item page-item-2931\"><a href=\"https:\/\/empirecustomwindows.com\/fr\/portefeuille\/stores-enrouleurs\/\">Stores \u00e0 rouleau<\/a><\/li><li class=\"elementor-sitemap-item elementor-sitemap-item-page page_item page-item-2879\"><a href=\"https:\/\/empirecustomwindows.com\/fr\/portefeuille\/draperie-artisanale\/\">Draperie artisanale<\/a><\/li><li class=\"elementor-sitemap-item elementor-sitemap-item-page page_item page-item-2709\"><a href=\"https:\/\/empirecustomwindows.com\/fr\/portefeuille\/stores-telecommandes\/\">Stores t\u00e9l\u00e9command\u00e9s<\/a><\/li><li class=\"elementor-sitemap-item elementor-sitemap-item-page page_item page-item-2690\"><a href=\"https:\/\/empirecustomwindows.com\/fr\/portefeuille\/nuances-plissees\/\">Stores pliss\u00e9s<\/a><\/li><li class=\"elementor-sitemap-item elementor-sitemap-item-page page_item page-item-2650\"><a href=\"https:\/\/empirecustomwindows.com\/fr\/portefeuille\/nuances-de-pirouette\/\">Nuances de pirouette<\/a><\/li><li class=\"elementor-sitemap-item elementor-sitemap-item-page page_item page-item-2640\"><a href=\"https:\/\/empirecustomwindows.com\/fr\/portefeuille\/rideaux-motorises\/\">Rideaux motoris\u00e9s\u00a0<\/a><\/li><li class=\"elementor-sitemap-item elementor-sitemap-item-page page_item page-item-2558\"><a href=\"https:\/\/empirecustomwindows.com\/fr\/portefeuille\/nuances-naturelles\/\">Nuances naturelles<\/a><\/li><li class=\"elementor-sitemap-item elementor-sitemap-item-page page_item page-item-2504\"><a href=\"https:\/\/empirecustomwindows.com\/fr\/portefeuille\/stores-motorises\/\">Stores motoris\u00e9s<\/a><\/li><li class=\"elementor-sitemap-item elementor-sitemap-item-page page_item page-item-2500\"><a href=\"https:\/\/empirecustomwindows.com\/fr\/portefeuille\/nuances-en-nid-dabeille\/\">Nuances en nid d&#039;abeille<\/a><\/li><li class=\"elementor-sitemap-item elementor-sitemap-item-page page_item page-item-2404\"><a href=\"https:\/\/empirecustomwindows.com\/fr\/portefeuille\/nuances-callaires\/\">Nuances callulaires<\/a><\/li><li class=\"elementor-sitemap-item elementor-sitemap-item-page page_item page-item-2362\"><a href=\"https:\/\/empirecustomwindows.com\/fr\/portefeuille\/rouleau-motorise\/\">Rouleau motoris\u00e9\u00a0<\/a><\/li><li class=\"elementor-sitemap-item elementor-sitemap-item-page page_item page-item-2320\"><a href=\"https:\/\/empirecustomwindows.com\/fr\/portefeuille\/design-dinterieur\/\">Design d&#039;int\u00e9rieur<\/a><\/li><li class=\"elementor-sitemap-item elementor-sitemap-item-page page_item page-item-2306\"><a href=\"https:\/\/empirecustomwindows.com\/fr\/portefeuille\/stores-occultants-commerciaux\/\">Stores occultants commerciaux<\/a><\/li><li class=\"elementor-sitemap-item elementor-sitemap-item-page page_item page-item-2235\"><a href=\"https:\/\/empirecustomwindows.com\/fr\/portefeuille\/stores-levolor\/\">Stores Levolor\u00a0<\/a><\/li><li class=\"elementor-sitemap-item elementor-sitemap-item-page page_item page-item-2168\"><a href=\"https:\/\/empirecustomwindows.com\/fr\/portefeuille\/stores-occultants\/\">Stores occultants<\/a><\/li><li class=\"elementor-sitemap-item elementor-sitemap-item-page page_item page-item-2126\"><a href=\"https:\/\/empirecustomwindows.com\/fr\/reparation-de-revetement-de-fenetre-a-new-york\/\">R\u00e9parations<\/a><\/li><li class=\"elementor-sitemap-item elementor-sitemap-item-page page_item page-item-2072\"><a href=\"https:\/\/empirecustomwindows.com\/fr\/portefeuille\/nuances-de-bambou\/\">Nuances de bambou<\/a><\/li><li class=\"elementor-sitemap-item elementor-sitemap-item-page page_item page-item-1989\"><a href=\"https:\/\/empirecustomwindows.com\/fr\/empirepersonnalisewindowsblog\/\">Blog<\/a><\/li><li class=\"elementor-sitemap-item elementor-sitemap-item-page page_item page-item-1953\"><a href=\"https:\/\/empirecustomwindows.com\/fr\/portefeuille\/stores-installes\/\">Stores de fen\u00eatre ajust\u00e9s<\/a><\/li><li class=\"elementor-sitemap-item elementor-sitemap-item-page page_item page-item-1952\"><a href=\"https:\/\/empirecustomwindows.com\/fr\/portefeuille\/stores-lumineux\/\">Stores lumineux<\/a><\/li><li class=\"elementor-sitemap-item elementor-sitemap-item-page page_item page-item-1919\"><a href=\"https:\/\/empirecustomwindows.com\/fr\/portefeuille\/mini-stores\/\">Mini-stores<\/a><\/li><li class=\"elementor-sitemap-item elementor-sitemap-item-page page_item page-item-1878\"><a href=\"https:\/\/empirecustomwindows.com\/fr\/contact\/\">Contactez-nous<\/a><\/li><li class=\"elementor-sitemap-item elementor-sitemap-item-page page_item page-item-1864\"><a href=\"https:\/\/empirecustomwindows.com\/fr\/portefeuille\/stores-silhouette\/\">Nuances de silhouette<\/a><\/li><li class=\"elementor-sitemap-item elementor-sitemap-item-page page_item page-item-1713\"><a href=\"https:\/\/empirecustomwindows.com\/fr\/portefeuille\/stores-en-faux-bois\/\">Stores en faux bois<\/a><\/li><li class=\"elementor-sitemap-item elementor-sitemap-item-page page_item page-item-1662\"><a href=\"https:\/\/empirecustomwindows.com\/fr\/portefeuille\/stores-venitiens\/\">stores v\u00e9nitiens<\/a><\/li><li class=\"elementor-sitemap-item elementor-sitemap-item-page page_item page-item-1615\"><a href=\"https:\/\/empirecustomwindows.com\/fr\/des-clients-satisfaits-partagent-leur-experience-avec-nous\/\">T\u00e9moignages<\/a><\/li><li class=\"elementor-sitemap-item elementor-sitemap-item-page page_item page-item-1544\"><a href=\"https:\/\/empirecustomwindows.com\/fr\/portefeuille\/stores-duo-2\/\">Stores Duette<\/a><\/li><li class=\"elementor-sitemap-item elementor-sitemap-item-page page_item page-item-1464\"><a href=\"https:\/\/empirecustomwindows.com\/fr\/portefeuille\/stores-occultants-2\/\">Stores occultants<\/a><\/li><li class=\"elementor-sitemap-item elementor-sitemap-item-page page_item page-item-1358\"><a href=\"https:\/\/empirecustomwindows.com\/fr\/portefeuille\/stores-verticaux\/\">Stores verticaux<\/a><\/li><li class=\"elementor-sitemap-item elementor-sitemap-item-page page_item page-item-1259\"><a href=\"https:\/\/empirecustomwindows.com\/fr\/portefeuille\/stores-en-bambou\/\">Stores en bambou\u00a0<\/a><\/li><li class=\"elementor-sitemap-item elementor-sitemap-item-page page_item page-item-1156\"><a href=\"https:\/\/empirecustomwindows.com\/fr\/portefeuille\/stores-cintres\/\">Stores de fen\u00eatre cintr\u00e9s<\/a><\/li><li class=\"elementor-sitemap-item elementor-sitemap-item-page page_item page-item-1100\"><a href=\"https:\/\/empirecustomwindows.com\/fr\/portefeuille\/stores-en-bois\/\">Stores en bois<\/a><\/li><li class=\"elementor-sitemap-item elementor-sitemap-item-page page_item page-item-867\"><a href=\"https:\/\/empirecustomwindows.com\/fr\/portefeuille\/stores-de-bureau\/\">Stores de bureau<\/a><\/li><li class=\"elementor-sitemap-item elementor-sitemap-item-page page_item page-item-743\"><a href=\"https:\/\/empirecustomwindows.com\/fr\/portefeuille\/options-de-nuances\/\">Options de nuances<\/a><\/li><li class=\"elementor-sitemap-item elementor-sitemap-item-page page_item page-item-429\"><a href=\"https:\/\/empirecustomwindows.com\/fr\/portefeuille\/stores-commerciaux\/\">Stores commerciaux<\/a><\/li><li class=\"elementor-sitemap-item elementor-sitemap-item-page page_item page-item-419\"><a href=\"https:\/\/empirecustomwindows.com\/fr\/portefeuille\/stores-en-aluminium\/\">Stores en aluminium<\/a><\/li><li class=\"elementor-sitemap-item elementor-sitemap-item-page page_item page-item-13\"><a href=\"https:\/\/empirecustomwindows.com\/fr\/\">Maison<\/a><\/li><li class=\"elementor-sitemap-item elementor-sitemap-item-page page_item page-item-11\"><a href=\"https:\/\/empirecustomwindows.com\/fr\/a-propos-de-nous\/\">\u00c0 propos de nous<\/a><\/li><\/ul><\/div><div class=\"elementor-sitemap-section\"><h2 class=\"elementor-sitemap-title elementor-sitemap-category-title\">Categories<\/h2><ul class=\"elementor-sitemap-list elementor-sitemap-category-list\">\t<li class=\"elementor-sitemap-item elementor-sitemap-item-category cat-item cat-item-1\"><a href=\"https:\/\/empirecustomwindows.com\/fr\/category\/uncategorized\/\">Uncategorized<\/a>\n<\/li>\n\t<li class=\"elementor-sitemap-item elementor-sitemap-item-category cat-item cat-item-7\"><a href=\"https:\/\/empirecustomwindows.com\/fr\/category\/blog\/\">Blog<\/a>\n<\/li>\n<\/ul><\/div><\/div>\t\t<\/div>\n\t\t\t\t<\/div>\n\t\t\t\t\t<\/div>\n\t\t<\/div>\n\t\t\t\t\t<\/div>\n\t\t<\/section>\n\t\t\t\t<\/div>","protected":false},"excerpt":{"rendered":"<p>https:\/\/empirecustomwindows.com\/seo_generator_sitemap_index.xml<\/p>","protected":false},"author":3,"featured_media":0,"parent":0,"menu_order":0,"comment_status":"closed","ping_status":"closed","template":"","meta":{"_monsterinsights_skip_tracking":false,"_monsterinsights_sitenote_active":false,"_monsterinsights_sitenote_note":"","_monsterinsights_sitenote_category":0,"two_page_speed":[],"footnotes":""},"class_list":["post-6291","page","type-page","status-publish","hentry"],"yoast_head":"<!-- This site is optimized with the Yoast SEO plugin v27.4 - https:\/\/yoast.com\/product\/yoast-seo-wordpress\/ -->\n<title>site map - Empire Custom Windows<\/title>\n<meta name=\"robots\" content=\"index, follow, max-snippet:-1, max-image-preview:large, max-video-preview:-1\" \/>\n<link rel=\"canonical\" href=\"https:\/\/empirecustomwindows.com\/fr\/site-map\/\" \/>\n<meta property=\"og:locale\" content=\"fr_FR\" \/>\n<meta property=\"og:type\" content=\"article\" \/>\n<meta property=\"og:title\" content=\"site map - Empire Custom Windows\" \/>\n<meta property=\"og:description\" content=\"https:\/\/empirecustomwindows.com\/seo_generator_sitemap_index.xml\" \/>\n<meta property=\"og:url\" content=\"https:\/\/empirecustomwindows.com\/fr\/site-map\/\" \/>\n<meta property=\"og:site_name\" content=\"Empire Custom Windows\" \/>\n<meta property=\"article:publisher\" content=\"https:\/\/www.facebook.com\/empirecustomwindows\/\" \/>\n<meta name=\"twitter:card\" content=\"summary_large_image\" \/>\n<meta name=\"twitter:label1\" content=\"Dur\u00e9e de lecture estim\u00e9e\" \/>\n\t<meta name=\"twitter:data1\" content=\"1 minute\" \/>\n<!-- \/ Yoast SEO plugin. -->","yoast_head_json":{"title":"site map - Empire Custom Windows","robots":{"index":"index","follow":"follow","max-snippet":"max-snippet:-1","max-image-preview":"max-image-preview:large","max-video-preview":"max-video-preview:-1"},"canonical":"https:\/\/empirecustomwindows.com\/fr\/site-map\/","og_locale":"fr_FR","og_type":"article","og_title":"site map - Empire Custom Windows","og_description":"https:\/\/empirecustomwindows.com\/seo_generator_sitemap_index.xml","og_url":"https:\/\/empirecustomwindows.com\/fr\/site-map\/","og_site_name":"Empire Custom Windows","article_publisher":"https:\/\/www.facebook.com\/empirecustomwindows\/","twitter_card":"summary_large_image","twitter_misc":{"Dur\u00e9e de lecture estim\u00e9e":"1 minute"},"schema":{"@context":"https:\/\/schema.org","@graph":[{"@type":"WebPage","@id":"https:\/\/empirecustomwindows.com\/site-map\/","url":"https:\/\/empirecustomwindows.com\/site-map\/","name":"site map - Empire Custom Windows","isPartOf":{"@id":"https:\/\/empirecustomwindows.com\/#website"},"datePublished":"2023-12-04T19:31:54+00:00","dateModified":"2024-01-16T16:54:53+00:00","breadcrumb":{"@id":"https:\/\/empirecustomwindows.com\/site-map\/#breadcrumb"},"inLanguage":"fr-FR","potentialAction":[{"@type":"ReadAction","target":["https:\/\/empirecustomwindows.com\/site-map\/"]}]},{"@type":"BreadcrumbList","@id":"https:\/\/empirecustomwindows.com\/site-map\/#breadcrumb","itemListElement":[{"@type":"ListItem","position":1,"name":"Home","item":"https:\/\/empirecustomwindows.com\/"},{"@type":"ListItem","position":2,"name":"site map"}]},{"@type":"WebSite","@id":"https:\/\/empirecustomwindows.com\/#website","url":"https:\/\/empirecustomwindows.com\/","name":"Empire Custom Windows","description":"","publisher":{"@id":"https:\/\/empirecustomwindows.com\/#organization"},"potentialAction":[{"@type":"SearchAction","target":{"@type":"EntryPoint","urlTemplate":"https:\/\/empirecustomwindows.com\/?s={search_term_string}"},"query-input":{"@type":"PropertyValueSpecification","valueRequired":true,"valueName":"search_term_string"}}],"inLanguage":"fr-FR"},{"@type":"Organization","@id":"https:\/\/empirecustomwindows.com\/#organization","name":"Empire Custom Windows","url":"https:\/\/empirecustomwindows.com\/","logo":{"@type":"ImageObject","inLanguage":"fr-FR","@id":"https:\/\/empirecustomwindows.com\/#\/schema\/logo\/image\/","url":"https:\/\/empirecustomwindows.com\/wp-content\/uploads\/2023\/04\/newhighlightlogo.png","contentUrl":"https:\/\/empirecustomwindows.com\/wp-content\/uploads\/2023\/04\/newhighlightlogo.png","width":200,"height":60,"caption":"Empire Custom Windows"},"image":{"@id":"https:\/\/empirecustomwindows.com\/#\/schema\/logo\/image\/"},"sameAs":["https:\/\/www.facebook.com\/empirecustomwindows\/","https:\/\/www.yelp.com\/biz\/empire-custom-windows-new-york-2"]}]}},"_links":{"self":[{"href":"https:\/\/empirecustomwindows.com\/fr\/wp-json\/wp\/v2\/pages\/6291","targetHints":{"allow":["GET"]}}],"collection":[{"href":"https:\/\/empirecustomwindows.com\/fr\/wp-json\/wp\/v2\/pages"}],"about":[{"href":"https:\/\/empirecustomwindows.com\/fr\/wp-json\/wp\/v2\/types\/page"}],"author":[{"embeddable":true,"href":"https:\/\/empirecustomwindows.com\/fr\/wp-json\/wp\/v2\/users\/3"}],"replies":[{"embeddable":true,"href":"https:\/\/empirecustomwindows.com\/fr\/wp-json\/wp\/v2\/comments?post=6291"}],"version-history":[{"count":7,"href":"https:\/\/empirecustomwindows.com\/fr\/wp-json\/wp\/v2\/pages\/6291\/revisions"}],"predecessor-version":[{"id":6455,"href":"https:\/\/empirecustomwindows.com\/fr\/wp-json\/wp\/v2\/pages\/6291\/revisions\/6455"}],"wp:attachment":[{"href":"https:\/\/empirecustomwindows.com\/fr\/wp-json\/wp\/v2\/media?parent=6291"}],"curies":[{"name":"wp","href":"https:\/\/api.w.org\/{rel}","templated":true}]}}