{"id":2320,"date":"2023-04-05T09:10:59","date_gmt":"2023-04-05T09:10:59","guid":{"rendered":"https:\/\/empirecustomwindows.com\/?page_id=2320"},"modified":"2023-04-19T07:56:32","modified_gmt":"2023-04-19T07:56:32","slug":"interior-design","status":"publish","type":"page","link":"https:\/\/empirecustomwindows.com\/pl\/teczka\/projektowanie-wnetrz\/","title":{"rendered":"Projektowanie wn\u0119trz"},"content":{"rendered":"<div data-elementor-type=\"wp-page\" data-elementor-id=\"2320\" class=\"elementor elementor-2320\" data-elementor-post-type=\"page\">\n\t\t\t\t\t\t<section class=\"elementor-section elementor-top-section elementor-element elementor-element-fcb4752 elementor-section-full_width elementor-section-height-min-height elementor-section-stretched elementor-section-height-default elementor-section-items-middle\" data-id=\"fcb4752\" data-element_type=\"section\" data-settings=\"{&quot;stretch_section&quot;:&quot;section-stretched&quot;,&quot;background_background&quot;:&quot;classic&quot;}\">\n\t\t\t\t\t\t<div class=\"elementor-container elementor-column-gap-no\">\n\t\t\t\t\t<div class=\"elementor-column elementor-col-100 elementor-top-column elementor-element elementor-element-b4002e6\" data-id=\"b4002e6\" data-element_type=\"column\">\n\t\t\t<div class=\"elementor-widget-wrap elementor-element-populated\">\n\t\t\t\t\t\t<div class=\"elementor-element elementor-element-bc408de elementor-widget elementor-widget-heading\" data-id=\"bc408de\" data-element_type=\"widget\" data-widget_type=\"heading.default\">\n\t\t\t\t<div class=\"elementor-widget-container\">\n\t\t\t<style>\/*! elementor - v3.22.0 - 26-06-2024 *\/\n.elementor-heading-title{padding:0;margin:0;line-height:1}.elementor-widget-heading .elementor-heading-title[class*=elementor-size-]>a{color:inherit;font-size:inherit;line-height:inherit}.elementor-widget-heading .elementor-heading-title.elementor-size-small{font-size:15px}.elementor-widget-heading .elementor-heading-title.elementor-size-medium{font-size:19px}.elementor-widget-heading .elementor-heading-title.elementor-size-large{font-size:29px}.elementor-widget-heading .elementor-heading-title.elementor-size-xl{font-size:39px}.elementor-widget-heading .elementor-heading-title.elementor-size-xxl{font-size:59px}<\/style><h2 class=\"elementor-heading-title elementor-size-default\">Projektowanie wn\u0119trz<\/h2>\t\t<\/div>\n\t\t\t\t<\/div>\n\t\t\t\t\t<\/div>\n\t\t<\/div>\n\t\t\t\t\t<\/div>\n\t\t<\/section>\n\t\t\t\t<section class=\"elementor-section elementor-top-section elementor-element elementor-element-b61246e elementor-section-boxed elementor-section-height-default elementor-section-height-default\" data-id=\"b61246e\" data-element_type=\"section\">\n\t\t\t\t\t\t<div class=\"elementor-container elementor-column-gap-default\">\n\t\t\t\t\t<div class=\"elementor-column elementor-col-100 elementor-top-column elementor-element elementor-element-3b12c7e\" data-id=\"3b12c7e\" data-element_type=\"column\" data-settings=\"{&quot;background_background&quot;:&quot;classic&quot;}\">\n\t\t\t<div class=\"elementor-widget-wrap elementor-element-populated\">\n\t\t\t\t\t\t<div class=\"elementor-element elementor-element-b8cd306 elementor-widget elementor-widget-heading\" data-id=\"b8cd306\" data-element_type=\"widget\" data-widget_type=\"heading.default\">\n\t\t\t\t<div class=\"elementor-widget-container\">\n\t\t\t<h2 class=\"elementor-heading-title elementor-size-default\">ZAPROJEKTUJMY TWOJE OKNA!<\/h2>\t\t<\/div>\n\t\t\t\t<\/div>\n\t\t\t\t<div class=\"elementor-element elementor-element-3b82cb7 elementor-widget elementor-widget-text-editor\" data-id=\"3b82cb7\" data-element_type=\"widget\" data-widget_type=\"text-editor.default\">\n\t\t\t\t<div class=\"elementor-widget-container\">\n\t\t\t<style>\/*! elementor - v3.22.0 - 26-06-2024 *\/\n.elementor-widget-text-editor.elementor-drop-cap-view-stacked .elementor-drop-cap{background-color:#69727d;color:#fff}.elementor-widget-text-editor.elementor-drop-cap-view-framed .elementor-drop-cap{color:#69727d;border:3px solid;background-color:transparent}.elementor-widget-text-editor:not(.elementor-drop-cap-view-default) .elementor-drop-cap{margin-top:8px}.elementor-widget-text-editor:not(.elementor-drop-cap-view-default) .elementor-drop-cap-letter{width:1em;height:1em}.elementor-widget-text-editor .elementor-drop-cap{float:left;text-align:center;line-height:1;font-size:50px}.elementor-widget-text-editor .elementor-drop-cap-letter{display:inline-block}<\/style>\t\t\t\t<p>Masz do\u015b\u0107 obecnego wygl\u0105du swojego pokoju lub biura i nie masz poj\u0119cia, jakich zmian potrzebuje? Koniec ze stresem; Do Twojej dyspozycji jest Empire Custom Windows, kt\u00f3ry pomo\u017ce Ci w podj\u0119ciu decyzji, stworzeniu i dokonaniu w\u0142a\u015bciwego wyboru dla Twojego pokoju, domu lub biura. Cz\u0119sto ludzie uwa\u017caj\u0105, \u017ce jest to niepotrzebny k\u0142opot i pozwalaj\u0105, aby ich pragnienie zmian os\u0142ab\u0142o. Nie musi to dotyczy\u0107 ciebie. Pomaganie nam w wyborze odwrotnie umo\u017cliwi Ci skonsultowanie si\u0119 zar\u00f3wno ze swoim wewn\u0119trznym projektantem wn\u0119trz, jak i z naszym, kt\u00f3ry po prostu wydob\u0119dzie to, co naprawd\u0119 chcesz zrobi\u0107.<br \/>Aby by\u0142o to mniej przyt\u0142aczaj\u0105ce i nie spieszy\u0142o si\u0119, po\u015bwi\u0119\u0107 troch\u0119 czasu na zaprojektowanie domu lub biura. Proces ten przebiega krok po kroku, wi\u0119c podj\u0119cie decyzji o jednej konkretnej rzeczy na pocz\u0105tek mo\u017ce pom\u00f3c Ci unikn\u0105\u0107 nag\u0142ej zmiany, kt\u00f3ra mog\u0142aby zak\u0142\u00f3ci\u0107 Tw\u00f3j komfort.<br \/>W zale\u017cno\u015bci od tego, co chcesz zmieni\u0107, czy jest to pojedynczy pok\u00f3j, biuro czy nowy dom, nad kt\u00f3rym pracujesz, oto nast\u0119puj\u0105ce us\u0142ugi oferowane przez Empire Custom Windows w zakresie projektowania wn\u0119trz, kt\u00f3re pomog\u0105 Ci promieniowa\u0107 w ka\u017cdym pomieszczeniu!<\/p>\t\t\t\t\t\t<\/div>\n\t\t\t\t<\/div>\n\t\t\t\t\t<\/div>\n\t\t<\/div>\n\t\t\t\t\t<\/div>\n\t\t<\/section>\n\t\t\t\t<section class=\"elementor-section elementor-top-section elementor-element elementor-element-ed6038c elementor-section-boxed elementor-section-height-default elementor-section-height-default\" data-id=\"ed6038c\" data-element_type=\"section\">\n\t\t\t\t\t\t<div class=\"elementor-container elementor-column-gap-default\">\n\t\t\t\t\t<div class=\"elementor-column elementor-col-100 elementor-top-column elementor-element elementor-element-0f76ad1\" data-id=\"0f76ad1\" data-element_type=\"column\" data-settings=\"{&quot;background_background&quot;:&quot;classic&quot;}\">\n\t\t\t<div class=\"elementor-widget-wrap elementor-element-populated\">\n\t\t\t\t\t<div class=\"elementor-background-overlay\"><\/div>\n\t\t\t\t\t\t<section class=\"elementor-section elementor-inner-section elementor-element elementor-element-c98f325 elementor-section-boxed elementor-section-height-default elementor-section-height-default\" data-id=\"c98f325\" data-element_type=\"section\">\n\t\t\t\t\t\t<div class=\"elementor-container elementor-column-gap-default\">\n\t\t\t\t\t<div class=\"elementor-column elementor-col-50 elementor-inner-column elementor-element elementor-element-72515b6\" data-id=\"72515b6\" data-element_type=\"column\">\n\t\t\t<div class=\"elementor-widget-wrap elementor-element-populated\">\n\t\t\t\t\t\t<div class=\"elementor-element elementor-element-2176dd3 elementor-widget elementor-widget-heading\" data-id=\"2176dd3\" data-element_type=\"widget\" data-widget_type=\"heading.default\">\n\t\t\t\t<div class=\"elementor-widget-container\">\n\t\t\t<h2 class=\"elementor-heading-title elementor-size-default\">Uzyskaj DARMOW\u0104 wycen\u0119<\/h2>\t\t<\/div>\n\t\t\t\t<\/div>\n\t\t\t\t<div class=\"elementor-element elementor-element-d8afcb1 elementor-widget elementor-widget-text-editor\" data-id=\"d8afcb1\" data-element_type=\"widget\" data-widget_type=\"text-editor.default\">\n\t\t\t\t<div class=\"elementor-widget-container\">\n\t\t\t\t\t\t\t<div class=\"large-8 columns\"><p>Popro\u015b profesjonalnego konsultanta ds. projektowania, kt\u00f3ry udzieli Ci odpowiedzi i wiedzy specjalistycznej potrzebnej do realizacji Twoich projekt\u00f3w<\/p><\/div>\t\t\t\t\t\t<\/div>\n\t\t\t\t<\/div>\n\t\t\t\t\t<\/div>\n\t\t<\/div>\n\t\t\t\t<div class=\"elementor-column elementor-col-50 elementor-inner-column elementor-element elementor-element-bb26a08\" data-id=\"bb26a08\" data-element_type=\"column\">\n\t\t\t<div class=\"elementor-widget-wrap elementor-element-populated\">\n\t\t\t\t\t\t<div class=\"elementor-element elementor-element-10377ee elementor-widget__width-initial c_button1 elementor-widget elementor-widget-button\" data-id=\"10377ee\" data-element_type=\"widget\" data-widget_type=\"button.default\">\n\t\t\t\t<div class=\"elementor-widget-container\">\n\t\t\t\t\t<div class=\"elementor-button-wrapper\">\n\t\t\t<a class=\"elementor-button elementor-button-link elementor-size-sm\" href=\"#\">\n\t\t\t\t\t\t<span class=\"elementor-button-content-wrapper\">\n\t\t\t\t\t\t\t\t\t<span class=\"elementor-button-text\">Rezerwuj teraz<\/span>\n\t\t\t\t\t<\/span>\n\t\t\t\t\t<\/a>\n\t\t<\/div>\n\t\t\t\t<\/div>\n\t\t\t\t<\/div>\n\t\t\t\t\t<\/div>\n\t\t<\/div>\n\t\t\t\t\t<\/div>\n\t\t<\/section>\n\t\t\t\t\t<\/div>\n\t\t<\/div>\n\t\t\t\t\t<\/div>\n\t\t<\/section>\n\t\t\t\t<section class=\"elementor-section elementor-top-section elementor-element elementor-element-0c09873 elementor-section-boxed elementor-section-height-default elementor-section-height-default\" data-id=\"0c09873\" data-element_type=\"section\">\n\t\t\t\t\t\t<div class=\"elementor-container elementor-column-gap-default\">\n\t\t\t\t\t<div class=\"elementor-column elementor-col-100 elementor-top-column elementor-element elementor-element-e7a8c21\" data-id=\"e7a8c21\" data-element_type=\"column\">\n\t\t\t<div class=\"elementor-widget-wrap elementor-element-populated\">\n\t\t\t\t\t\t<div class=\"elementor-element elementor-element-f84ed42 elementor-widget elementor-widget-heading\" data-id=\"f84ed42\" data-element_type=\"widget\" data-widget_type=\"heading.default\">\n\t\t\t\t<div class=\"elementor-widget-container\">\n\t\t\t<h2 class=\"elementor-heading-title elementor-size-default\">Okna<\/h2>\t\t<\/div>\n\t\t\t\t<\/div>\n\t\t\t\t<div class=\"elementor-element elementor-element-55bd569 elementor-widget elementor-widget-text-editor\" data-id=\"55bd569\" data-element_type=\"widget\" data-widget_type=\"text-editor.default\">\n\t\t\t\t<div class=\"elementor-widget-container\">\n\t\t\t\t\t\t\t<p>Ekskluzywna metoda oferowana przez Empire Custom Windows polega na tym, \u017ce mo\u017cemy zdzia\u0142a\u0107 cuda z oknami, w biurze lub w domu. Niezale\u017cnie od tego, czy chcesz patrze\u0107, czy zagl\u0105da\u0107 do \u015brodka, okno powinno emanowa\u0107 odpowiedni\u0105 atmosfer\u0105, jak\u0105 chcesz, aby emanowa\u0142o, a tak\u017ce anga\u017cowa\u0107 si\u0119 w utrzymanie prywatno\u015bci twojego centrum. W zale\u017cno\u015bci od dokonanego wyboru istnieje szereg rat, kt\u00f3re mo\u017cna zastosowa\u0107, aby nada\u0107 swojej przestrzeni \u017cyciowej definicj\u0119, status, kolor i ekstrawagancj\u0119.<br \/>Dost\u0119pne do Twojej dyspozycji<\/p><p>Zas\u0142ony \u2013 zas\u0142ony naturalne lub rzemie\u015blnicze, \u017baluzje \u2013 pionowe, \u017caluzje ze sztucznego drewna, drewna i aluminium, Rolety \u2013 kom\u00f3rkowe, rzymskie, przesuwne, plisowane, s\u0142oneczne, warstwowe i naturalne itp. s\u0105 oferowane w Empire Custom Windows, aby w pe\u0142ni wykorzysta\u0107 okno wewn\u0105trz jak i na zewn\u0105trz.<br \/>Dbamy o to, aby nasze produkty i us\u0142ugi mia\u0142y wp\u0142yw nie tylko na Twoje okno lub pok\u00f3j, ale tak\u017ce na ka\u017cde oko, kt\u00f3re padnie na konkretn\u0105 ozdob\u0119 lub projekt wn\u0119trza. Pok\u00f3j powinien rezonowa\u0107 z Twoim klimatem, od \u015bcian, przez sufit, a\u017c po pod\u0142og\u0119, pozwoli\u0107 niewidomej stronie komunikowa\u0107 si\u0119 i pi\u0119knie przekaza\u0107 Twoj\u0105 atmosfer\u0119 na p\u0142\u00f3tnie Twojego domu. Pozw\u00f3l, aby tak si\u0119 sta\u0142o, zdecyduj si\u0119 na zmian\u0119, rozja\u015bnij lub przyciemnij nastr\u00f3j lub po prostu ca\u0142kowicie odtw\u00f3rz nastr\u00f3j.<\/p><p>Je\u015bli chcesz dowiedzie\u0107 si\u0119 wi\u0119cej o naszej firmie lub um\u00f3wi\u0107 si\u0119 na spotkanie z naszym do\u015bwiadczonym zespo\u0142em, mo\u017cesz skontaktowa\u0107 si\u0119 z nami ju\u017c teraz i porozmawia\u0107 z naszym przyjaznym personelem. Nasz zesp\u00f3\u0142 zadba o to, aby odpowiedzie\u0107 na wszystkie Twoje pytania i nie by\u0142o \u017cadnych nieporozumie\u0144. Mo\u017cesz tak\u017ce znale\u017a\u0107 swoj\u0105 lokalizacj\u0119 i um\u00f3wi\u0107 si\u0119 z nami na spotkanie. Postaramy si\u0119 skontaktowa\u0107 z Tob\u0105 najwcze\u015bniej.<\/p>\t\t\t\t\t\t<\/div>\n\t\t\t\t<\/div>\n\t\t\t\t\t<\/div>\n\t\t<\/div>\n\t\t\t\t\t<\/div>\n\t\t<\/section>\n\t\t\t\t<\/div>","protected":false},"excerpt":{"rendered":"<p>Interior Design LET US DESIGN YOUR WINDOWS! Tired of the current look of your room or office and are clueless to what change it needs? Stress no more; The Empire Custom Windows is available at your service to rightfully guide you in deciding, creating and making the right choice for your room, house or an [&hellip;]<\/p>","protected":false},"author":3,"featured_media":0,"parent":5349,"menu_order":0,"comment_status":"closed","ping_status":"closed","template":"elementor_header_footer","meta":{"_monsterinsights_skip_tracking":false,"_monsterinsights_sitenote_active":false,"_monsterinsights_sitenote_note":"","_monsterinsights_sitenote_category":0,"two_page_speed":[],"footnotes":""},"class_list":["post-2320","page","type-page","status-publish","hentry"],"yoast_head":"<!-- This site is optimized with the Yoast SEO plugin v27.4 - https:\/\/yoast.com\/product\/yoast-seo-wordpress\/ -->\n<title>Interior Design - Empire Custom Windows<\/title>\n<meta name=\"robots\" content=\"index, follow, max-snippet:-1, max-image-preview:large, max-video-preview:-1\" \/>\n<link rel=\"canonical\" href=\"https:\/\/empirecustomwindows.com\/pl\/teczka\/projektowanie-wnetrz\/\" \/>\n<meta property=\"og:locale\" content=\"pl_PL\" \/>\n<meta property=\"og:type\" content=\"article\" \/>\n<meta property=\"og:title\" content=\"Interior Design - Empire Custom Windows\" \/>\n<meta property=\"og:description\" content=\"Interior Design LET US DESIGN YOUR WINDOWS! Tired of the current look of your room or office and are clueless to what change it needs? Stress no more; The Empire Custom Windows is available at your service to rightfully guide you in deciding, creating and making the right choice for your room, house or an [&hellip;]\" \/>\n<meta property=\"og:url\" content=\"https:\/\/empirecustomwindows.com\/pl\/teczka\/projektowanie-wnetrz\/\" \/>\n<meta property=\"og:site_name\" content=\"Empire Custom Windows\" \/>\n<meta property=\"article:publisher\" content=\"https:\/\/www.facebook.com\/empirecustomwindows\/\" \/>\n<meta name=\"twitter:card\" content=\"summary_large_image\" \/>\n<meta name=\"twitter:label1\" content=\"Szacowany czas czytania\" \/>\n\t<meta name=\"twitter:data1\" content=\"3 minuty\" \/>\n<!-- \/ Yoast SEO plugin. -->","yoast_head_json":{"title":"Interior Design - Empire Custom Windows","robots":{"index":"index","follow":"follow","max-snippet":"max-snippet:-1","max-image-preview":"max-image-preview:large","max-video-preview":"max-video-preview:-1"},"canonical":"https:\/\/empirecustomwindows.com\/pl\/teczka\/projektowanie-wnetrz\/","og_locale":"pl_PL","og_type":"article","og_title":"Interior Design - Empire Custom Windows","og_description":"Interior Design LET US DESIGN YOUR WINDOWS! Tired of the current look of your room or office and are clueless to what change it needs? Stress no more; The Empire Custom Windows is available at your service to rightfully guide you in deciding, creating and making the right choice for your room, house or an [&hellip;]","og_url":"https:\/\/empirecustomwindows.com\/pl\/teczka\/projektowanie-wnetrz\/","og_site_name":"Empire Custom Windows","article_publisher":"https:\/\/www.facebook.com\/empirecustomwindows\/","twitter_card":"summary_large_image","twitter_misc":{"Szacowany czas czytania":"3 minuty"},"schema":{"@context":"https:\/\/schema.org","@graph":[{"@type":"WebPage","@id":"https:\/\/empirecustomwindows.com\/portfolio\/interior-design\/","url":"https:\/\/empirecustomwindows.com\/portfolio\/interior-design\/","name":"Interior Design - Empire Custom Windows","isPartOf":{"@id":"https:\/\/empirecustomwindows.com\/#website"},"datePublished":"2023-04-05T09:10:59+00:00","dateModified":"2023-04-19T07:56:32+00:00","breadcrumb":{"@id":"https:\/\/empirecustomwindows.com\/portfolio\/interior-design\/#breadcrumb"},"inLanguage":"pl-PL","potentialAction":[{"@type":"ReadAction","target":["https:\/\/empirecustomwindows.com\/portfolio\/interior-design\/"]}]},{"@type":"BreadcrumbList","@id":"https:\/\/empirecustomwindows.com\/portfolio\/interior-design\/#breadcrumb","itemListElement":[{"@type":"ListItem","position":1,"name":"Home","item":"https:\/\/empirecustomwindows.com\/"},{"@type":"ListItem","position":2,"name":"portfolio","item":"https:\/\/empirecustomwindows.com\/portfolio\/"},{"@type":"ListItem","position":3,"name":"Interior Design"}]},{"@type":"WebSite","@id":"https:\/\/empirecustomwindows.com\/#website","url":"https:\/\/empirecustomwindows.com\/","name":"Empire Custom Windows","description":"","publisher":{"@id":"https:\/\/empirecustomwindows.com\/#organization"},"potentialAction":[{"@type":"SearchAction","target":{"@type":"EntryPoint","urlTemplate":"https:\/\/empirecustomwindows.com\/?s={search_term_string}"},"query-input":{"@type":"PropertyValueSpecification","valueRequired":true,"valueName":"search_term_string"}}],"inLanguage":"pl-PL"},{"@type":"Organization","@id":"https:\/\/empirecustomwindows.com\/#organization","name":"Empire Custom Windows","url":"https:\/\/empirecustomwindows.com\/","logo":{"@type":"ImageObject","inLanguage":"pl-PL","@id":"https:\/\/empirecustomwindows.com\/#\/schema\/logo\/image\/","url":"https:\/\/empirecustomwindows.com\/wp-content\/uploads\/2023\/04\/newhighlightlogo.png","contentUrl":"https:\/\/empirecustomwindows.com\/wp-content\/uploads\/2023\/04\/newhighlightlogo.png","width":200,"height":60,"caption":"Empire Custom Windows"},"image":{"@id":"https:\/\/empirecustomwindows.com\/#\/schema\/logo\/image\/"},"sameAs":["https:\/\/www.facebook.com\/empirecustomwindows\/","https:\/\/www.yelp.com\/biz\/empire-custom-windows-new-york-2"]}]}},"_links":{"self":[{"href":"https:\/\/empirecustomwindows.com\/pl\/wp-json\/wp\/v2\/pages\/2320","targetHints":{"allow":["GET"]}}],"collection":[{"href":"https:\/\/empirecustomwindows.com\/pl\/wp-json\/wp\/v2\/pages"}],"about":[{"href":"https:\/\/empirecustomwindows.com\/pl\/wp-json\/wp\/v2\/types\/page"}],"author":[{"embeddable":true,"href":"https:\/\/empirecustomwindows.com\/pl\/wp-json\/wp\/v2\/users\/3"}],"replies":[{"embeddable":true,"href":"https:\/\/empirecustomwindows.com\/pl\/wp-json\/wp\/v2\/comments?post=2320"}],"version-history":[{"count":20,"href":"https:\/\/empirecustomwindows.com\/pl\/wp-json\/wp\/v2\/pages\/2320\/revisions"}],"predecessor-version":[{"id":5414,"href":"https:\/\/empirecustomwindows.com\/pl\/wp-json\/wp\/v2\/pages\/2320\/revisions\/5414"}],"up":[{"embeddable":true,"href":"https:\/\/empirecustomwindows.com\/pl\/wp-json\/wp\/v2\/pages\/5349"}],"wp:attachment":[{"href":"https:\/\/empirecustomwindows.com\/pl\/wp-json\/wp\/v2\/media?parent=2320"}],"curies":[{"name":"wp","href":"https:\/\/api.w.org\/{rel}","templated":true}]}}