{"id":2320,"date":"2023-04-05T09:10:59","date_gmt":"2023-04-05T09:10:59","guid":{"rendered":"https:\/\/empirecustomwindows.com\/?page_id=2320"},"modified":"2023-04-19T07:56:32","modified_gmt":"2023-04-19T07:56:32","slug":"interior-design","status":"publish","type":"page","link":"https:\/\/empirecustomwindows.com\/pt\/portfolio\/design-de-interiores\/","title":{"rendered":"Design de interiores"},"content":{"rendered":"<div data-elementor-type=\"wp-page\" data-elementor-id=\"2320\" class=\"elementor elementor-2320\" data-elementor-post-type=\"page\">\n\t\t\t\t\t\t<section class=\"elementor-section elementor-top-section elementor-element elementor-element-fcb4752 elementor-section-full_width elementor-section-height-min-height elementor-section-stretched elementor-section-height-default elementor-section-items-middle\" data-id=\"fcb4752\" data-element_type=\"section\" data-settings=\"{&quot;stretch_section&quot;:&quot;section-stretched&quot;,&quot;background_background&quot;:&quot;classic&quot;}\">\n\t\t\t\t\t\t<div class=\"elementor-container elementor-column-gap-no\">\n\t\t\t\t\t<div class=\"elementor-column elementor-col-100 elementor-top-column elementor-element elementor-element-b4002e6\" data-id=\"b4002e6\" data-element_type=\"column\">\n\t\t\t<div class=\"elementor-widget-wrap elementor-element-populated\">\n\t\t\t\t\t\t<div class=\"elementor-element elementor-element-bc408de elementor-widget elementor-widget-heading\" data-id=\"bc408de\" data-element_type=\"widget\" data-widget_type=\"heading.default\">\n\t\t\t\t<div class=\"elementor-widget-container\">\n\t\t\t<style>\/*! elementor - v3.22.0 - 26-06-2024 *\/\n.elementor-heading-title{padding:0;margin:0;line-height:1}.elementor-widget-heading .elementor-heading-title[class*=elementor-size-]>a{color:inherit;font-size:inherit;line-height:inherit}.elementor-widget-heading .elementor-heading-title.elementor-size-small{font-size:15px}.elementor-widget-heading .elementor-heading-title.elementor-size-medium{font-size:19px}.elementor-widget-heading .elementor-heading-title.elementor-size-large{font-size:29px}.elementor-widget-heading .elementor-heading-title.elementor-size-xl{font-size:39px}.elementor-widget-heading .elementor-heading-title.elementor-size-xxl{font-size:59px}<\/style><h2 class=\"elementor-heading-title elementor-size-default\">Design de interiores<\/h2>\t\t<\/div>\n\t\t\t\t<\/div>\n\t\t\t\t\t<\/div>\n\t\t<\/div>\n\t\t\t\t\t<\/div>\n\t\t<\/section>\n\t\t\t\t<section class=\"elementor-section elementor-top-section elementor-element elementor-element-b61246e elementor-section-boxed elementor-section-height-default elementor-section-height-default\" data-id=\"b61246e\" data-element_type=\"section\">\n\t\t\t\t\t\t<div class=\"elementor-container elementor-column-gap-default\">\n\t\t\t\t\t<div class=\"elementor-column elementor-col-100 elementor-top-column elementor-element elementor-element-3b12c7e\" data-id=\"3b12c7e\" data-element_type=\"column\" data-settings=\"{&quot;background_background&quot;:&quot;classic&quot;}\">\n\t\t\t<div class=\"elementor-widget-wrap elementor-element-populated\">\n\t\t\t\t\t\t<div class=\"elementor-element elementor-element-b8cd306 elementor-widget elementor-widget-heading\" data-id=\"b8cd306\" data-element_type=\"widget\" data-widget_type=\"heading.default\">\n\t\t\t\t<div class=\"elementor-widget-container\">\n\t\t\t<h2 class=\"elementor-heading-title elementor-size-default\">DEIXE-NOS PROJETAR SUAS JANELAS!<\/h2>\t\t<\/div>\n\t\t\t\t<\/div>\n\t\t\t\t<div class=\"elementor-element elementor-element-3b82cb7 elementor-widget elementor-widget-text-editor\" data-id=\"3b82cb7\" data-element_type=\"widget\" data-widget_type=\"text-editor.default\">\n\t\t\t\t<div class=\"elementor-widget-container\">\n\t\t\t<style>\/*! elementor - v3.22.0 - 26-06-2024 *\/\n.elementor-widget-text-editor.elementor-drop-cap-view-stacked .elementor-drop-cap{background-color:#69727d;color:#fff}.elementor-widget-text-editor.elementor-drop-cap-view-framed .elementor-drop-cap{color:#69727d;border:3px solid;background-color:transparent}.elementor-widget-text-editor:not(.elementor-drop-cap-view-default) .elementor-drop-cap{margin-top:8px}.elementor-widget-text-editor:not(.elementor-drop-cap-view-default) .elementor-drop-cap-letter{width:1em;height:1em}.elementor-widget-text-editor .elementor-drop-cap{float:left;text-align:center;line-height:1;font-size:50px}.elementor-widget-text-editor .elementor-drop-cap-letter{display:inline-block}<\/style>\t\t\t\t<p>Cansado da apar\u00eancia atual do seu quarto ou escrit\u00f3rio e n\u00e3o sabe quais mudan\u00e7as ele precisa? N\u00e3o se estresse mais; A Empire Custom Windows est\u00e1 \u00e0 sua disposi\u00e7\u00e3o para orient\u00e1-lo na decis\u00e3o, cria\u00e7\u00e3o e escolha certa para seu quarto, casa ou escrit\u00f3rio. Muitas vezes as pessoas do tempo consideram que isso \u00e9 um aborrecimento desnecess\u00e1rio e deixam o desejo de mudan\u00e7a morrer, n\u00e3o precisa ser para voc\u00ea. Ajudar-nos a escolher o contr\u00e1rio permitir\u00e1 que voc\u00ea consulte tanto o seu designer de interiores interior quanto o nosso, que apenas traria \u00e0 tona o que voc\u00ea realmente deseja que seja feito.<br \/>Para tornar o tempo menos cansativo, mas tamb\u00e9m n\u00e3o apressado, reserve um tempo projetando sua casa ou escrit\u00f3rio. Um processo passo a passo percorre um longo caminho e, portanto, decidir primeiro sobre uma coisa em particular pode ajud\u00e1-lo a n\u00e3o sentir uma mudan\u00e7a repentina que possa atrapalhar seu conforto.<br \/>Dependendo das coisas que voc\u00ea deseja mudar, seja apenas um \u00fanico c\u00f4modo, um escrit\u00f3rio ou uma nova casa em que voc\u00ea est\u00e1 trabalhando, aqui est\u00e3o os seguintes servi\u00e7os oferecidos pela Empire Custom Windows em design de interiores que ajudar\u00e3o a irradiar voc\u00ea em todos os c\u00f4modos!<\/p>\t\t\t\t\t\t<\/div>\n\t\t\t\t<\/div>\n\t\t\t\t\t<\/div>\n\t\t<\/div>\n\t\t\t\t\t<\/div>\n\t\t<\/section>\n\t\t\t\t<section class=\"elementor-section elementor-top-section elementor-element elementor-element-ed6038c elementor-section-boxed elementor-section-height-default elementor-section-height-default\" data-id=\"ed6038c\" data-element_type=\"section\">\n\t\t\t\t\t\t<div class=\"elementor-container elementor-column-gap-default\">\n\t\t\t\t\t<div class=\"elementor-column elementor-col-100 elementor-top-column elementor-element elementor-element-0f76ad1\" data-id=\"0f76ad1\" data-element_type=\"column\" data-settings=\"{&quot;background_background&quot;:&quot;classic&quot;}\">\n\t\t\t<div class=\"elementor-widget-wrap elementor-element-populated\">\n\t\t\t\t\t<div class=\"elementor-background-overlay\"><\/div>\n\t\t\t\t\t\t<section class=\"elementor-section elementor-inner-section elementor-element elementor-element-c98f325 elementor-section-boxed elementor-section-height-default elementor-section-height-default\" data-id=\"c98f325\" data-element_type=\"section\">\n\t\t\t\t\t\t<div class=\"elementor-container elementor-column-gap-default\">\n\t\t\t\t\t<div class=\"elementor-column elementor-col-50 elementor-inner-column elementor-element elementor-element-72515b6\" data-id=\"72515b6\" data-element_type=\"column\">\n\t\t\t<div class=\"elementor-widget-wrap elementor-element-populated\">\n\t\t\t\t\t\t<div class=\"elementor-element elementor-element-2176dd3 elementor-widget elementor-widget-heading\" data-id=\"2176dd3\" data-element_type=\"widget\" data-widget_type=\"heading.default\">\n\t\t\t\t<div class=\"elementor-widget-container\">\n\t\t\t<h2 class=\"elementor-heading-title elementor-size-default\">Obtenha um or\u00e7amento GRATUITO<\/h2>\t\t<\/div>\n\t\t\t\t<\/div>\n\t\t\t\t<div class=\"elementor-element elementor-element-d8afcb1 elementor-widget elementor-widget-text-editor\" data-id=\"d8afcb1\" data-element_type=\"widget\" data-widget_type=\"text-editor.default\">\n\t\t\t\t<div class=\"elementor-widget-container\">\n\t\t\t\t\t\t\t<div class=\"large-8 columns\"><p>Pe\u00e7a a um consultor de design profissional que lhe forne\u00e7a respostas e experi\u00eancia para realizar seus projetos<\/p><\/div>\t\t\t\t\t\t<\/div>\n\t\t\t\t<\/div>\n\t\t\t\t\t<\/div>\n\t\t<\/div>\n\t\t\t\t<div class=\"elementor-column elementor-col-50 elementor-inner-column elementor-element elementor-element-bb26a08\" data-id=\"bb26a08\" data-element_type=\"column\">\n\t\t\t<div class=\"elementor-widget-wrap elementor-element-populated\">\n\t\t\t\t\t\t<div class=\"elementor-element elementor-element-10377ee elementor-widget__width-initial c_button1 elementor-widget elementor-widget-button\" data-id=\"10377ee\" data-element_type=\"widget\" data-widget_type=\"button.default\">\n\t\t\t\t<div class=\"elementor-widget-container\">\n\t\t\t\t\t<div class=\"elementor-button-wrapper\">\n\t\t\t<a class=\"elementor-button elementor-button-link elementor-size-sm\" href=\"#\">\n\t\t\t\t\t\t<span class=\"elementor-button-content-wrapper\">\n\t\t\t\t\t\t\t\t\t<span class=\"elementor-button-text\">Agende agora<\/span>\n\t\t\t\t\t<\/span>\n\t\t\t\t\t<\/a>\n\t\t<\/div>\n\t\t\t\t<\/div>\n\t\t\t\t<\/div>\n\t\t\t\t\t<\/div>\n\t\t<\/div>\n\t\t\t\t\t<\/div>\n\t\t<\/section>\n\t\t\t\t\t<\/div>\n\t\t<\/div>\n\t\t\t\t\t<\/div>\n\t\t<\/section>\n\t\t\t\t<section class=\"elementor-section elementor-top-section elementor-element elementor-element-0c09873 elementor-section-boxed elementor-section-height-default elementor-section-height-default\" data-id=\"0c09873\" data-element_type=\"section\">\n\t\t\t\t\t\t<div class=\"elementor-container elementor-column-gap-default\">\n\t\t\t\t\t<div class=\"elementor-column elementor-col-100 elementor-top-column elementor-element elementor-element-e7a8c21\" data-id=\"e7a8c21\" data-element_type=\"column\">\n\t\t\t<div class=\"elementor-widget-wrap elementor-element-populated\">\n\t\t\t\t\t\t<div class=\"elementor-element elementor-element-f84ed42 elementor-widget elementor-widget-heading\" data-id=\"f84ed42\" data-element_type=\"widget\" data-widget_type=\"heading.default\">\n\t\t\t\t<div class=\"elementor-widget-container\">\n\t\t\t<h2 class=\"elementor-heading-title elementor-size-default\">janelas<\/h2>\t\t<\/div>\n\t\t\t\t<\/div>\n\t\t\t\t<div class=\"elementor-element elementor-element-55bd569 elementor-widget elementor-widget-text-editor\" data-id=\"55bd569\" data-element_type=\"widget\" data-widget_type=\"text-editor.default\">\n\t\t\t\t<div class=\"elementor-widget-container\">\n\t\t\t\t\t\t\t<p>O tratamento exclusivo oferecido pela Empire Custom Windows \u00e9 que fazemos maravilhas com janelas, de escrit\u00f3rio ou de casa. Seja para olhar para fora ou para dentro, uma janela deve irradiar a vibra\u00e7\u00e3o correta que voc\u00ea deseja que ela irradie e tamb\u00e9m manter a privacidade do seu hub. Dependendo da sua escolha, h\u00e1 uma variedade de parcelas que voc\u00ea pode fazer para adicionar defini\u00e7\u00e3o, status, cor e extravag\u00e2ncia ao seu espa\u00e7o residencial.<br \/>Dispon\u00edvel ao seu servi\u00e7o<\/p><p>Cortinas - cortinas naturais ou artesanais, Persianas - verticais, persianas de madeira sint\u00e9tica, madeira e alum\u00ednio, Cortinas - celulares, romanas, deslizantes, plissadas, solares, em camadas e naturais etc. s\u00e3o oferecidas na Empire Custom Windows para aproveitar ao m\u00e1ximo sua janela interna bem como fora.<br \/>Garantimos que nossos produtos e servi\u00e7os causem mais do que apenas um impacto em sua janela ou sala, mas tamb\u00e9m em todos os olhares que se voltam para um enfeite ou design de interiores espec\u00edfico. Uma sala deve ressoar sua vibra\u00e7\u00e3o, das paredes ao teto e ao ch\u00e3o, deixar o lado cego se comunicar e canalizar lindamente sua vibra\u00e7\u00e3o para a tela de sua casa. Deixe acontecer, fa\u00e7a a mudan\u00e7a, alivie ou escure\u00e7a o clima ou apenas recrie totalmente o clima.<\/p><p>Se quiser saber mais sobre a nossa empresa ou marcar uma reuni\u00e3o com a nossa experiente equipa, pode contactar-nos agora e falar com a nossa simp\u00e1tica equipa. Nossa equipe garantir\u00e1 que todas as suas perguntas sejam respondidas e que n\u00e3o haja mais confus\u00e3o. Voc\u00ea tamb\u00e9m pode encontrar sua localiza\u00e7\u00e3o e marcar um encontro conosco. Tentaremos entrar em contato com voc\u00ea o mais r\u00e1pido poss\u00edvel.<\/p>\t\t\t\t\t\t<\/div>\n\t\t\t\t<\/div>\n\t\t\t\t\t<\/div>\n\t\t<\/div>\n\t\t\t\t\t<\/div>\n\t\t<\/section>\n\t\t\t\t<\/div>","protected":false},"excerpt":{"rendered":"<p>Interior Design LET US DESIGN YOUR WINDOWS! Tired of the current look of your room or office and are clueless to what change it needs? Stress no more; The Empire Custom Windows is available at your service to rightfully guide you in deciding, creating and making the right choice for your room, house or an [&hellip;]<\/p>","protected":false},"author":3,"featured_media":0,"parent":5349,"menu_order":0,"comment_status":"closed","ping_status":"closed","template":"elementor_header_footer","meta":{"_monsterinsights_skip_tracking":false,"_monsterinsights_sitenote_active":false,"_monsterinsights_sitenote_note":"","_monsterinsights_sitenote_category":0,"two_page_speed":[],"footnotes":""},"class_list":["post-2320","page","type-page","status-publish","hentry"],"yoast_head":"<!-- This site is optimized with the Yoast SEO plugin v27.3 - https:\/\/yoast.com\/product\/yoast-seo-wordpress\/ -->\n<title>Interior Design - Empire Custom Windows<\/title>\n<meta name=\"robots\" content=\"index, follow, max-snippet:-1, max-image-preview:large, max-video-preview:-1\" \/>\n<link rel=\"canonical\" href=\"https:\/\/empirecustomwindows.com\/pt\/portfolio\/design-de-interiores\/\" \/>\n<meta property=\"og:locale\" content=\"pt_BR\" \/>\n<meta property=\"og:type\" content=\"article\" \/>\n<meta property=\"og:title\" content=\"Interior Design - Empire Custom Windows\" \/>\n<meta property=\"og:description\" content=\"Interior Design LET US DESIGN YOUR WINDOWS! Tired of the current look of your room or office and are clueless to what change it needs? Stress no more; The Empire Custom Windows is available at your service to rightfully guide you in deciding, creating and making the right choice for your room, house or an [&hellip;]\" \/>\n<meta property=\"og:url\" content=\"https:\/\/empirecustomwindows.com\/pt\/portfolio\/design-de-interiores\/\" \/>\n<meta property=\"og:site_name\" content=\"Empire Custom Windows\" \/>\n<meta property=\"article:publisher\" content=\"https:\/\/www.facebook.com\/empirecustomwindows\/\" \/>\n<meta name=\"twitter:card\" content=\"summary_large_image\" \/>\n<meta name=\"twitter:label1\" content=\"Est. tempo de leitura\" \/>\n\t<meta name=\"twitter:data1\" content=\"3 minutos\" \/>\n<!-- \/ Yoast SEO plugin. -->","yoast_head_json":{"title":"Interior Design - Empire Custom Windows","robots":{"index":"index","follow":"follow","max-snippet":"max-snippet:-1","max-image-preview":"max-image-preview:large","max-video-preview":"max-video-preview:-1"},"canonical":"https:\/\/empirecustomwindows.com\/pt\/portfolio\/design-de-interiores\/","og_locale":"pt_BR","og_type":"article","og_title":"Interior Design - Empire Custom Windows","og_description":"Interior Design LET US DESIGN YOUR WINDOWS! Tired of the current look of your room or office and are clueless to what change it needs? Stress no more; The Empire Custom Windows is available at your service to rightfully guide you in deciding, creating and making the right choice for your room, house or an [&hellip;]","og_url":"https:\/\/empirecustomwindows.com\/pt\/portfolio\/design-de-interiores\/","og_site_name":"Empire Custom Windows","article_publisher":"https:\/\/www.facebook.com\/empirecustomwindows\/","twitter_card":"summary_large_image","twitter_misc":{"Est. tempo de leitura":"3 minutos"},"schema":{"@context":"https:\/\/schema.org","@graph":[{"@type":"WebPage","@id":"https:\/\/empirecustomwindows.com\/portfolio\/interior-design\/","url":"https:\/\/empirecustomwindows.com\/portfolio\/interior-design\/","name":"Interior Design - Empire Custom Windows","isPartOf":{"@id":"https:\/\/empirecustomwindows.com\/#website"},"datePublished":"2023-04-05T09:10:59+00:00","dateModified":"2023-04-19T07:56:32+00:00","breadcrumb":{"@id":"https:\/\/empirecustomwindows.com\/portfolio\/interior-design\/#breadcrumb"},"inLanguage":"pt-BR","potentialAction":[{"@type":"ReadAction","target":["https:\/\/empirecustomwindows.com\/portfolio\/interior-design\/"]}]},{"@type":"BreadcrumbList","@id":"https:\/\/empirecustomwindows.com\/portfolio\/interior-design\/#breadcrumb","itemListElement":[{"@type":"ListItem","position":1,"name":"Home","item":"https:\/\/empirecustomwindows.com\/"},{"@type":"ListItem","position":2,"name":"portfolio","item":"https:\/\/empirecustomwindows.com\/portfolio\/"},{"@type":"ListItem","position":3,"name":"Interior Design"}]},{"@type":"WebSite","@id":"https:\/\/empirecustomwindows.com\/#website","url":"https:\/\/empirecustomwindows.com\/","name":"Empire Custom Windows","description":"","publisher":{"@id":"https:\/\/empirecustomwindows.com\/#organization"},"potentialAction":[{"@type":"SearchAction","target":{"@type":"EntryPoint","urlTemplate":"https:\/\/empirecustomwindows.com\/?s={search_term_string}"},"query-input":{"@type":"PropertyValueSpecification","valueRequired":true,"valueName":"search_term_string"}}],"inLanguage":"pt-BR"},{"@type":"Organization","@id":"https:\/\/empirecustomwindows.com\/#organization","name":"Empire Custom Windows","url":"https:\/\/empirecustomwindows.com\/","logo":{"@type":"ImageObject","inLanguage":"pt-BR","@id":"https:\/\/empirecustomwindows.com\/#\/schema\/logo\/image\/","url":"https:\/\/empirecustomwindows.com\/wp-content\/uploads\/2023\/04\/newhighlightlogo.png","contentUrl":"https:\/\/empirecustomwindows.com\/wp-content\/uploads\/2023\/04\/newhighlightlogo.png","width":200,"height":60,"caption":"Empire Custom Windows"},"image":{"@id":"https:\/\/empirecustomwindows.com\/#\/schema\/logo\/image\/"},"sameAs":["https:\/\/www.facebook.com\/empirecustomwindows\/","https:\/\/www.yelp.com\/biz\/empire-custom-windows-new-york-2"]}]}},"_links":{"self":[{"href":"https:\/\/empirecustomwindows.com\/pt\/wp-json\/wp\/v2\/pages\/2320","targetHints":{"allow":["GET"]}}],"collection":[{"href":"https:\/\/empirecustomwindows.com\/pt\/wp-json\/wp\/v2\/pages"}],"about":[{"href":"https:\/\/empirecustomwindows.com\/pt\/wp-json\/wp\/v2\/types\/page"}],"author":[{"embeddable":true,"href":"https:\/\/empirecustomwindows.com\/pt\/wp-json\/wp\/v2\/users\/3"}],"replies":[{"embeddable":true,"href":"https:\/\/empirecustomwindows.com\/pt\/wp-json\/wp\/v2\/comments?post=2320"}],"version-history":[{"count":20,"href":"https:\/\/empirecustomwindows.com\/pt\/wp-json\/wp\/v2\/pages\/2320\/revisions"}],"predecessor-version":[{"id":5414,"href":"https:\/\/empirecustomwindows.com\/pt\/wp-json\/wp\/v2\/pages\/2320\/revisions\/5414"}],"up":[{"embeddable":true,"href":"https:\/\/empirecustomwindows.com\/pt\/wp-json\/wp\/v2\/pages\/5349"}],"wp:attachment":[{"href":"https:\/\/empirecustomwindows.com\/pt\/wp-json\/wp\/v2\/media?parent=2320"}],"curies":[{"name":"wp","href":"https:\/\/api.w.org\/{rel}","templated":true}]}}