{"id":5839,"date":"2023-05-24T03:19:13","date_gmt":"2023-05-24T03:19:13","guid":{"rendered":"https:\/\/empirecustomwindows.com\/?page_id=5839"},"modified":"2023-05-24T12:02:54","modified_gmt":"2023-05-24T12:02:54","slug":"custom-printed-shades","status":"publish","type":"page","link":"https:\/\/empirecustomwindows.com\/pt\/tons-impressos-personalizados\/","title":{"rendered":"Tons impressos personalizados"},"content":{"rendered":"<p>Voc\u00ea est\u00e1 cansado de persianas mundanas e sem personalidade e persianas ins\u00edpidas? Anseia por uma oportunidade de infundir um car\u00e1ter distinto em suas janelas? Alegrar! <a href=\"https:\/\/empirecustomwindows.com\/pt\/\">Janelas personalizadas do Imp\u00e9rio<\/a> revela uma solu\u00e7\u00e3o transformadora: nossos tons impressos sob medida. Diga adeus \u00e0 est\u00e9tica gen\u00e9rica e abrace o extraordin\u00e1rio!<\/p>\n\n\n\n<figure class=\"wp-block-image size-full\"><img fetchpriority=\"high\" decoding=\"async\" src=\"https:\/\/empirecustomwindows.com\/wp-content\/uploads\/2023\/05\/Custom-Printed-Shades.jpg\" alt=\"Tons impressos personalizados\" class=\"wp-image-5845\" width=\"940\" height=\"788\" srcset=\"https:\/\/empirecustomwindows.com\/wp-content\/uploads\/2023\/05\/Custom-Printed-Shades.jpg 940w, https:\/\/empirecustomwindows.com\/wp-content\/uploads\/2023\/05\/Custom-Printed-Shades-300x251.jpg 300w, https:\/\/empirecustomwindows.com\/wp-content\/uploads\/2023\/05\/Custom-Printed-Shades-768x644.jpg 768w, https:\/\/empirecustomwindows.com\/wp-content\/uploads\/2023\/05\/Custom-Printed-Shades-600x503.jpg 600w\" sizes=\"(max-width: 940px) 100vw, 940px\" \/><\/figure>\n\n\n\n<h2 class=\"wp-block-heading\">Problema resolvido<\/h2>\n\n\n\n<p>As persianas e persianas, com seus designs tradicionais, muitas vezes carecem de exclusividade e n\u00e3o combinam perfeitamente com a ess\u00eancia est\u00e9tica da sua casa ou escrit\u00f3rio. Eles podem ser sem brilho e inexpressivos e pouco fazem para elevar a atmosfera geral do espa\u00e7o. No entanto, com a oferta exclusiva de cortinas impressas personalizadas do Empire Custom Windows, voc\u00ea pode facilmente transformar suas janelas em pontos focais cativantes e visualmente impressionantes.<\/p>\n\n\n\n<p>Nossas cortinas excepcionais com impress\u00e3o personalizada abordam a quest\u00e3o dos tratamentos de janela mundanos, fornecendo uma ampla variedade de designs, padr\u00f5es e imagens para voc\u00ea escolher. Se voc\u00ea deseja um design ousado e v\u00edvido que exala energia, uma paisagem tranquila que inspira serenidade ou at\u00e9 mesmo um retrato de fam\u00edlia querido que captura mem\u00f3rias preciosas, nossa experi\u00eancia e habilidade dar\u00e3o vida \u00e0 sua vis\u00e3o \u00fanica. Atrav\u00e9s das nossas persianas impressas personalizadas, as suas janelas cumprem o seu prop\u00f3sito funcional e expressam de forma \u00fanica o seu estilo distinto e gosto refinado.<\/p>\n\n\n\n<h2 class=\"wp-block-heading\">Como funciona<\/h2>\n\n\n\n<p>Na Empire Custom Windows, nos dedicamos a fornecer aos clientes uma experi\u00eancia perfeita e descomplicada com cortinas impressas personalizadas.<\/p>\n\n\n\n<ol class=\"wp-block-list\">\n<li><strong>Consultoria de Projeto<\/strong>: Embarcando em sua jornada de design, marcamos uma consulta para absorver suas ideias, prefer\u00eancias e necessidades. Envolvendo-nos num di\u00e1logo frut\u00edfero, investigamos a sua vis\u00e3o, oferecendo sugest\u00f5es valiosas para as suas tonalidades impressas sob medida.<\/li>\n\n\n\n<li><strong>Aprova\u00e7\u00e3o de projeto<\/strong>: Assim que entendermos claramente sua vis\u00e3o, nossos talentosos designers come\u00e7ar\u00e3o a trabalhar. Eles utilizam sua experi\u00eancia para criar uma maquete digital detalhada de seu design de sombra impresso personalizado. Cada aspecto recebe um exame minucioso em nossa abordagem meticulosa, manifestando perfeitamente suas inclina\u00e7\u00f5es precisas. Assim que a maquete estiver pronta, n\u00f3s a compartilhamos com voc\u00ea para aprova\u00e7\u00e3o. Se alguma revis\u00e3o for necess\u00e1ria, teremos prazer em faz\u00ea-la at\u00e9 que voc\u00ea esteja completamente satisfeito com o design.<\/li>\n\n\n\n<li><strong>Impress\u00e3o e Fabrica\u00e7\u00e3o<\/strong>: Prosseguiremos com a fase de impress\u00e3o e fabrica\u00e7\u00e3o ap\u00f3s recebermos a aprova\u00e7\u00e3o do seu projeto. Utilizamos tecnologia de impress\u00e3o de ponta e materiais de alta qualidade para dar vida ao seu design personalizado. Nossas impressoras de \u00faltima gera\u00e7\u00e3o garantem cores vibrantes, detalhes n\u00edtidos e excelente qualidade de impress\u00e3o. Ap\u00f3s a impress\u00e3o, nossos artes\u00e3os qualificados assumem e transformam meticulosamente o material impresso em uma bela tonalidade que se adapta perfeitamente \u00e0s dimens\u00f5es da sua janela.<\/li>\n\n\n\n<li><strong>Instala\u00e7\u00e3o<\/strong>: Nossa equipe de instala\u00e7\u00e3o profissional assume o comando assim que sua sombra com impress\u00e3o personalizada estiver pronta. Eles garantem uma instala\u00e7\u00e3o perfeita e precisa, prestando aten\u00e7\u00e3o a cada detalhe. Nosso objetivo final \u00e9 oferecer uma experi\u00eancia impec\u00e1vel e personalizada, ao mesmo tempo em que entregamos resultados visualmente cativantes. Desde o alinhamento cuidadoso da cortina at\u00e9 a sua fixa\u00e7\u00e3o, nossos especialistas em instala\u00e7\u00e3o cuidam de todas as etapas necess\u00e1rias para garantir uma instala\u00e7\u00e3o perfeita.<\/li>\n<\/ol>\n\n\n\n<p>Na Empire Custom Windows, nos esfor\u00e7amos para superar suas expectativas em todas as etapas do processo. Nossa aten\u00e7\u00e3o aos detalhes, experi\u00eancia e compromisso com a satisfa\u00e7\u00e3o do cliente garantem que voc\u00ea receba uma tonalidade impressa personalizada que n\u00e3o apenas melhora a est\u00e9tica do seu espa\u00e7o, mas tamb\u00e9m reflete seu estilo e prefer\u00eancias \u00fanicos.<\/p>\n\n\n\n<h2 class=\"wp-block-heading\">Porque escolher-nos<\/h2>\n\n\n\n<p>Empire Custom Windows \u00e9 realmente um destaque na ind\u00fastria e aqui est\u00e1 o porqu\u00ea:<\/p>\n\n\n\n<ul class=\"wp-block-list\">\n<li><strong>Personaliza\u00e7\u00e3o incompar\u00e1vel:<\/strong>&nbsp;Ao personalizar os seus tons, acreditamos em possibilidades ilimitadas. N\u00f3s capacitamos voc\u00ea a criar tons que se alinhem perfeitamente com seu estilo e prefer\u00eancias. Desde a sele\u00e7\u00e3o do design ideal at\u00e9 a escolha das cores e materiais certos, voc\u00ea tem a liberdade de criar sombras que realmente reflitam quem voc\u00ea \u00e9.<\/li>\n\n\n\n<li><strong>Qualidade premium:<\/strong>&nbsp;Temos imenso orgulho em fornecer produtos de qualidade excepcional. Entregando-se ao artesanato complexo, nossos tons impressos personalizados resumem a aten\u00e7\u00e3o meticulosa aos detalhes, adornados com os melhores materiais dispon\u00edveis. Isso garante sua durabilidade e longevidade e a preserva\u00e7\u00e3o de suas cores vibrantes e apar\u00eancia impec\u00e1vel ao longo dos anos. Ao escolher Empire Custom Windows, voc\u00ea est\u00e1 escolhendo tons que continuar\u00e3o a cativar com sua beleza por muito tempo.<\/li>\n\n\n\n<li><strong>Conhecimento e Experi\u00eancia:<\/strong>&nbsp;A experi\u00eancia industrial de nossa equipe, refinada ao longo dos anos, garante um acabamento impec\u00e1vel. Compreendemos as sutilezas e complexidades dos tons impressos personalizados, evoluindo constantemente com tend\u00eancias e sendo pioneiros em t\u00e9cnicas avan\u00e7adas. O resultado? Tons visualmente deslumbrantes que resumem o design vanguardista.<\/li>\n\n\n\n<li><strong>Servi\u00e7o excelente:<\/strong>&nbsp;Empire Custom Windows d\u00e1 extrema import\u00e2ncia \u00e0 satisfa\u00e7\u00e3o do cliente. Com uma jornada cont\u00ednua do in\u00edcio ao fim, nossos especialistas dedicados auxiliam voc\u00ea em todas as etapas: desde a consulta inicial do projeto at\u00e9 a instala\u00e7\u00e3o final. Valorizamos a comunica\u00e7\u00e3o aberta e nos esfor\u00e7amos para responder \u00e0s suas d\u00favidas e preocupa\u00e7\u00f5es de forma r\u00e1pida e eficaz. Voc\u00ea pode esperar uma viagem tranquila e agrad\u00e1vel conosco enquanto transformamos sua vis\u00e3o em realidade.<\/li>\n<\/ul>\n\n\n\n<p>Ao escolher Empire Custom Windows, voc\u00ea n\u00e3o est\u00e1 apenas selecionando um fornecedor de cortinas. Voc\u00ea est\u00e1 escolhendo um parceiro dedicado a criar solu\u00e7\u00f5es \u00fanicas e personalizadas que elevam seu espa\u00e7o e superem suas expectativas.<\/p>\n\n\n\n<h2 class=\"wp-block-heading\">\u00c1rea de servi\u00e7o<\/h2>\n\n\n\n<p>Empire Custom Windows, uma empresa enraizada em <a href=\"https:\/\/en.wikipedia.org\/wiki\/New_York_City\">Nova Iorque<\/a>, tem prazer em atender diversos clientes em todo o estado emocional. Independentemente de onde voc\u00ea estiver - o movimentado cora\u00e7\u00e3o de Nova York ou o pitoresco Vale do Hudson - adornaremos suas janelas com nossas impressionantes e funcionais persianas impressas personalizadas.<\/p>\n\n\n\n<h2 class=\"wp-block-heading\">Contate-nos<\/h2>\n\n\n\n<p>Renove suas janelas com persianas impressas sob medida! Entre em contato com a Empire Custom Windows para uma transforma\u00e7\u00e3o de tirar o f\u00f4lego.<\/p>\n\n\n\n<p>Telefone: +1 347-277-2134 ou +1 718-747-4438<\/p>\n\n\n\n<p>E-mail: arcarpetandwindows@gmail.com<\/p>\n\n\n\n<p>N\u00e3o h\u00e1 necessidade de hesitar! Conecte-se conosco para obter aconselhamento especializado ou qualquer d\u00favida que voc\u00ea tenha. Estamos empenhados em tornar as suas vis\u00f5es de janela uma realidade.<\/p>\n\n\n\n<p>Eleve o fasc\u00ednio e o talento do seu espa\u00e7o com as cortinas impressas personalizadas do Empire Custom Windows. Um investimento que deixa uma impress\u00e3o duradoura para propriet\u00e1rios que buscam personaliza\u00e7\u00e3o ou empresas que buscam criar um ambiente memor\u00e1vel para os clientes.<\/p>","protected":false},"excerpt":{"rendered":"<p>Are you weary of mundane, personality-deprived window shades and bland blinds? Long for an opportunity to infuse your windows with distinctive character? Rejoice! Empire Custom Windows unveils a transformative solution: our bespoke printed shades. Bid farewell to generic aesthetics and embrace the extraordinary! Problem Solved Window shades and blinds, with their traditional designs, often lack [&hellip;]<\/p>","protected":false},"author":5,"featured_media":5845,"parent":0,"menu_order":0,"comment_status":"closed","ping_status":"closed","template":"","meta":{"_monsterinsights_skip_tracking":false,"_monsterinsights_sitenote_active":false,"_monsterinsights_sitenote_note":"","_monsterinsights_sitenote_category":0,"two_page_speed":[],"footnotes":""},"class_list":["post-5839","page","type-page","status-publish","has-post-thumbnail","hentry"],"yoast_head":"<!-- This site is optimized with the Yoast SEO plugin v27.3 - https:\/\/yoast.com\/product\/yoast-seo-wordpress\/ -->\n<title>Custom Printed Shades - Empire Custom Windows<\/title>\n<meta name=\"robots\" content=\"index, follow, max-snippet:-1, max-image-preview:large, max-video-preview:-1\" \/>\n<link rel=\"canonical\" href=\"https:\/\/empirecustomwindows.com\/pt\/tons-impressos-personalizados\/\" \/>\n<meta property=\"og:locale\" content=\"pt_BR\" \/>\n<meta property=\"og:type\" content=\"article\" \/>\n<meta property=\"og:title\" content=\"Custom Printed Shades - Empire Custom Windows\" \/>\n<meta property=\"og:description\" content=\"Are you weary of mundane, personality-deprived window shades and bland blinds? Long for an opportunity to infuse your windows with distinctive character? Rejoice! Empire Custom Windows unveils a transformative solution: our bespoke printed shades. Bid farewell to generic aesthetics and embrace the extraordinary! Problem Solved Window shades and blinds, with their traditional designs, often lack [&hellip;]\" \/>\n<meta property=\"og:url\" content=\"https:\/\/empirecustomwindows.com\/pt\/tons-impressos-personalizados\/\" \/>\n<meta property=\"og:site_name\" content=\"Empire Custom Windows\" \/>\n<meta property=\"article:publisher\" content=\"https:\/\/www.facebook.com\/empirecustomwindows\/\" \/>\n<meta property=\"og:image\" content=\"https:\/\/empirecustomwindows.com\/wp-content\/uploads\/2023\/05\/Custom-Printed-Shades.jpg\" \/>\n\t<meta property=\"og:image:width\" content=\"940\" \/>\n\t<meta property=\"og:image:height\" content=\"788\" \/>\n\t<meta property=\"og:image:type\" content=\"image\/jpeg\" \/>\n<meta name=\"twitter:card\" content=\"summary_large_image\" \/>\n<meta name=\"twitter:label1\" content=\"Est. tempo de leitura\" \/>\n\t<meta name=\"twitter:data1\" content=\"5 minutos\" \/>\n<!-- \/ Yoast SEO plugin. -->","yoast_head_json":{"title":"Custom Printed Shades - Empire Custom Windows","robots":{"index":"index","follow":"follow","max-snippet":"max-snippet:-1","max-image-preview":"max-image-preview:large","max-video-preview":"max-video-preview:-1"},"canonical":"https:\/\/empirecustomwindows.com\/pt\/tons-impressos-personalizados\/","og_locale":"pt_BR","og_type":"article","og_title":"Custom Printed Shades - Empire Custom Windows","og_description":"Are you weary of mundane, personality-deprived window shades and bland blinds? Long for an opportunity to infuse your windows with distinctive character? Rejoice! Empire Custom Windows unveils a transformative solution: our bespoke printed shades. Bid farewell to generic aesthetics and embrace the extraordinary! Problem Solved Window shades and blinds, with their traditional designs, often lack [&hellip;]","og_url":"https:\/\/empirecustomwindows.com\/pt\/tons-impressos-personalizados\/","og_site_name":"Empire Custom Windows","article_publisher":"https:\/\/www.facebook.com\/empirecustomwindows\/","og_image":[{"width":940,"height":788,"url":"https:\/\/empirecustomwindows.com\/wp-content\/uploads\/2023\/05\/Custom-Printed-Shades.jpg","type":"image\/jpeg"}],"twitter_card":"summary_large_image","twitter_misc":{"Est. tempo de leitura":"5 minutos"},"schema":{"@context":"https:\/\/schema.org","@graph":[{"@type":"WebPage","@id":"https:\/\/empirecustomwindows.com\/custom-printed-shades\/","url":"https:\/\/empirecustomwindows.com\/custom-printed-shades\/","name":"Custom Printed Shades - Empire Custom Windows","isPartOf":{"@id":"https:\/\/empirecustomwindows.com\/#website"},"primaryImageOfPage":{"@id":"https:\/\/empirecustomwindows.com\/custom-printed-shades\/#primaryimage"},"image":{"@id":"https:\/\/empirecustomwindows.com\/custom-printed-shades\/#primaryimage"},"thumbnailUrl":"https:\/\/empirecustomwindows.com\/wp-content\/uploads\/2023\/05\/Custom-Printed-Shades.jpg","datePublished":"2023-05-24T03:19:13+00:00","dateModified":"2023-05-24T12:02:54+00:00","breadcrumb":{"@id":"https:\/\/empirecustomwindows.com\/custom-printed-shades\/#breadcrumb"},"inLanguage":"pt-BR","potentialAction":[{"@type":"ReadAction","target":["https:\/\/empirecustomwindows.com\/custom-printed-shades\/"]}]},{"@type":"ImageObject","inLanguage":"pt-BR","@id":"https:\/\/empirecustomwindows.com\/custom-printed-shades\/#primaryimage","url":"https:\/\/empirecustomwindows.com\/wp-content\/uploads\/2023\/05\/Custom-Printed-Shades.jpg","contentUrl":"https:\/\/empirecustomwindows.com\/wp-content\/uploads\/2023\/05\/Custom-Printed-Shades.jpg","width":940,"height":788,"caption":"Custom Printed Shades"},{"@type":"BreadcrumbList","@id":"https:\/\/empirecustomwindows.com\/custom-printed-shades\/#breadcrumb","itemListElement":[{"@type":"ListItem","position":1,"name":"Home","item":"https:\/\/empirecustomwindows.com\/"},{"@type":"ListItem","position":2,"name":"Custom Printed Shades"}]},{"@type":"WebSite","@id":"https:\/\/empirecustomwindows.com\/#website","url":"https:\/\/empirecustomwindows.com\/","name":"Empire Custom Windows","description":"","publisher":{"@id":"https:\/\/empirecustomwindows.com\/#organization"},"potentialAction":[{"@type":"SearchAction","target":{"@type":"EntryPoint","urlTemplate":"https:\/\/empirecustomwindows.com\/?s={search_term_string}"},"query-input":{"@type":"PropertyValueSpecification","valueRequired":true,"valueName":"search_term_string"}}],"inLanguage":"pt-BR"},{"@type":"Organization","@id":"https:\/\/empirecustomwindows.com\/#organization","name":"Empire Custom Windows","url":"https:\/\/empirecustomwindows.com\/","logo":{"@type":"ImageObject","inLanguage":"pt-BR","@id":"https:\/\/empirecustomwindows.com\/#\/schema\/logo\/image\/","url":"https:\/\/empirecustomwindows.com\/wp-content\/uploads\/2023\/04\/newhighlightlogo.png","contentUrl":"https:\/\/empirecustomwindows.com\/wp-content\/uploads\/2023\/04\/newhighlightlogo.png","width":200,"height":60,"caption":"Empire Custom Windows"},"image":{"@id":"https:\/\/empirecustomwindows.com\/#\/schema\/logo\/image\/"},"sameAs":["https:\/\/www.facebook.com\/empirecustomwindows\/","https:\/\/www.yelp.com\/biz\/empire-custom-windows-new-york-2"]}]}},"_links":{"self":[{"href":"https:\/\/empirecustomwindows.com\/pt\/wp-json\/wp\/v2\/pages\/5839","targetHints":{"allow":["GET"]}}],"collection":[{"href":"https:\/\/empirecustomwindows.com\/pt\/wp-json\/wp\/v2\/pages"}],"about":[{"href":"https:\/\/empirecustomwindows.com\/pt\/wp-json\/wp\/v2\/types\/page"}],"author":[{"embeddable":true,"href":"https:\/\/empirecustomwindows.com\/pt\/wp-json\/wp\/v2\/users\/5"}],"replies":[{"embeddable":true,"href":"https:\/\/empirecustomwindows.com\/pt\/wp-json\/wp\/v2\/comments?post=5839"}],"version-history":[{"count":2,"href":"https:\/\/empirecustomwindows.com\/pt\/wp-json\/wp\/v2\/pages\/5839\/revisions"}],"predecessor-version":[{"id":5846,"href":"https:\/\/empirecustomwindows.com\/pt\/wp-json\/wp\/v2\/pages\/5839\/revisions\/5846"}],"wp:featuredmedia":[{"embeddable":true,"href":"https:\/\/empirecustomwindows.com\/pt\/wp-json\/wp\/v2\/media\/5845"}],"wp:attachment":[{"href":"https:\/\/empirecustomwindows.com\/pt\/wp-json\/wp\/v2\/media?parent=5839"}],"curies":[{"name":"wp","href":"https:\/\/api.w.org\/{rel}","templated":true}]}}