{"id":2320,"date":"2023-04-05T09:10:59","date_gmt":"2023-04-05T09:10:59","guid":{"rendered":"https:\/\/empirecustomwindows.com\/?page_id=2320"},"modified":"2023-04-19T07:56:32","modified_gmt":"2023-04-19T07:56:32","slug":"interior-design","status":"publish","type":"page","link":"https:\/\/empirecustomwindows.com\/vi\/danh-muc-dau-tu\/thiet-ke-noi-that\/","title":{"rendered":"Thi\u1ebft k\u1ebf n\u1ed9i th\u1ea5t"},"content":{"rendered":"<div data-elementor-type=\"wp-page\" data-elementor-id=\"2320\" class=\"elementor elementor-2320\" data-elementor-post-type=\"page\">\n\t\t\t\t\t\t<section class=\"elementor-section elementor-top-section elementor-element elementor-element-fcb4752 elementor-section-full_width elementor-section-height-min-height elementor-section-stretched elementor-section-height-default elementor-section-items-middle\" data-id=\"fcb4752\" data-element_type=\"section\" data-settings=\"{&quot;stretch_section&quot;:&quot;section-stretched&quot;,&quot;background_background&quot;:&quot;classic&quot;}\">\n\t\t\t\t\t\t<div class=\"elementor-container elementor-column-gap-no\">\n\t\t\t\t\t<div class=\"elementor-column elementor-col-100 elementor-top-column elementor-element elementor-element-b4002e6\" data-id=\"b4002e6\" data-element_type=\"column\">\n\t\t\t<div class=\"elementor-widget-wrap elementor-element-populated\">\n\t\t\t\t\t\t<div class=\"elementor-element elementor-element-bc408de elementor-widget elementor-widget-heading\" data-id=\"bc408de\" data-element_type=\"widget\" data-widget_type=\"heading.default\">\n\t\t\t\t<div class=\"elementor-widget-container\">\n\t\t\t<style>\/*! elementor - v3.22.0 - 26-06-2024 *\/\n.elementor-heading-title{padding:0;margin:0;line-height:1}.elementor-widget-heading .elementor-heading-title[class*=elementor-size-]>a{color:inherit;font-size:inherit;line-height:inherit}.elementor-widget-heading .elementor-heading-title.elementor-size-small{font-size:15px}.elementor-widget-heading .elementor-heading-title.elementor-size-medium{font-size:19px}.elementor-widget-heading .elementor-heading-title.elementor-size-large{font-size:29px}.elementor-widget-heading .elementor-heading-title.elementor-size-xl{font-size:39px}.elementor-widget-heading .elementor-heading-title.elementor-size-xxl{font-size:59px}<\/style><h2 class=\"elementor-heading-title elementor-size-default\">Thi\u1ebft k\u1ebf n\u1ed9i th\u1ea5t<\/h2>\t\t<\/div>\n\t\t\t\t<\/div>\n\t\t\t\t\t<\/div>\n\t\t<\/div>\n\t\t\t\t\t<\/div>\n\t\t<\/section>\n\t\t\t\t<section class=\"elementor-section elementor-top-section elementor-element elementor-element-b61246e elementor-section-boxed elementor-section-height-default elementor-section-height-default\" data-id=\"b61246e\" data-element_type=\"section\">\n\t\t\t\t\t\t<div class=\"elementor-container elementor-column-gap-default\">\n\t\t\t\t\t<div class=\"elementor-column elementor-col-100 elementor-top-column elementor-element elementor-element-3b12c7e\" data-id=\"3b12c7e\" data-element_type=\"column\" data-settings=\"{&quot;background_background&quot;:&quot;classic&quot;}\">\n\t\t\t<div class=\"elementor-widget-wrap elementor-element-populated\">\n\t\t\t\t\t\t<div class=\"elementor-element elementor-element-b8cd306 elementor-widget elementor-widget-heading\" data-id=\"b8cd306\" data-element_type=\"widget\" data-widget_type=\"heading.default\">\n\t\t\t\t<div class=\"elementor-widget-container\">\n\t\t\t<h2 class=\"elementor-heading-title elementor-size-default\">H\u00c3Y \u0110\u1ec2 CH\u00daNG T\u00d4I THI\u1ebeT K\u1ebe C\u1eecA S\u1ed4 C\u1ee6A B\u1ea0N!<\/h2>\t\t<\/div>\n\t\t\t\t<\/div>\n\t\t\t\t<div class=\"elementor-element elementor-element-3b82cb7 elementor-widget elementor-widget-text-editor\" data-id=\"3b82cb7\" data-element_type=\"widget\" data-widget_type=\"text-editor.default\">\n\t\t\t\t<div class=\"elementor-widget-container\">\n\t\t\t<style>\/*! elementor - v3.22.0 - 26-06-2024 *\/\n.elementor-widget-text-editor.elementor-drop-cap-view-stacked .elementor-drop-cap{background-color:#69727d;color:#fff}.elementor-widget-text-editor.elementor-drop-cap-view-framed .elementor-drop-cap{color:#69727d;border:3px solid;background-color:transparent}.elementor-widget-text-editor:not(.elementor-drop-cap-view-default) .elementor-drop-cap{margin-top:8px}.elementor-widget-text-editor:not(.elementor-drop-cap-view-default) .elementor-drop-cap-letter{width:1em;height:1em}.elementor-widget-text-editor .elementor-drop-cap{float:left;text-align:center;line-height:1;font-size:50px}.elementor-widget-text-editor .elementor-drop-cap-letter{display:inline-block}<\/style>\t\t\t\t<p>B\u1ea1n m\u1ec7t m\u1ecfi v\u1edbi di\u1ec7n m\u1ea1o hi\u1ec7n t\u1ea1i c\u1ee7a c\u0103n ph\u00f2ng ho\u1eb7c v\u0103n ph\u00f2ng c\u1ee7a m\u00ecnh v\u00e0 kh\u00f4ng bi\u1ebft n\u00f3 c\u1ea7n thay \u0111\u1ed5i g\u00ec? C\u0103ng th\u1eb3ng kh\u00f4ng c\u00f2n n\u1eefa; Empire Custom Windows lu\u00f4n s\u1eb5n s\u00e0ng ph\u1ee5c v\u1ee5 b\u1ea1n \u0111\u1ec3 h\u01b0\u1edbng d\u1eabn b\u1ea1n m\u1ed9t c\u00e1ch ch\u00ednh x\u00e1c trong vi\u1ec7c quy\u1ebft \u0111\u1ecbnh, s\u00e1ng t\u1ea1o v\u00e0 \u0111\u01b0a ra l\u1ef1a ch\u1ecdn ph\u00f9 h\u1ee3p cho c\u0103n ph\u00f2ng, ng\u00f4i nh\u00e0 ho\u1eb7c v\u0103n ph\u00f2ng c\u1ee7a b\u1ea1n. Th\u00f4ng th\u01b0\u1eddng, m\u1ecdi ng\u01b0\u1eddi coi \u0111\u00f3 l\u00e0 m\u1ed9t r\u1eafc r\u1ed1i kh\u00f4ng c\u1ea7n thi\u1ebft v\u00e0 h\u00e3y \u0111\u1ec3 mong mu\u1ed1n thay \u0111\u1ed5i c\u1ee7a h\u1ecd l\u1ee5i t\u00e0n, \u0111i\u1ec1u \u0111\u00f3 kh\u00f4ng nh\u1ea5t thi\u1ebft ph\u1ea3i d\u00e0nh cho b\u1ea1n. Vi\u1ec7c gi\u00fap ch\u00fang t\u00f4i l\u1ef1a ch\u1ecdn ng\u01b0\u1ee3c l\u1ea1i s\u1ebd cho ph\u00e9p b\u1ea1n tham kh\u1ea3o \u00fd ki\u1ebfn c\u1ee7a c\u1ea3 nh\u00e0 thi\u1ebft k\u1ebf n\u1ed9i th\u1ea5t b\u00ean trong c\u1ee7a b\u1ea1n c\u0169ng nh\u01b0 c\u1ee7a ch\u00fang t\u00f4i, nh\u1eefng ng\u01b0\u1eddi ch\u1ec9 \u0111\u01a1n thu\u1ea7n \u0111\u01b0a ra nh\u1eefng g\u00ec b\u1ea1n th\u1ef1c s\u1ef1 mu\u1ed1n l\u00e0m.<br \/>\u0110\u1ec3 gi\u1ea3m b\u1edbt th\u1eddi gian nh\u01b0ng c\u0169ng kh\u00f4ng v\u1ed9i v\u00e3, h\u00e3y d\u00e0nh th\u1eddi gian thi\u1ebft k\u1ebf ng\u00f4i nh\u00e0 ho\u1eb7c v\u0103n ph\u00f2ng c\u1ee7a b\u1ea1n. Qu\u00e1 tr\u00ecnh th\u1ef1c hi\u1ec7n t\u1eebng b\u01b0\u1edbc s\u1ebd m\u1ea5t m\u1ed9t ch\u1eb7ng \u0111\u01b0\u1eddng d\u00e0i v\u00e0 do \u0111\u00f3, vi\u1ec7c quy\u1ebft \u0111\u1ecbnh m\u1ed9t \u0111i\u1ec1u c\u1ee5 th\u1ec3 tr\u01b0\u1edbc ti\u00ean c\u00f3 th\u1ec3 gi\u00fap b\u1ea1n kh\u00f4ng c\u1ea3m th\u1ea5y m\u1ed9t s\u1ef1 thay \u0111\u1ed5i \u0111\u1ed9t ng\u1ed9t c\u00f3 th\u1ec3 l\u00e0m gi\u00e1n \u0111o\u1ea1n s\u1ef1 tho\u1ea3i m\u00e1i c\u1ee7a b\u1ea1n.<br \/>T\u00f9y thu\u1ed9c v\u00e0o nh\u1eefng th\u1ee9 b\u1ea1n mu\u1ed1n thay \u0111\u1ed5i, cho d\u00f9 \u0111\u00f3 ch\u1ec9 l\u00e0 m\u1ed9t ph\u00f2ng \u0111\u01a1n, m\u1ed9t v\u0103n ph\u00f2ng hay m\u1ed9t ng\u00f4i nh\u00e0 m\u1edbi m\u00e0 b\u1ea1n \u0111ang x\u00e2y d\u1ef1ng, \u0111\u00e2y l\u00e0 nh\u1eefng d\u1ecbch v\u1ee5 sau \u0111\u00e2y do Empire Custom Windows cung c\u1ea5p trong thi\u1ebft k\u1ebf n\u1ed9i th\u1ea5t s\u1ebd gi\u00fap b\u1ea1n t\u1ecfa s\u00e1ng trong m\u1ecdi c\u0103n ph\u00f2ng!<\/p>\t\t\t\t\t\t<\/div>\n\t\t\t\t<\/div>\n\t\t\t\t\t<\/div>\n\t\t<\/div>\n\t\t\t\t\t<\/div>\n\t\t<\/section>\n\t\t\t\t<section class=\"elementor-section elementor-top-section elementor-element elementor-element-ed6038c elementor-section-boxed elementor-section-height-default elementor-section-height-default\" data-id=\"ed6038c\" data-element_type=\"section\">\n\t\t\t\t\t\t<div class=\"elementor-container elementor-column-gap-default\">\n\t\t\t\t\t<div class=\"elementor-column elementor-col-100 elementor-top-column elementor-element elementor-element-0f76ad1\" data-id=\"0f76ad1\" data-element_type=\"column\" data-settings=\"{&quot;background_background&quot;:&quot;classic&quot;}\">\n\t\t\t<div class=\"elementor-widget-wrap elementor-element-populated\">\n\t\t\t\t\t<div class=\"elementor-background-overlay\"><\/div>\n\t\t\t\t\t\t<section class=\"elementor-section elementor-inner-section elementor-element elementor-element-c98f325 elementor-section-boxed elementor-section-height-default elementor-section-height-default\" data-id=\"c98f325\" data-element_type=\"section\">\n\t\t\t\t\t\t<div class=\"elementor-container elementor-column-gap-default\">\n\t\t\t\t\t<div class=\"elementor-column elementor-col-50 elementor-inner-column elementor-element elementor-element-72515b6\" data-id=\"72515b6\" data-element_type=\"column\">\n\t\t\t<div class=\"elementor-widget-wrap elementor-element-populated\">\n\t\t\t\t\t\t<div class=\"elementor-element elementor-element-2176dd3 elementor-widget elementor-widget-heading\" data-id=\"2176dd3\" data-element_type=\"widget\" data-widget_type=\"heading.default\">\n\t\t\t\t<div class=\"elementor-widget-container\">\n\t\t\t<h2 class=\"elementor-heading-title elementor-size-default\">Nh\u1eadn \u01b0\u1edbc t\u00ednh MI\u1ec4N PH\u00cd<\/h2>\t\t<\/div>\n\t\t\t\t<\/div>\n\t\t\t\t<div class=\"elementor-element elementor-element-d8afcb1 elementor-widget elementor-widget-text-editor\" data-id=\"d8afcb1\" data-element_type=\"widget\" data-widget_type=\"text-editor.default\">\n\t\t\t\t<div class=\"elementor-widget-container\">\n\t\t\t\t\t\t\t<div class=\"large-8 columns\"><p>C\u00f3 m\u1ed9t nh\u00e0 t\u01b0 v\u1ea5n thi\u1ebft k\u1ebf chuy\u00ean nghi\u1ec7p cung c\u1ea5p cho b\u1ea1n c\u00e2u tr\u1ea3 l\u1eddi v\u00e0 chuy\u00ean m\u00f4n \u0111\u1ec3 hi\u1ec7n th\u1ef1c h\u00f3a d\u1ef1 \u00e1n c\u1ee7a b\u1ea1n<\/p><\/div>\t\t\t\t\t\t<\/div>\n\t\t\t\t<\/div>\n\t\t\t\t\t<\/div>\n\t\t<\/div>\n\t\t\t\t<div class=\"elementor-column elementor-col-50 elementor-inner-column elementor-element elementor-element-bb26a08\" data-id=\"bb26a08\" data-element_type=\"column\">\n\t\t\t<div class=\"elementor-widget-wrap elementor-element-populated\">\n\t\t\t\t\t\t<div class=\"elementor-element elementor-element-10377ee elementor-widget__width-initial c_button1 elementor-widget elementor-widget-button\" data-id=\"10377ee\" data-element_type=\"widget\" data-widget_type=\"button.default\">\n\t\t\t\t<div class=\"elementor-widget-container\">\n\t\t\t\t\t<div class=\"elementor-button-wrapper\">\n\t\t\t<a class=\"elementor-button elementor-button-link elementor-size-sm\" href=\"#\">\n\t\t\t\t\t\t<span class=\"elementor-button-content-wrapper\">\n\t\t\t\t\t\t\t\t\t<span class=\"elementor-button-text\">\u0110\u0103\u0323t b\u00e2y gi\u1edd<\/span>\n\t\t\t\t\t<\/span>\n\t\t\t\t\t<\/a>\n\t\t<\/div>\n\t\t\t\t<\/div>\n\t\t\t\t<\/div>\n\t\t\t\t\t<\/div>\n\t\t<\/div>\n\t\t\t\t\t<\/div>\n\t\t<\/section>\n\t\t\t\t\t<\/div>\n\t\t<\/div>\n\t\t\t\t\t<\/div>\n\t\t<\/section>\n\t\t\t\t<section class=\"elementor-section elementor-top-section elementor-element elementor-element-0c09873 elementor-section-boxed elementor-section-height-default elementor-section-height-default\" data-id=\"0c09873\" data-element_type=\"section\">\n\t\t\t\t\t\t<div class=\"elementor-container elementor-column-gap-default\">\n\t\t\t\t\t<div class=\"elementor-column elementor-col-100 elementor-top-column elementor-element elementor-element-e7a8c21\" data-id=\"e7a8c21\" data-element_type=\"column\">\n\t\t\t<div class=\"elementor-widget-wrap elementor-element-populated\">\n\t\t\t\t\t\t<div class=\"elementor-element elementor-element-f84ed42 elementor-widget elementor-widget-heading\" data-id=\"f84ed42\" data-element_type=\"widget\" data-widget_type=\"heading.default\">\n\t\t\t\t<div class=\"elementor-widget-container\">\n\t\t\t<h2 class=\"elementor-heading-title elementor-size-default\">c\u00e1c c\u1eeda s\u1ed5<\/h2>\t\t<\/div>\n\t\t\t\t<\/div>\n\t\t\t\t<div class=\"elementor-element elementor-element-55bd569 elementor-widget elementor-widget-text-editor\" data-id=\"55bd569\" data-element_type=\"widget\" data-widget_type=\"text-editor.default\">\n\t\t\t\t<div class=\"elementor-widget-container\">\n\t\t\t\t\t\t\t<p>C\u00e1ch x\u1eed l\u00fd \u0111\u1ed9c quy\u1ec1n do Empire Custom Windows cung c\u1ea5p l\u00e0 ch\u00fang t\u00f4i c\u00f3 th\u1ec3 l\u00e0m n\u00ean \u0111i\u1ec1u k\u1ef3 di\u1ec7u v\u1edbi c\u00e1c c\u1eeda s\u1ed5, v\u0103n ph\u00f2ng ho\u1eb7c nh\u00e0 ri\u00eang. Cho d\u00f9 \u0111\u00f3 l\u00e0 nh\u00ecn ra ngo\u00e0i hay nh\u00ecn v\u00e0o trong, m\u1ed9t c\u1eeda s\u1ed5 ph\u1ea3i t\u1ecfa ra c\u1ea3m gi\u00e1c ch\u00ednh x\u00e1c m\u00e0 b\u1ea1n mong mu\u1ed1n v\u00e0 c\u0169ng g\u00f3p ph\u1ea7n duy tr\u00ec s\u1ef1 ri\u00eang t\u01b0 cho trung t\u00e2m c\u1ee7a b\u1ea1n. T\u00f9y thu\u1ed9c v\u00e0o s\u1ef1 l\u1ef1a ch\u1ecdn c\u1ee7a b\u1ea1n, c\u00f3 nhi\u1ec1u ph\u1ea7n m\u00e0 b\u1ea1n c\u00f3 th\u1ec3 th\u1ef1c hi\u1ec7n \u0111\u1ec3 th\u00eam n\u00e9t, tr\u1ea1ng th\u00e1i, m\u00e0u s\u1eafc v\u00e0 s\u1ef1 xa hoa cho kh\u00f4ng gian s\u1ed1ng c\u1ee7a m\u00ecnh.<br \/>C\u00f3 s\u1eb5n t\u1ea1i d\u1ecbch v\u1ee5 c\u1ee7a b\u1ea1n<\/p><p>R\u00e8m- r\u00e8m t\u1ef1 nhi\u00ean ho\u1eb7c r\u00e8m th\u1ee7 c\u00f4ng, R\u00e8m- r\u00e8m d\u1ecdc, gi\u1ea3 g\u1ed7, g\u1ed7 v\u00e0 nh\u00f4m, R\u00e8m- r\u00e8m, r\u00e8m roman, tr\u01b0\u1ee3t, x\u1ebfp n\u1ebfp, n\u0103ng l\u01b0\u1ee3ng m\u1eb7t tr\u1eddi, nhi\u1ec1u l\u1edbp v\u00e0 t\u1ef1 nhi\u00ean, v.v. \u0111\u01b0\u1ee3c cung c\u1ea5p t\u1ea1i Empire Custom Windows \u0111\u1ec3 t\u1eadn d\u1ee5ng t\u1ed1i \u0111a c\u1eeda s\u1ed5 b\u00ean trong c\u1ee7a b\u1ea1n c\u0169ng nh\u01b0 ra ngo\u00e0i.<br \/>Ch\u00fang t\u00f4i \u0111\u1ea3m b\u1ea3o r\u1eb1ng c\u00e1c s\u1ea3n ph\u1ea9m v\u00e0 d\u1ecbch v\u1ee5 c\u1ee7a ch\u00fang t\u00f4i kh\u00f4ng ch\u1ec9 t\u1ea1o ra t\u00e1c \u0111\u1ed9ng \u0111\u1ebfn c\u1eeda s\u1ed5 ho\u1eb7c c\u0103n ph\u00f2ng c\u1ee7a b\u1ea1n m\u00e0 c\u00f2n thu h\u00fat m\u1ecdi \u00e1nh nh\u00ecn khi nh\u00ecn v\u00e0o \u0111\u1ed3 trang tr\u00ed ho\u1eb7c thi\u1ebft k\u1ebf n\u1ed9i th\u1ea5t c\u1ee5 th\u1ec3. M\u1ed9t c\u0103n ph\u00f2ng ph\u1ea3i t\u1ea1o ra rung c\u1ea3m c\u1ee7a b\u1ea1n, t\u1eeb t\u01b0\u1eddng, tr\u1ea7n \u0111\u1ebfn s\u00e0n, \u0111\u1ec3 ph\u00eda ng\u01b0\u1eddi m\u00f9 giao ti\u1ebfp v\u00e0 truy\u1ec1n c\u1ea3m x\u00fac c\u1ee7a b\u1ea1n l\u00ean b\u1ee9c tranh v\u1ebd ng\u00f4i nh\u00e0 c\u1ee7a b\u1ea1n m\u1ed9t c\u00e1ch \u0111\u1eb9p m\u1eaft. H\u00e3y \u0111\u1ec3 n\u00f3 x\u1ea3y ra, thay \u0111\u1ed5i, l\u00e0m d\u1ecbu t\u00e2m tr\u1ea1ng ho\u1eb7c l\u00e0m t\u00e2m tr\u1ea1ng u \u00e1m ho\u1eb7c ch\u1ec9 t\u00e1i t\u1ea1o l\u1ea1i ho\u00e0n to\u00e0n t\u00e2m tr\u1ea1ng.<\/p><p>N\u1ebfu b\u1ea1n mu\u1ed1n t\u00ecm hi\u1ec3u th\u00eam v\u1ec1 c\u00f4ng ty c\u1ee7a ch\u00fang t\u00f4i ho\u1eb7c mu\u1ed1n \u0111\u1eb7t l\u1ecbch h\u1eb9n v\u1edbi \u0111\u1ed9i ng\u0169 gi\u00e0u kinh nghi\u1ec7m c\u1ee7a ch\u00fang t\u00f4i, b\u1ea1n c\u00f3 th\u1ec3 li\u00ean h\u1ec7 v\u1edbi ch\u00fang t\u00f4i ngay b\u00e2y gi\u1edd v\u00e0 n\u00f3i chuy\u1ec7n v\u1edbi \u0111\u1ed9i ng\u0169 nh\u00e2n vi\u00ean th\u00e2n thi\u1ec7n c\u1ee7a ch\u00fang t\u00f4i. Nh\u00f3m c\u1ee7a ch\u00fang t\u00f4i s\u1ebd \u0111\u1ea3m b\u1ea3o r\u1eb1ng t\u1ea5t c\u1ea3 c\u00e1c c\u00e2u h\u1ecfi c\u1ee7a b\u1ea1n \u0111\u1ec1u \u0111\u01b0\u1ee3c gi\u1ea3i \u0111\u00e1p v\u00e0 kh\u00f4ng c\u00f2n s\u1ef1 nh\u1ea7m l\u1eabn n\u00e0o. B\u1ea1n c\u0169ng c\u00f3 th\u1ec3 t\u00ecm th\u1ea5y v\u1ecb tr\u00ed c\u1ee7a m\u00ecnh v\u00e0 thi\u1ebft l\u1eadp m\u1ed9t cu\u1ed9c h\u1eb9n v\u1edbi ch\u00fang t\u00f4i. Ch\u00fang t\u00f4i s\u1ebd c\u1ed1 g\u1eafng li\u00ean l\u1ea1c v\u1edbi b\u1ea1n s\u1edbm nh\u1ea5t.<\/p>\t\t\t\t\t\t<\/div>\n\t\t\t\t<\/div>\n\t\t\t\t\t<\/div>\n\t\t<\/div>\n\t\t\t\t\t<\/div>\n\t\t<\/section>\n\t\t\t\t<\/div>","protected":false},"excerpt":{"rendered":"<p>Interior Design LET US DESIGN YOUR WINDOWS! Tired of the current look of your room or office and are clueless to what change it needs? Stress no more; The Empire Custom Windows is available at your service to rightfully guide you in deciding, creating and making the right choice for your room, house or an [&hellip;]<\/p>","protected":false},"author":3,"featured_media":0,"parent":5349,"menu_order":0,"comment_status":"closed","ping_status":"closed","template":"elementor_header_footer","meta":{"_monsterinsights_skip_tracking":false,"_monsterinsights_sitenote_active":false,"_monsterinsights_sitenote_note":"","_monsterinsights_sitenote_category":0,"two_page_speed":[],"footnotes":""},"class_list":["post-2320","page","type-page","status-publish","hentry"],"yoast_head":"<!-- This site is optimized with the Yoast SEO plugin v27.3 - https:\/\/yoast.com\/product\/yoast-seo-wordpress\/ -->\n<title>Interior Design - Empire Custom Windows<\/title>\n<meta name=\"robots\" content=\"index, follow, max-snippet:-1, max-image-preview:large, max-video-preview:-1\" \/>\n<link rel=\"canonical\" href=\"https:\/\/empirecustomwindows.com\/vi\/danh-muc-dau-tu\/thiet-ke-noi-that\/\" \/>\n<meta property=\"og:locale\" content=\"vi_VN\" \/>\n<meta property=\"og:type\" content=\"article\" \/>\n<meta property=\"og:title\" content=\"Interior Design - Empire Custom Windows\" \/>\n<meta property=\"og:description\" content=\"Interior Design LET US DESIGN YOUR WINDOWS! Tired of the current look of your room or office and are clueless to what change it needs? Stress no more; The Empire Custom Windows is available at your service to rightfully guide you in deciding, creating and making the right choice for your room, house or an [&hellip;]\" \/>\n<meta property=\"og:url\" content=\"https:\/\/empirecustomwindows.com\/vi\/danh-muc-dau-tu\/thiet-ke-noi-that\/\" \/>\n<meta property=\"og:site_name\" content=\"Empire Custom Windows\" \/>\n<meta property=\"article:publisher\" content=\"https:\/\/www.facebook.com\/empirecustomwindows\/\" \/>\n<meta name=\"twitter:card\" content=\"summary_large_image\" \/>\n<meta name=\"twitter:label1\" content=\"\u01af\u1edbc t\u00ednh th\u1eddi gian \u0111\u1ecdc\" \/>\n\t<meta name=\"twitter:data1\" content=\"3 ph\u00fat\" \/>\n<!-- \/ Yoast SEO plugin. -->","yoast_head_json":{"title":"Interior Design - Empire Custom Windows","robots":{"index":"index","follow":"follow","max-snippet":"max-snippet:-1","max-image-preview":"max-image-preview:large","max-video-preview":"max-video-preview:-1"},"canonical":"https:\/\/empirecustomwindows.com\/vi\/danh-muc-dau-tu\/thiet-ke-noi-that\/","og_locale":"vi_VN","og_type":"article","og_title":"Interior Design - Empire Custom Windows","og_description":"Interior Design LET US DESIGN YOUR WINDOWS! Tired of the current look of your room or office and are clueless to what change it needs? Stress no more; The Empire Custom Windows is available at your service to rightfully guide you in deciding, creating and making the right choice for your room, house or an [&hellip;]","og_url":"https:\/\/empirecustomwindows.com\/vi\/danh-muc-dau-tu\/thiet-ke-noi-that\/","og_site_name":"Empire Custom Windows","article_publisher":"https:\/\/www.facebook.com\/empirecustomwindows\/","twitter_card":"summary_large_image","twitter_misc":{"\u01af\u1edbc t\u00ednh th\u1eddi gian \u0111\u1ecdc":"3 ph\u00fat"},"schema":{"@context":"https:\/\/schema.org","@graph":[{"@type":"WebPage","@id":"https:\/\/empirecustomwindows.com\/portfolio\/interior-design\/","url":"https:\/\/empirecustomwindows.com\/portfolio\/interior-design\/","name":"Interior Design - Empire Custom Windows","isPartOf":{"@id":"https:\/\/empirecustomwindows.com\/#website"},"datePublished":"2023-04-05T09:10:59+00:00","dateModified":"2023-04-19T07:56:32+00:00","breadcrumb":{"@id":"https:\/\/empirecustomwindows.com\/portfolio\/interior-design\/#breadcrumb"},"inLanguage":"vi","potentialAction":[{"@type":"ReadAction","target":["https:\/\/empirecustomwindows.com\/portfolio\/interior-design\/"]}]},{"@type":"BreadcrumbList","@id":"https:\/\/empirecustomwindows.com\/portfolio\/interior-design\/#breadcrumb","itemListElement":[{"@type":"ListItem","position":1,"name":"Home","item":"https:\/\/empirecustomwindows.com\/"},{"@type":"ListItem","position":2,"name":"portfolio","item":"https:\/\/empirecustomwindows.com\/portfolio\/"},{"@type":"ListItem","position":3,"name":"Interior Design"}]},{"@type":"WebSite","@id":"https:\/\/empirecustomwindows.com\/#website","url":"https:\/\/empirecustomwindows.com\/","name":"Empire Custom Windows","description":"","publisher":{"@id":"https:\/\/empirecustomwindows.com\/#organization"},"potentialAction":[{"@type":"SearchAction","target":{"@type":"EntryPoint","urlTemplate":"https:\/\/empirecustomwindows.com\/?s={search_term_string}"},"query-input":{"@type":"PropertyValueSpecification","valueRequired":true,"valueName":"search_term_string"}}],"inLanguage":"vi"},{"@type":"Organization","@id":"https:\/\/empirecustomwindows.com\/#organization","name":"Empire Custom Windows","url":"https:\/\/empirecustomwindows.com\/","logo":{"@type":"ImageObject","inLanguage":"vi","@id":"https:\/\/empirecustomwindows.com\/#\/schema\/logo\/image\/","url":"https:\/\/empirecustomwindows.com\/wp-content\/uploads\/2023\/04\/newhighlightlogo.png","contentUrl":"https:\/\/empirecustomwindows.com\/wp-content\/uploads\/2023\/04\/newhighlightlogo.png","width":200,"height":60,"caption":"Empire Custom Windows"},"image":{"@id":"https:\/\/empirecustomwindows.com\/#\/schema\/logo\/image\/"},"sameAs":["https:\/\/www.facebook.com\/empirecustomwindows\/","https:\/\/www.yelp.com\/biz\/empire-custom-windows-new-york-2"]}]}},"_links":{"self":[{"href":"https:\/\/empirecustomwindows.com\/vi\/wp-json\/wp\/v2\/pages\/2320","targetHints":{"allow":["GET"]}}],"collection":[{"href":"https:\/\/empirecustomwindows.com\/vi\/wp-json\/wp\/v2\/pages"}],"about":[{"href":"https:\/\/empirecustomwindows.com\/vi\/wp-json\/wp\/v2\/types\/page"}],"author":[{"embeddable":true,"href":"https:\/\/empirecustomwindows.com\/vi\/wp-json\/wp\/v2\/users\/3"}],"replies":[{"embeddable":true,"href":"https:\/\/empirecustomwindows.com\/vi\/wp-json\/wp\/v2\/comments?post=2320"}],"version-history":[{"count":20,"href":"https:\/\/empirecustomwindows.com\/vi\/wp-json\/wp\/v2\/pages\/2320\/revisions"}],"predecessor-version":[{"id":5414,"href":"https:\/\/empirecustomwindows.com\/vi\/wp-json\/wp\/v2\/pages\/2320\/revisions\/5414"}],"up":[{"embeddable":true,"href":"https:\/\/empirecustomwindows.com\/vi\/wp-json\/wp\/v2\/pages\/5349"}],"wp:attachment":[{"href":"https:\/\/empirecustomwindows.com\/vi\/wp-json\/wp\/v2\/media?parent=2320"}],"curies":[{"name":"wp","href":"https:\/\/api.w.org\/{rel}","templated":true}]}}