{"id":2320,"date":"2023-04-05T09:10:59","date_gmt":"2023-04-05T09:10:59","guid":{"rendered":"https:\/\/empirecustomwindows.com\/?page_id=2320"},"modified":"2023-04-19T07:56:32","modified_gmt":"2023-04-19T07:56:32","slug":"interior-design","status":"publish","type":"page","link":"https:\/\/empirecustomwindows.com\/de\/portfolio\/innenarchitektur\/","title":{"rendered":"Innenarchitektur"},"content":{"rendered":"<div data-elementor-type=\"wp-page\" data-elementor-id=\"2320\" class=\"elementor elementor-2320\" data-elementor-post-type=\"page\">\n\t\t\t\t\t\t<section class=\"elementor-section elementor-top-section elementor-element elementor-element-fcb4752 elementor-section-full_width elementor-section-height-min-height elementor-section-stretched elementor-section-height-default elementor-section-items-middle\" data-id=\"fcb4752\" data-element_type=\"section\" data-settings=\"{&quot;stretch_section&quot;:&quot;section-stretched&quot;,&quot;background_background&quot;:&quot;classic&quot;}\">\n\t\t\t\t\t\t<div class=\"elementor-container elementor-column-gap-no\">\n\t\t\t\t\t<div class=\"elementor-column elementor-col-100 elementor-top-column elementor-element elementor-element-b4002e6\" data-id=\"b4002e6\" data-element_type=\"column\">\n\t\t\t<div class=\"elementor-widget-wrap elementor-element-populated\">\n\t\t\t\t\t\t<div class=\"elementor-element elementor-element-bc408de elementor-widget elementor-widget-heading\" data-id=\"bc408de\" data-element_type=\"widget\" data-widget_type=\"heading.default\">\n\t\t\t\t<div class=\"elementor-widget-container\">\n\t\t\t<style>\/*! elementor - v3.22.0 - 26-06-2024 *\/\n.elementor-heading-title{padding:0;margin:0;line-height:1}.elementor-widget-heading .elementor-heading-title[class*=elementor-size-]>a{color:inherit;font-size:inherit;line-height:inherit}.elementor-widget-heading .elementor-heading-title.elementor-size-small{font-size:15px}.elementor-widget-heading .elementor-heading-title.elementor-size-medium{font-size:19px}.elementor-widget-heading .elementor-heading-title.elementor-size-large{font-size:29px}.elementor-widget-heading .elementor-heading-title.elementor-size-xl{font-size:39px}.elementor-widget-heading .elementor-heading-title.elementor-size-xxl{font-size:59px}<\/style><h2 class=\"elementor-heading-title elementor-size-default\">Innenarchitektur<\/h2>\t\t<\/div>\n\t\t\t\t<\/div>\n\t\t\t\t\t<\/div>\n\t\t<\/div>\n\t\t\t\t\t<\/div>\n\t\t<\/section>\n\t\t\t\t<section class=\"elementor-section elementor-top-section elementor-element elementor-element-b61246e elementor-section-boxed elementor-section-height-default elementor-section-height-default\" data-id=\"b61246e\" data-element_type=\"section\">\n\t\t\t\t\t\t<div class=\"elementor-container elementor-column-gap-default\">\n\t\t\t\t\t<div class=\"elementor-column elementor-col-100 elementor-top-column elementor-element elementor-element-3b12c7e\" data-id=\"3b12c7e\" data-element_type=\"column\" data-settings=\"{&quot;background_background&quot;:&quot;classic&quot;}\">\n\t\t\t<div class=\"elementor-widget-wrap elementor-element-populated\">\n\t\t\t\t\t\t<div class=\"elementor-element elementor-element-b8cd306 elementor-widget elementor-widget-heading\" data-id=\"b8cd306\" data-element_type=\"widget\" data-widget_type=\"heading.default\">\n\t\t\t\t<div class=\"elementor-widget-container\">\n\t\t\t<h2 class=\"elementor-heading-title elementor-size-default\">LASSEN SIE UNS IHRE FENSTER GESTALTEN!<\/h2>\t\t<\/div>\n\t\t\t\t<\/div>\n\t\t\t\t<div class=\"elementor-element elementor-element-3b82cb7 elementor-widget elementor-widget-text-editor\" data-id=\"3b82cb7\" data-element_type=\"widget\" data-widget_type=\"text-editor.default\">\n\t\t\t\t<div class=\"elementor-widget-container\">\n\t\t\t<style>\/*! elementor - v3.22.0 - 26-06-2024 *\/\n.elementor-widget-text-editor.elementor-drop-cap-view-stacked .elementor-drop-cap{background-color:#69727d;color:#fff}.elementor-widget-text-editor.elementor-drop-cap-view-framed .elementor-drop-cap{color:#69727d;border:3px solid;background-color:transparent}.elementor-widget-text-editor:not(.elementor-drop-cap-view-default) .elementor-drop-cap{margin-top:8px}.elementor-widget-text-editor:not(.elementor-drop-cap-view-default) .elementor-drop-cap-letter{width:1em;height:1em}.elementor-widget-text-editor .elementor-drop-cap{float:left;text-align:center;line-height:1;font-size:50px}.elementor-widget-text-editor .elementor-drop-cap-letter{display:inline-block}<\/style>\t\t\t\t<p>Haben Sie genug vom aktuellen Aussehen Ihres Zimmers oder B\u00fcros und wissen nicht, welche \u00c4nderungen daran n\u00f6tig sind? Machen Sie keinen Stress mehr; Das Empire Custom Windows steht Ihnen zur Verf\u00fcgung, um Sie bei der Entscheidungsfindung, Gestaltung und dem Treffen der richtigen Wahl f\u00fcr Ihr Zimmer, Haus oder B\u00fcro zu unterst\u00fctzen. Oft empfinden die Zeitmenschen es als unn\u00f6tigen Aufwand und lassen ihren Wunsch nach Ver\u00e4nderung nach, es muss nicht unbedingt f\u00fcr Sie sein. Wenn Sie uns dabei helfen, sich f\u00fcr das Gegenteil zu entscheiden, k\u00f6nnen Sie sowohl Ihren inneren Innenarchitekten als auch unseren konsultieren, der lediglich herausstellt, was Sie wirklich tun m\u00f6chten.<br \/>Nehmen Sie sich Zeit f\u00fcr die Gestaltung Ihres Hauses oder B\u00fcros, damit Sie weniger Zeit verlieren, aber auch nicht in Eile sind. Ein Schritt-f\u00fcr-Schritt-Prozess ist ein langer Weg. Wenn Sie sich also zuerst f\u00fcr eine bestimmte Sache entscheiden, k\u00f6nnen Sie vermeiden, dass Sie eine pl\u00f6tzliche Ver\u00e4nderung sp\u00fcren, die Ihr Wohlbefinden beeintr\u00e4chtigen k\u00f6nnte.<br \/>Abh\u00e4ngig von den Dingen, die Sie \u00e4ndern m\u00f6chten, ob es sich nur um ein einzelnes Zimmer, ein B\u00fcro oder ein neues Haus handelt, an dem Sie arbeiten, finden Sie hier die folgenden Dienstleistungen von Empire Custom Windows im Bereich Innenarchitektur, die dazu beitragen, dass Sie in jedem Raum strahlen!<\/p>\t\t\t\t\t\t<\/div>\n\t\t\t\t<\/div>\n\t\t\t\t\t<\/div>\n\t\t<\/div>\n\t\t\t\t\t<\/div>\n\t\t<\/section>\n\t\t\t\t<section class=\"elementor-section elementor-top-section elementor-element elementor-element-ed6038c elementor-section-boxed elementor-section-height-default elementor-section-height-default\" data-id=\"ed6038c\" data-element_type=\"section\">\n\t\t\t\t\t\t<div class=\"elementor-container elementor-column-gap-default\">\n\t\t\t\t\t<div class=\"elementor-column elementor-col-100 elementor-top-column elementor-element elementor-element-0f76ad1\" data-id=\"0f76ad1\" data-element_type=\"column\" data-settings=\"{&quot;background_background&quot;:&quot;classic&quot;}\">\n\t\t\t<div class=\"elementor-widget-wrap elementor-element-populated\">\n\t\t\t\t\t<div class=\"elementor-background-overlay\"><\/div>\n\t\t\t\t\t\t<section class=\"elementor-section elementor-inner-section elementor-element elementor-element-c98f325 elementor-section-boxed elementor-section-height-default elementor-section-height-default\" data-id=\"c98f325\" data-element_type=\"section\">\n\t\t\t\t\t\t<div class=\"elementor-container elementor-column-gap-default\">\n\t\t\t\t\t<div class=\"elementor-column elementor-col-50 elementor-inner-column elementor-element elementor-element-72515b6\" data-id=\"72515b6\" data-element_type=\"column\">\n\t\t\t<div class=\"elementor-widget-wrap elementor-element-populated\">\n\t\t\t\t\t\t<div class=\"elementor-element elementor-element-2176dd3 elementor-widget elementor-widget-heading\" data-id=\"2176dd3\" data-element_type=\"widget\" data-widget_type=\"heading.default\">\n\t\t\t\t<div class=\"elementor-widget-container\">\n\t\t\t<h2 class=\"elementor-heading-title elementor-size-default\">Holen Sie sich einen KOSTENLOSEN Kostenvoranschlag<\/h2>\t\t<\/div>\n\t\t\t\t<\/div>\n\t\t\t\t<div class=\"elementor-element elementor-element-d8afcb1 elementor-widget elementor-widget-text-editor\" data-id=\"d8afcb1\" data-element_type=\"widget\" data-widget_type=\"text-editor.default\">\n\t\t\t\t<div class=\"elementor-widget-container\">\n\t\t\t\t\t\t\t<div class=\"large-8 columns\"><p>Lassen Sie sich von einem professionellen Designberater Antworten und das Fachwissen zur Umsetzung Ihrer Projekte geben<\/p><\/div>\t\t\t\t\t\t<\/div>\n\t\t\t\t<\/div>\n\t\t\t\t\t<\/div>\n\t\t<\/div>\n\t\t\t\t<div class=\"elementor-column elementor-col-50 elementor-inner-column elementor-element elementor-element-bb26a08\" data-id=\"bb26a08\" data-element_type=\"column\">\n\t\t\t<div class=\"elementor-widget-wrap elementor-element-populated\">\n\t\t\t\t\t\t<div class=\"elementor-element elementor-element-10377ee elementor-widget__width-initial c_button1 elementor-widget elementor-widget-button\" data-id=\"10377ee\" data-element_type=\"widget\" data-widget_type=\"button.default\">\n\t\t\t\t<div class=\"elementor-widget-container\">\n\t\t\t\t\t<div class=\"elementor-button-wrapper\">\n\t\t\t<a class=\"elementor-button elementor-button-link elementor-size-sm\" href=\"#\">\n\t\t\t\t\t\t<span class=\"elementor-button-content-wrapper\">\n\t\t\t\t\t\t\t\t\t<span class=\"elementor-button-text\">buchen Sie jetzt<\/span>\n\t\t\t\t\t<\/span>\n\t\t\t\t\t<\/a>\n\t\t<\/div>\n\t\t\t\t<\/div>\n\t\t\t\t<\/div>\n\t\t\t\t\t<\/div>\n\t\t<\/div>\n\t\t\t\t\t<\/div>\n\t\t<\/section>\n\t\t\t\t\t<\/div>\n\t\t<\/div>\n\t\t\t\t\t<\/div>\n\t\t<\/section>\n\t\t\t\t<section class=\"elementor-section elementor-top-section elementor-element elementor-element-0c09873 elementor-section-boxed elementor-section-height-default elementor-section-height-default\" data-id=\"0c09873\" data-element_type=\"section\">\n\t\t\t\t\t\t<div class=\"elementor-container elementor-column-gap-default\">\n\t\t\t\t\t<div class=\"elementor-column elementor-col-100 elementor-top-column elementor-element elementor-element-e7a8c21\" data-id=\"e7a8c21\" data-element_type=\"column\">\n\t\t\t<div class=\"elementor-widget-wrap elementor-element-populated\">\n\t\t\t\t\t\t<div class=\"elementor-element elementor-element-f84ed42 elementor-widget elementor-widget-heading\" data-id=\"f84ed42\" data-element_type=\"widget\" data-widget_type=\"heading.default\">\n\t\t\t\t<div class=\"elementor-widget-container\">\n\t\t\t<h2 class=\"elementor-heading-title elementor-size-default\">Windows<\/h2>\t\t<\/div>\n\t\t\t\t<\/div>\n\t\t\t\t<div class=\"elementor-element elementor-element-55bd569 elementor-widget elementor-widget-text-editor\" data-id=\"55bd569\" data-element_type=\"widget\" data-widget_type=\"text-editor.default\">\n\t\t\t\t<div class=\"elementor-widget-container\">\n\t\t\t\t\t\t\t<p>Die exklusive Behandlung von Empire Custom Windows besteht darin, dass wir Wunder mit Fenstern bewirken, egal ob im B\u00fcro oder Zuhause. Ganz gleich, ob Sie nach drau\u00dfen oder hineinschauen m\u00f6chten, ein Fenster sollte die richtige Atmosph\u00e4re ausstrahlen, die Sie sich w\u00fcnschen, und gleichzeitig dazu beitragen, die Privatsph\u00e4re Ihres Zuhauses zu wahren. Abh\u00e4ngig von Ihrer Wahl k\u00f6nnen Sie eine Reihe von Schritten vornehmen, um Ihrem Wohnraum Definition, Status, Farbe und Extravaganz zu verleihen.<br \/>Zu Ihren Diensten verf\u00fcgbar<\/p><p>Bei Empire Custom Windows werden Vorh\u00e4nge \u2013 nat\u00fcrliche oder handwerklich hergestellte Vorh\u00e4nge, Jalousien \u2013 Vertikal-, Kunstholz-, Holz- und Aluminiumjalousien, Jalousien \u2013 Waben-, Raff-, Schiebe-, Plissee-, Solar-, Schicht- und Naturjalousien usw. angeboten, damit Sie das Beste aus Ihrem Fenster im Inneren herausholen k\u00f6nnen sowie raus.<br \/>Wir sorgen daf\u00fcr, dass unsere Produkte und Dienstleistungen nicht nur an Ihrem Fenster oder Raum Eindruck machen, sondern auch jeden Blick auf sich ziehen, der auf die jeweilige Versch\u00f6nerung oder Inneneinrichtung f\u00e4llt. Ein Raum sollte Ihre Stimmung widerspiegeln, von den W\u00e4nden \u00fcber die Decke bis zum Boden, die blinde Seite kommunizieren lassen und Ihre Stimmung wunderbar auf die Leinwand Ihres Hauses \u00fcbertragen. Lassen Sie es geschehen, wagen Sie die Ver\u00e4nderung, hellen Sie die Stimmung auf, verdunkeln Sie sie oder stellen Sie die Stimmung einfach ganz neu her.<\/p><p>Wenn Sie mehr \u00fcber unser Unternehmen erfahren oder einen Termin mit unserem erfahrenen Team vereinbaren m\u00f6chten, k\u00f6nnen Sie jetzt Kontakt zu uns aufnehmen und mit unseren freundlichen Mitarbeitern sprechen. Unser Team stellt sicher, dass alle Ihre Fragen beantwortet werden und keine Verwirrung mehr entsteht. Sie k\u00f6nnen auch Ihren Standort finden und einen Termin mit uns vereinbaren. Wir werden versuchen, Sie schnellstm\u00f6glich zu erreichen.<\/p>\t\t\t\t\t\t<\/div>\n\t\t\t\t<\/div>\n\t\t\t\t\t<\/div>\n\t\t<\/div>\n\t\t\t\t\t<\/div>\n\t\t<\/section>\n\t\t\t\t<\/div>","protected":false},"excerpt":{"rendered":"<p>Interior Design LET US DESIGN YOUR WINDOWS! Tired of the current look of your room or office and are clueless to what change it needs? Stress no more; The Empire Custom Windows is available at your service to rightfully guide you in deciding, creating and making the right choice for your room, house or an [&hellip;]<\/p>","protected":false},"author":3,"featured_media":0,"parent":5349,"menu_order":0,"comment_status":"closed","ping_status":"closed","template":"elementor_header_footer","meta":{"_monsterinsights_skip_tracking":false,"_monsterinsights_sitenote_active":false,"_monsterinsights_sitenote_note":"","_monsterinsights_sitenote_category":0,"two_page_speed":[],"footnotes":""},"class_list":["post-2320","page","type-page","status-publish","hentry"],"yoast_head":"<!-- This site is optimized with the Yoast SEO plugin v27.3 - https:\/\/yoast.com\/product\/yoast-seo-wordpress\/ -->\n<title>Interior Design - Empire Custom Windows<\/title>\n<meta name=\"robots\" content=\"index, follow, max-snippet:-1, max-image-preview:large, max-video-preview:-1\" \/>\n<link rel=\"canonical\" href=\"https:\/\/empirecustomwindows.com\/de\/portfolio\/innenarchitektur\/\" \/>\n<meta property=\"og:locale\" content=\"de_DE\" \/>\n<meta property=\"og:type\" content=\"article\" \/>\n<meta property=\"og:title\" content=\"Interior Design - Empire Custom Windows\" \/>\n<meta property=\"og:description\" content=\"Interior Design LET US DESIGN YOUR WINDOWS! Tired of the current look of your room or office and are clueless to what change it needs? Stress no more; The Empire Custom Windows is available at your service to rightfully guide you in deciding, creating and making the right choice for your room, house or an [&hellip;]\" \/>\n<meta property=\"og:url\" content=\"https:\/\/empirecustomwindows.com\/de\/portfolio\/innenarchitektur\/\" \/>\n<meta property=\"og:site_name\" content=\"Empire Custom Windows\" \/>\n<meta property=\"article:publisher\" content=\"https:\/\/www.facebook.com\/empirecustomwindows\/\" \/>\n<meta name=\"twitter:card\" content=\"summary_large_image\" \/>\n<meta name=\"twitter:label1\" content=\"Gesch\u00e4tzte Lesezeit\" \/>\n\t<meta name=\"twitter:data1\" content=\"3\u00a0Minuten\" \/>\n<!-- \/ Yoast SEO plugin. -->","yoast_head_json":{"title":"Interior Design - Empire Custom Windows","robots":{"index":"index","follow":"follow","max-snippet":"max-snippet:-1","max-image-preview":"max-image-preview:large","max-video-preview":"max-video-preview:-1"},"canonical":"https:\/\/empirecustomwindows.com\/de\/portfolio\/innenarchitektur\/","og_locale":"de_DE","og_type":"article","og_title":"Interior Design - Empire Custom Windows","og_description":"Interior Design LET US DESIGN YOUR WINDOWS! Tired of the current look of your room or office and are clueless to what change it needs? Stress no more; The Empire Custom Windows is available at your service to rightfully guide you in deciding, creating and making the right choice for your room, house or an [&hellip;]","og_url":"https:\/\/empirecustomwindows.com\/de\/portfolio\/innenarchitektur\/","og_site_name":"Empire Custom Windows","article_publisher":"https:\/\/www.facebook.com\/empirecustomwindows\/","twitter_card":"summary_large_image","twitter_misc":{"Gesch\u00e4tzte Lesezeit":"3\u00a0Minuten"},"schema":{"@context":"https:\/\/schema.org","@graph":[{"@type":"WebPage","@id":"https:\/\/empirecustomwindows.com\/portfolio\/interior-design\/","url":"https:\/\/empirecustomwindows.com\/portfolio\/interior-design\/","name":"Interior Design - Empire Custom Windows","isPartOf":{"@id":"https:\/\/empirecustomwindows.com\/#website"},"datePublished":"2023-04-05T09:10:59+00:00","dateModified":"2023-04-19T07:56:32+00:00","breadcrumb":{"@id":"https:\/\/empirecustomwindows.com\/portfolio\/interior-design\/#breadcrumb"},"inLanguage":"de","potentialAction":[{"@type":"ReadAction","target":["https:\/\/empirecustomwindows.com\/portfolio\/interior-design\/"]}]},{"@type":"BreadcrumbList","@id":"https:\/\/empirecustomwindows.com\/portfolio\/interior-design\/#breadcrumb","itemListElement":[{"@type":"ListItem","position":1,"name":"Home","item":"https:\/\/empirecustomwindows.com\/"},{"@type":"ListItem","position":2,"name":"portfolio","item":"https:\/\/empirecustomwindows.com\/portfolio\/"},{"@type":"ListItem","position":3,"name":"Interior Design"}]},{"@type":"WebSite","@id":"https:\/\/empirecustomwindows.com\/#website","url":"https:\/\/empirecustomwindows.com\/","name":"Empire Custom Windows","description":"","publisher":{"@id":"https:\/\/empirecustomwindows.com\/#organization"},"potentialAction":[{"@type":"SearchAction","target":{"@type":"EntryPoint","urlTemplate":"https:\/\/empirecustomwindows.com\/?s={search_term_string}"},"query-input":{"@type":"PropertyValueSpecification","valueRequired":true,"valueName":"search_term_string"}}],"inLanguage":"de"},{"@type":"Organization","@id":"https:\/\/empirecustomwindows.com\/#organization","name":"Empire Custom Windows","url":"https:\/\/empirecustomwindows.com\/","logo":{"@type":"ImageObject","inLanguage":"de","@id":"https:\/\/empirecustomwindows.com\/#\/schema\/logo\/image\/","url":"https:\/\/empirecustomwindows.com\/wp-content\/uploads\/2023\/04\/newhighlightlogo.png","contentUrl":"https:\/\/empirecustomwindows.com\/wp-content\/uploads\/2023\/04\/newhighlightlogo.png","width":200,"height":60,"caption":"Empire Custom Windows"},"image":{"@id":"https:\/\/empirecustomwindows.com\/#\/schema\/logo\/image\/"},"sameAs":["https:\/\/www.facebook.com\/empirecustomwindows\/","https:\/\/www.yelp.com\/biz\/empire-custom-windows-new-york-2"]}]}},"_links":{"self":[{"href":"https:\/\/empirecustomwindows.com\/de\/wp-json\/wp\/v2\/pages\/2320","targetHints":{"allow":["GET"]}}],"collection":[{"href":"https:\/\/empirecustomwindows.com\/de\/wp-json\/wp\/v2\/pages"}],"about":[{"href":"https:\/\/empirecustomwindows.com\/de\/wp-json\/wp\/v2\/types\/page"}],"author":[{"embeddable":true,"href":"https:\/\/empirecustomwindows.com\/de\/wp-json\/wp\/v2\/users\/3"}],"replies":[{"embeddable":true,"href":"https:\/\/empirecustomwindows.com\/de\/wp-json\/wp\/v2\/comments?post=2320"}],"version-history":[{"count":20,"href":"https:\/\/empirecustomwindows.com\/de\/wp-json\/wp\/v2\/pages\/2320\/revisions"}],"predecessor-version":[{"id":5414,"href":"https:\/\/empirecustomwindows.com\/de\/wp-json\/wp\/v2\/pages\/2320\/revisions\/5414"}],"up":[{"embeddable":true,"href":"https:\/\/empirecustomwindows.com\/de\/wp-json\/wp\/v2\/pages\/5349"}],"wp:attachment":[{"href":"https:\/\/empirecustomwindows.com\/de\/wp-json\/wp\/v2\/media?parent=2320"}],"curies":[{"name":"wp","href":"https:\/\/api.w.org\/{rel}","templated":true}]}}