{"id":11,"date":"2023-04-04T06:37:32","date_gmt":"2023-04-04T06:37:32","guid":{"rendered":"https:\/\/empirecustomwindows.com\/?page_id=11"},"modified":"2024-06-27T01:37:40","modified_gmt":"2024-06-27T01:37:40","slug":"about-us-window-treatment-new-york","status":"publish","type":"page","link":"https:\/\/empirecustomwindows.com\/es_mx\/sobre-nosotros\/","title":{"rendered":"Sobre nosotros"},"content":{"rendered":"<h2>Sobre nosotros<\/h2>\n<p><img fetchpriority=\"high\" decoding=\"async\" src=\"https:\/\/empirecustomwindows.com\/wp-content\/uploads\/2023\/04\/Empire-Window-Treatment-Center-trusted-by-Homeadvisor-1.jpg\" sizes=\"(max-width: 570px) 100vw, 570px\" srcset=\"https:\/\/empirecustomwindows.com\/wp-content\/uploads\/2023\/04\/Empire-Window-Treatment-Center-trusted-by-Homeadvisor-1.jpg 570w, https:\/\/empirecustomwindows.com\/wp-content\/uploads\/2023\/04\/Empire-Window-Treatment-Center-trusted-by-Homeadvisor-1-300x195.jpg 300w\" alt=\"\" width=\"570\" height=\"370\" \/><\/p>\n<h2>ABOUT US | #1 Window Treatment New York<\/h2>\n<h2>Cuente con la excelencia y<br \/>\n\u00a1un historial s\u00f3lido!<\/h2>\n<p>We offer a wide range of quality window treatments including top brand manufacturer such as Hunter Douglas, Carole Fabrics, Comfortex, and more. We take pride in providing the highest quality Window Treatment <a href=\"https:\/\/en.wikipedia.org\/wiki\/New_York_City\">Nueva York<\/a> through our products and services, which you can proudly present to your family and friends.\u00a0Our unique system of working with our customers allows you to have an expert, knowledgeable professional provide sound advice and guidance in choosing the right treatments for your needs.<\/p>\n<p><a href=\"https:\/\/empirecustomwindows.com\/es_mx\/contactenos\/\"><br \/>\nReservar ahora<br \/>\n<\/a><br \/>\n<img decoding=\"async\" src=\"https:\/\/empirecustomwindows.com\/wp-content\/uploads\/2023\/04\/shape-12-2-2-1024x32.png\" sizes=\"(max-width: 800px) 100vw, 800px\" srcset=\"https:\/\/empirecustomwindows.com\/wp-content\/uploads\/2023\/04\/shape-12-2-2-1024x32.png 1024w, https:\/\/empirecustomwindows.com\/wp-content\/uploads\/2023\/04\/shape-12-2-2-300x10.png 300w, https:\/\/empirecustomwindows.com\/wp-content\/uploads\/2023\/04\/shape-12-2-2-768x24.png 768w, https:\/\/empirecustomwindows.com\/wp-content\/uploads\/2023\/04\/shape-12-2-2-1536x49.png 1536w, https:\/\/empirecustomwindows.com\/wp-content\/uploads\/2023\/04\/shape-12-2-2.png 1892w\" alt=\"\" width=\"800\" height=\"25\" \/><\/p>\n<h2>#1 Window Treatment New York| Empire Custom Windows<\/h2>\n<p>Desde que se fund\u00f3 Empire Custom Windows en 2008, nos hemos comprometido a ofrecer hogares y negocios excepcionales, c\u00f3modos e individuales que brinden un placer duradero. La atenci\u00f3n al detalle y el cuidado meticuloso de nuestro equipo creativo dan como resultado tratamientos de ventanas lujosos y personalizados que a menudo superan los sue\u00f1os de nuestros clientes. Realmente creemos que un tratamiento de ventanas de buena calidad mejora la vida y lo ofrecemos en cada proyecto que emprendemos. Cada proyecto se ejecuta a la perfecci\u00f3n y tiene un acabado hermoso, sin importar cu\u00e1n grande o peque\u00f1o sea.<\/p>\n<p><img decoding=\"async\" src=\"https:\/\/empirecustomwindows.com\/wp-content\/uploads\/2023\/04\/shape-12-2-1-1024x32.png\" sizes=\"(max-width: 800px) 100vw, 800px\" srcset=\"https:\/\/empirecustomwindows.com\/wp-content\/uploads\/2023\/04\/shape-12-2-1-1024x32.png 1024w, https:\/\/empirecustomwindows.com\/wp-content\/uploads\/2023\/04\/shape-12-2-1-300x10.png 300w, https:\/\/empirecustomwindows.com\/wp-content\/uploads\/2023\/04\/shape-12-2-1-768x24.png 768w, https:\/\/empirecustomwindows.com\/wp-content\/uploads\/2023\/04\/shape-12-2-1-1536x49.png 1536w, https:\/\/empirecustomwindows.com\/wp-content\/uploads\/2023\/04\/shape-12-2-1.png 1892w\" alt=\"\" width=\"800\" height=\"25\" \/><\/p>\n<h2>OFRECEMOS UNA AMPLIA GAMA DE TRATAMIENTOS PARA VENTANAS QUE INCLUYEN LO SIGUIENTE<\/h2>\n<h2>Persianas<\/h2>\n<p><img loading=\"lazy\" decoding=\"async\" src=\"https:\/\/empirecustomwindows.com\/wp-content\/uploads\/2023\/04\/8-2-1024x165.png\" sizes=\"(max-width: 800px) 100vw, 800px\" srcset=\"https:\/\/empirecustomwindows.com\/wp-content\/uploads\/2023\/04\/8-2-1024x165.png 1024w, https:\/\/empirecustomwindows.com\/wp-content\/uploads\/2023\/04\/8-2-300x48.png 300w, https:\/\/empirecustomwindows.com\/wp-content\/uploads\/2023\/04\/8-2-768x124.png 768w, https:\/\/empirecustomwindows.com\/wp-content\/uploads\/2023\/04\/8-2.png 1074w\" alt=\"\" width=\"800\" height=\"129\" \/><\/p>\n<h2>Sombras<\/h2>\n<p><img loading=\"lazy\" decoding=\"async\" src=\"https:\/\/empirecustomwindows.com\/wp-content\/uploads\/2023\/04\/8-2-1024x165.png\" sizes=\"(max-width: 800px) 100vw, 800px\" srcset=\"https:\/\/empirecustomwindows.com\/wp-content\/uploads\/2023\/04\/8-2-1024x165.png 1024w, https:\/\/empirecustomwindows.com\/wp-content\/uploads\/2023\/04\/8-2-300x48.png 300w, https:\/\/empirecustomwindows.com\/wp-content\/uploads\/2023\/04\/8-2-768x124.png 768w, https:\/\/empirecustomwindows.com\/wp-content\/uploads\/2023\/04\/8-2.png 1074w\" alt=\"\" width=\"800\" height=\"129\" \/><\/p>\n<h2>Cortinas<\/h2>\n<p><img loading=\"lazy\" decoding=\"async\" src=\"https:\/\/empirecustomwindows.com\/wp-content\/uploads\/2023\/04\/8-2-1024x165.png\" sizes=\"(max-width: 800px) 100vw, 800px\" srcset=\"https:\/\/empirecustomwindows.com\/wp-content\/uploads\/2023\/04\/8-2-1024x165.png 1024w, https:\/\/empirecustomwindows.com\/wp-content\/uploads\/2023\/04\/8-2-300x48.png 300w, https:\/\/empirecustomwindows.com\/wp-content\/uploads\/2023\/04\/8-2-768x124.png 768w, https:\/\/empirecustomwindows.com\/wp-content\/uploads\/2023\/04\/8-2.png 1074w\" alt=\"\" width=\"800\" height=\"129\" \/><\/p>\n<h2>cortinas<\/h2>\n<p><img loading=\"lazy\" decoding=\"async\" src=\"https:\/\/empirecustomwindows.com\/wp-content\/uploads\/2023\/04\/8-2-1024x165.png\" sizes=\"(max-width: 800px) 100vw, 800px\" srcset=\"https:\/\/empirecustomwindows.com\/wp-content\/uploads\/2023\/04\/8-2-1024x165.png 1024w, https:\/\/empirecustomwindows.com\/wp-content\/uploads\/2023\/04\/8-2-300x48.png 300w, https:\/\/empirecustomwindows.com\/wp-content\/uploads\/2023\/04\/8-2-768x124.png 768w, https:\/\/empirecustomwindows.com\/wp-content\/uploads\/2023\/04\/8-2.png 1074w\" alt=\"\" width=\"800\" height=\"129\" \/><\/p>\n<p>Nuestro objetivo es escuchar sus necesidades para que podamos brindarle los mejores servicios posibles.<\/p>\n<p>Offering the best possible service to our clients is the basis of our reputation, and we work hard to maintain it every day.<\/p>\n<p>Call us today @ <a href=\"tel:13472772134\">347-277-2134<\/a> o <a href=\"tel:7187474438\">718-747-4438<\/a> to schedule a free in-home consultation.<\/p>","protected":false},"excerpt":{"rendered":"<p>About Us ABOUT US | #1 Window Treatment New York Count on excellence and a solid track record! We offer a wide range of quality window treatments including top brand manufacturer such as Hunter Douglas, Carole Fabrics, Comfortex, and more. We take pride in providing the highest quality Window Treatment New York through our products [&hellip;]<\/p>","protected":false},"author":3,"featured_media":0,"parent":0,"menu_order":0,"comment_status":"closed","ping_status":"closed","template":"elementor_header_footer","meta":{"_monsterinsights_skip_tracking":false,"_monsterinsights_sitenote_active":false,"_monsterinsights_sitenote_note":"","_monsterinsights_sitenote_category":0,"two_page_speed":[],"footnotes":""},"class_list":["post-11","page","type-page","status-publish","hentry"],"yoast_head":"<!-- This site is optimized with the Yoast SEO plugin v27.4 - https:\/\/yoast.com\/product\/yoast-seo-wordpress\/ -->\n<title>About Us | Window Treatment New York | Empire Custom Window<\/title>\n<meta name=\"description\" content=\"Empire Custom Window offers custom Window Treatment New York solutions for residential and commercial clients in New York and the surrounding areas.\" \/>\n<meta name=\"robots\" content=\"index, follow, max-snippet:-1, max-image-preview:large, max-video-preview:-1\" \/>\n<link rel=\"canonical\" href=\"https:\/\/empirecustomwindows.com\/es_mx\/sobre-nosotros\/\" \/>\n<meta property=\"og:locale\" content=\"es_MX\" \/>\n<meta property=\"og:type\" content=\"article\" \/>\n<meta property=\"og:title\" content=\"About Us | Window Treatment New York | Empire Custom Window\" \/>\n<meta property=\"og:description\" content=\"Empire Custom Window offers custom Window Treatment New York solutions for residential and commercial clients in New York and the surrounding areas.\" \/>\n<meta property=\"og:url\" content=\"https:\/\/empirecustomwindows.com\/es_mx\/sobre-nosotros\/\" \/>\n<meta property=\"og:site_name\" content=\"Empire Custom Windows\" \/>\n<meta property=\"article:publisher\" content=\"https:\/\/www.facebook.com\/empirecustomwindows\/\" \/>\n<meta property=\"og:image\" content=\"https:\/\/empirecustomwindows.com\/wp-content\/uploads\/2023\/04\/Empire-Window-Treatment-Center-trusted-by-Homeadvisor-1.jpg\" \/>\n<meta name=\"twitter:card\" content=\"summary_large_image\" \/>\n<meta name=\"twitter:label1\" content=\"Tiempo de lectura\" \/>\n\t<meta name=\"twitter:data1\" content=\"3 minutos\" \/>\n<!-- \/ Yoast SEO plugin. -->","yoast_head_json":{"title":"About Us | Window Treatment New York | Empire Custom Window","description":"Empire Custom Window offers custom Window Treatment New York solutions for residential and commercial clients in New York and the surrounding areas.","robots":{"index":"index","follow":"follow","max-snippet":"max-snippet:-1","max-image-preview":"max-image-preview:large","max-video-preview":"max-video-preview:-1"},"canonical":"https:\/\/empirecustomwindows.com\/es_mx\/sobre-nosotros\/","og_locale":"es_MX","og_type":"article","og_title":"About Us | Window Treatment New York | Empire Custom Window","og_description":"Empire Custom Window offers custom Window Treatment New York solutions for residential and commercial clients in New York and the surrounding areas.","og_url":"https:\/\/empirecustomwindows.com\/es_mx\/sobre-nosotros\/","og_site_name":"Empire Custom Windows","article_publisher":"https:\/\/www.facebook.com\/empirecustomwindows\/","og_image":[{"url":"https:\/\/empirecustomwindows.com\/wp-content\/uploads\/2023\/04\/Empire-Window-Treatment-Center-trusted-by-Homeadvisor-1.jpg","type":"","width":"","height":""}],"twitter_card":"summary_large_image","twitter_misc":{"Tiempo de lectura":"3 minutos"},"schema":{"@context":"https:\/\/schema.org","@graph":[{"@type":"WebPage","@id":"https:\/\/empirecustomwindows.com\/about-us-window-treatment-new-york\/","url":"https:\/\/empirecustomwindows.com\/about-us-window-treatment-new-york\/","name":"About Us | Window Treatment New York | Empire Custom Window","isPartOf":{"@id":"https:\/\/empirecustomwindows.com\/#website"},"primaryImageOfPage":{"@id":"https:\/\/empirecustomwindows.com\/about-us-window-treatment-new-york\/#primaryimage"},"image":{"@id":"https:\/\/empirecustomwindows.com\/about-us-window-treatment-new-york\/#primaryimage"},"thumbnailUrl":"https:\/\/empirecustomwindows.com\/wp-content\/uploads\/2023\/04\/Empire-Window-Treatment-Center-trusted-by-Homeadvisor-1.jpg","datePublished":"2023-04-04T06:37:32+00:00","dateModified":"2024-06-27T01:37:40+00:00","description":"Empire Custom Window offers custom Window Treatment New York solutions for residential and commercial clients in New York and the surrounding areas.","breadcrumb":{"@id":"https:\/\/empirecustomwindows.com\/about-us-window-treatment-new-york\/#breadcrumb"},"inLanguage":"es","potentialAction":[{"@type":"ReadAction","target":["https:\/\/empirecustomwindows.com\/about-us-window-treatment-new-york\/"]}]},{"@type":"ImageObject","inLanguage":"es","@id":"https:\/\/empirecustomwindows.com\/about-us-window-treatment-new-york\/#primaryimage","url":"https:\/\/empirecustomwindows.com\/wp-content\/uploads\/2023\/04\/Empire-Window-Treatment-Center-trusted-by-Homeadvisor-1.jpg","contentUrl":"https:\/\/empirecustomwindows.com\/wp-content\/uploads\/2023\/04\/Empire-Window-Treatment-Center-trusted-by-Homeadvisor-1.jpg"},{"@type":"BreadcrumbList","@id":"https:\/\/empirecustomwindows.com\/about-us-window-treatment-new-york\/#breadcrumb","itemListElement":[{"@type":"ListItem","position":1,"name":"Home","item":"https:\/\/empirecustomwindows.com\/"},{"@type":"ListItem","position":2,"name":"About US"}]},{"@type":"WebSite","@id":"https:\/\/empirecustomwindows.com\/#website","url":"https:\/\/empirecustomwindows.com\/","name":"Empire Custom Windows","description":"","publisher":{"@id":"https:\/\/empirecustomwindows.com\/#organization"},"potentialAction":[{"@type":"SearchAction","target":{"@type":"EntryPoint","urlTemplate":"https:\/\/empirecustomwindows.com\/?s={search_term_string}"},"query-input":{"@type":"PropertyValueSpecification","valueRequired":true,"valueName":"search_term_string"}}],"inLanguage":"es"},{"@type":"Organization","@id":"https:\/\/empirecustomwindows.com\/#organization","name":"Empire Custom Windows","url":"https:\/\/empirecustomwindows.com\/","logo":{"@type":"ImageObject","inLanguage":"es","@id":"https:\/\/empirecustomwindows.com\/#\/schema\/logo\/image\/","url":"https:\/\/empirecustomwindows.com\/wp-content\/uploads\/2023\/04\/newhighlightlogo.png","contentUrl":"https:\/\/empirecustomwindows.com\/wp-content\/uploads\/2023\/04\/newhighlightlogo.png","width":200,"height":60,"caption":"Empire Custom Windows"},"image":{"@id":"https:\/\/empirecustomwindows.com\/#\/schema\/logo\/image\/"},"sameAs":["https:\/\/www.facebook.com\/empirecustomwindows\/","https:\/\/www.yelp.com\/biz\/empire-custom-windows-new-york-2"]}]}},"_links":{"self":[{"href":"https:\/\/empirecustomwindows.com\/es_mx\/wp-json\/wp\/v2\/pages\/11","targetHints":{"allow":["GET"]}}],"collection":[{"href":"https:\/\/empirecustomwindows.com\/es_mx\/wp-json\/wp\/v2\/pages"}],"about":[{"href":"https:\/\/empirecustomwindows.com\/es_mx\/wp-json\/wp\/v2\/types\/page"}],"author":[{"embeddable":true,"href":"https:\/\/empirecustomwindows.com\/es_mx\/wp-json\/wp\/v2\/users\/3"}],"replies":[{"embeddable":true,"href":"https:\/\/empirecustomwindows.com\/es_mx\/wp-json\/wp\/v2\/comments?post=11"}],"version-history":[{"count":336,"href":"https:\/\/empirecustomwindows.com\/es_mx\/wp-json\/wp\/v2\/pages\/11\/revisions"}],"predecessor-version":[{"id":6552,"href":"https:\/\/empirecustomwindows.com\/es_mx\/wp-json\/wp\/v2\/pages\/11\/revisions\/6552"}],"wp:attachment":[{"href":"https:\/\/empirecustomwindows.com\/es_mx\/wp-json\/wp\/v2\/media?parent=11"}],"curies":[{"name":"wp","href":"https:\/\/api.w.org\/{rel}","templated":true}]}}