{"id":2320,"date":"2023-04-05T09:10:59","date_gmt":"2023-04-05T09:10:59","guid":{"rendered":"https:\/\/empirecustomwindows.com\/?page_id=2320"},"modified":"2023-04-19T07:56:32","modified_gmt":"2023-04-19T07:56:32","slug":"interior-design","status":"publish","type":"page","link":"https:\/\/empirecustomwindows.com\/es_mx\/portafolio\/diseno-de-interiores\/","title":{"rendered":"Dise\u00f1o de interiores"},"content":{"rendered":"<div data-elementor-type=\"wp-page\" data-elementor-id=\"2320\" class=\"elementor elementor-2320\" data-elementor-post-type=\"page\">\n\t\t\t\t\t\t<section class=\"elementor-section elementor-top-section elementor-element elementor-element-fcb4752 elementor-section-full_width elementor-section-height-min-height elementor-section-stretched elementor-section-height-default elementor-section-items-middle\" data-id=\"fcb4752\" data-element_type=\"section\" data-settings=\"{&quot;stretch_section&quot;:&quot;section-stretched&quot;,&quot;background_background&quot;:&quot;classic&quot;}\">\n\t\t\t\t\t\t<div class=\"elementor-container elementor-column-gap-no\">\n\t\t\t\t\t<div class=\"elementor-column elementor-col-100 elementor-top-column elementor-element elementor-element-b4002e6\" data-id=\"b4002e6\" data-element_type=\"column\">\n\t\t\t<div class=\"elementor-widget-wrap elementor-element-populated\">\n\t\t\t\t\t\t<div class=\"elementor-element elementor-element-bc408de elementor-widget elementor-widget-heading\" data-id=\"bc408de\" data-element_type=\"widget\" data-widget_type=\"heading.default\">\n\t\t\t\t<div class=\"elementor-widget-container\">\n\t\t\t<style>\/*! elementor - v3.22.0 - 26-06-2024 *\/\n.elementor-heading-title{padding:0;margin:0;line-height:1}.elementor-widget-heading .elementor-heading-title[class*=elementor-size-]>a{color:inherit;font-size:inherit;line-height:inherit}.elementor-widget-heading .elementor-heading-title.elementor-size-small{font-size:15px}.elementor-widget-heading .elementor-heading-title.elementor-size-medium{font-size:19px}.elementor-widget-heading .elementor-heading-title.elementor-size-large{font-size:29px}.elementor-widget-heading .elementor-heading-title.elementor-size-xl{font-size:39px}.elementor-widget-heading .elementor-heading-title.elementor-size-xxl{font-size:59px}<\/style><h2 class=\"elementor-heading-title elementor-size-default\">Dise\u00f1o de interiores<\/h2>\t\t<\/div>\n\t\t\t\t<\/div>\n\t\t\t\t\t<\/div>\n\t\t<\/div>\n\t\t\t\t\t<\/div>\n\t\t<\/section>\n\t\t\t\t<section class=\"elementor-section elementor-top-section elementor-element elementor-element-b61246e elementor-section-boxed elementor-section-height-default elementor-section-height-default\" data-id=\"b61246e\" data-element_type=\"section\">\n\t\t\t\t\t\t<div class=\"elementor-container elementor-column-gap-default\">\n\t\t\t\t\t<div class=\"elementor-column elementor-col-100 elementor-top-column elementor-element elementor-element-3b12c7e\" data-id=\"3b12c7e\" data-element_type=\"column\" data-settings=\"{&quot;background_background&quot;:&quot;classic&quot;}\">\n\t\t\t<div class=\"elementor-widget-wrap elementor-element-populated\">\n\t\t\t\t\t\t<div class=\"elementor-element elementor-element-b8cd306 elementor-widget elementor-widget-heading\" data-id=\"b8cd306\" data-element_type=\"widget\" data-widget_type=\"heading.default\">\n\t\t\t\t<div class=\"elementor-widget-container\">\n\t\t\t<h2 class=\"elementor-heading-title elementor-size-default\">\u00a1D\u00c9JANOS DISE\u00d1AR TUS VENTANAS!<\/h2>\t\t<\/div>\n\t\t\t\t<\/div>\n\t\t\t\t<div class=\"elementor-element elementor-element-3b82cb7 elementor-widget elementor-widget-text-editor\" data-id=\"3b82cb7\" data-element_type=\"widget\" data-widget_type=\"text-editor.default\">\n\t\t\t\t<div class=\"elementor-widget-container\">\n\t\t\t<style>\/*! elementor - v3.22.0 - 26-06-2024 *\/\n.elementor-widget-text-editor.elementor-drop-cap-view-stacked .elementor-drop-cap{background-color:#69727d;color:#fff}.elementor-widget-text-editor.elementor-drop-cap-view-framed .elementor-drop-cap{color:#69727d;border:3px solid;background-color:transparent}.elementor-widget-text-editor:not(.elementor-drop-cap-view-default) .elementor-drop-cap{margin-top:8px}.elementor-widget-text-editor:not(.elementor-drop-cap-view-default) .elementor-drop-cap-letter{width:1em;height:1em}.elementor-widget-text-editor .elementor-drop-cap{float:left;text-align:center;line-height:1;font-size:50px}.elementor-widget-text-editor .elementor-drop-cap-letter{display:inline-block}<\/style>\t\t\t\t<p>\u00bfEst\u00e1s cansado del aspecto actual de tu habitaci\u00f3n u oficina y no tienes ni idea de qu\u00e9 cambio necesita? No te estreses m\u00e1s; Empire Custom Windows est\u00e1 disponible a su servicio para guiarlo leg\u00edtimamente en la decisi\u00f3n, creaci\u00f3n y elecci\u00f3n correcta para su habitaci\u00f3n, casa u oficina. A menudo la gente de hoy lo considera una molestia innecesaria y deja que su deseo de cambio se apague; no tiene por qu\u00e9 ser as\u00ed para usted. Ayudarnos a elegir y viceversa le permitir\u00e1 consultar tanto a su dise\u00f1ador de interiores interior como al nuestro, que simplemente resaltar\u00e1 lo que realmente desea que se haga.<br \/>Para que el tiempo sea menos abrumador pero tampoco apresurado, t\u00f3mate un tiempo para dise\u00f1ar tu casa u oficina. Un proceso paso a paso es muy \u00fatil, por lo que decidir primero una cosa en particular puede ayudarle a no sentir un cambio repentino que pueda alterar su comodidad.<br \/>Dependiendo de las cosas que desee cambiar, ya sea una habitaci\u00f3n individual, una oficina o una casa nueva en la que est\u00e9 trabajando, aqu\u00ed est\u00e1n los siguientes servicios ofrecidos por Empire Custom Windows en dise\u00f1o de interiores que lo ayudar\u00e1n a irradiar en cada habitaci\u00f3n.<\/p>\t\t\t\t\t\t<\/div>\n\t\t\t\t<\/div>\n\t\t\t\t\t<\/div>\n\t\t<\/div>\n\t\t\t\t\t<\/div>\n\t\t<\/section>\n\t\t\t\t<section class=\"elementor-section elementor-top-section elementor-element elementor-element-ed6038c elementor-section-boxed elementor-section-height-default elementor-section-height-default\" data-id=\"ed6038c\" data-element_type=\"section\">\n\t\t\t\t\t\t<div class=\"elementor-container elementor-column-gap-default\">\n\t\t\t\t\t<div class=\"elementor-column elementor-col-100 elementor-top-column elementor-element elementor-element-0f76ad1\" data-id=\"0f76ad1\" data-element_type=\"column\" data-settings=\"{&quot;background_background&quot;:&quot;classic&quot;}\">\n\t\t\t<div class=\"elementor-widget-wrap elementor-element-populated\">\n\t\t\t\t\t<div class=\"elementor-background-overlay\"><\/div>\n\t\t\t\t\t\t<section class=\"elementor-section elementor-inner-section elementor-element elementor-element-c98f325 elementor-section-boxed elementor-section-height-default elementor-section-height-default\" data-id=\"c98f325\" data-element_type=\"section\">\n\t\t\t\t\t\t<div class=\"elementor-container elementor-column-gap-default\">\n\t\t\t\t\t<div class=\"elementor-column elementor-col-50 elementor-inner-column elementor-element elementor-element-72515b6\" data-id=\"72515b6\" data-element_type=\"column\">\n\t\t\t<div class=\"elementor-widget-wrap elementor-element-populated\">\n\t\t\t\t\t\t<div class=\"elementor-element elementor-element-2176dd3 elementor-widget elementor-widget-heading\" data-id=\"2176dd3\" data-element_type=\"widget\" data-widget_type=\"heading.default\">\n\t\t\t\t<div class=\"elementor-widget-container\">\n\t\t\t<h2 class=\"elementor-heading-title elementor-size-default\">Obtenga un presupuesto GRATIS<\/h2>\t\t<\/div>\n\t\t\t\t<\/div>\n\t\t\t\t<div class=\"elementor-element elementor-element-d8afcb1 elementor-widget elementor-widget-text-editor\" data-id=\"d8afcb1\" data-element_type=\"widget\" data-widget_type=\"text-editor.default\">\n\t\t\t\t<div class=\"elementor-widget-container\">\n\t\t\t\t\t\t\t<div class=\"large-8 columns\"><p>Haga que un consultor de dise\u00f1o profesional le brinde respuestas y la experiencia para realizar sus proyectos.<\/p><\/div>\t\t\t\t\t\t<\/div>\n\t\t\t\t<\/div>\n\t\t\t\t\t<\/div>\n\t\t<\/div>\n\t\t\t\t<div class=\"elementor-column elementor-col-50 elementor-inner-column elementor-element elementor-element-bb26a08\" data-id=\"bb26a08\" data-element_type=\"column\">\n\t\t\t<div class=\"elementor-widget-wrap elementor-element-populated\">\n\t\t\t\t\t\t<div class=\"elementor-element elementor-element-10377ee elementor-widget__width-initial c_button1 elementor-widget elementor-widget-button\" data-id=\"10377ee\" data-element_type=\"widget\" data-widget_type=\"button.default\">\n\t\t\t\t<div class=\"elementor-widget-container\">\n\t\t\t\t\t<div class=\"elementor-button-wrapper\">\n\t\t\t<a class=\"elementor-button elementor-button-link elementor-size-sm\" href=\"#\">\n\t\t\t\t\t\t<span class=\"elementor-button-content-wrapper\">\n\t\t\t\t\t\t\t\t\t<span class=\"elementor-button-text\">Reservar ahora<\/span>\n\t\t\t\t\t<\/span>\n\t\t\t\t\t<\/a>\n\t\t<\/div>\n\t\t\t\t<\/div>\n\t\t\t\t<\/div>\n\t\t\t\t\t<\/div>\n\t\t<\/div>\n\t\t\t\t\t<\/div>\n\t\t<\/section>\n\t\t\t\t\t<\/div>\n\t\t<\/div>\n\t\t\t\t\t<\/div>\n\t\t<\/section>\n\t\t\t\t<section class=\"elementor-section elementor-top-section elementor-element elementor-element-0c09873 elementor-section-boxed elementor-section-height-default elementor-section-height-default\" data-id=\"0c09873\" data-element_type=\"section\">\n\t\t\t\t\t\t<div class=\"elementor-container elementor-column-gap-default\">\n\t\t\t\t\t<div class=\"elementor-column elementor-col-100 elementor-top-column elementor-element elementor-element-e7a8c21\" data-id=\"e7a8c21\" data-element_type=\"column\">\n\t\t\t<div class=\"elementor-widget-wrap elementor-element-populated\">\n\t\t\t\t\t\t<div class=\"elementor-element elementor-element-f84ed42 elementor-widget elementor-widget-heading\" data-id=\"f84ed42\" data-element_type=\"widget\" data-widget_type=\"heading.default\">\n\t\t\t\t<div class=\"elementor-widget-container\">\n\t\t\t<h2 class=\"elementor-heading-title elementor-size-default\">ventanas<\/h2>\t\t<\/div>\n\t\t\t\t<\/div>\n\t\t\t\t<div class=\"elementor-element elementor-element-55bd569 elementor-widget elementor-widget-text-editor\" data-id=\"55bd569\" data-element_type=\"widget\" data-widget_type=\"text-editor.default\">\n\t\t\t\t<div class=\"elementor-widget-container\">\n\t\t\t\t\t\t\t<p>El trato exclusivo que brinda Empire Custom Windows es que hacemos maravillas con las ventanas, oficina o hogar. Ya sea para mirar hacia afuera o hacia adentro, una ventana debe irradiar la vibraci\u00f3n correcta que usted desea que irradie y tambi\u00e9n mantener la privacidad de su centro. Dependiendo de su elecci\u00f3n, existe una variedad de cuotas que puede realizar para agregar definici\u00f3n, estatus, color y extravagancia a su espacio vital.<br \/>Disponible a su servicio<\/p><p>Cortinas: cortinas naturales o artesanales, persianas: verticales, de imitaci\u00f3n de madera, madera y aluminio, cortinas: celulares, romanas, corredizas, plisadas, solares, en capas y naturales, etc., se ofrecen en Empire Custom Windows para aprovechar al m\u00e1ximo su ventana en el interior. as\u00ed como fuera.<br \/>Nos aseguramos de que nuestros productos y servicios causen algo m\u00e1s que un impacto en su ventana o habitaci\u00f3n, sino tambi\u00e9n en todos los ojos que se fijan en ese adorno o dise\u00f1o de interiores en particular. Una habitaci\u00f3n debe reflejar su vibra, desde las paredes hasta el techo y el piso, dejar que el lado ciego se comunique y canalice su vibra hacia el lienzo de su casa de manera hermosa. D\u00e9jelo suceder, opte por el cambio, aligere o ensombrezca el estado de \u00e1nimo o simplemente recree el estado de \u00e1nimo por completo.<\/p><p>Si desea obtener m\u00e1s informaci\u00f3n sobre nuestra empresa o desea programar una cita con nuestro equipo experimentado, puede contactarnos ahora y hablar con nuestro amable personal. Nuestro equipo se asegurar\u00e1 de que todas sus preguntas sean respondidas y que no quede ninguna confusi\u00f3n. Tambi\u00e9n puedes encontrar tu ubicaci\u00f3n y concertar una cita con nosotros. Intentaremos comunicarnos con usted lo antes posible.<\/p>\t\t\t\t\t\t<\/div>\n\t\t\t\t<\/div>\n\t\t\t\t\t<\/div>\n\t\t<\/div>\n\t\t\t\t\t<\/div>\n\t\t<\/section>\n\t\t\t\t<\/div>","protected":false},"excerpt":{"rendered":"<p>Interior Design LET US DESIGN YOUR WINDOWS! Tired of the current look of your room or office and are clueless to what change it needs? Stress no more; The Empire Custom Windows is available at your service to rightfully guide you in deciding, creating and making the right choice for your room, house or an [&hellip;]<\/p>","protected":false},"author":3,"featured_media":0,"parent":5349,"menu_order":0,"comment_status":"closed","ping_status":"closed","template":"elementor_header_footer","meta":{"_monsterinsights_skip_tracking":false,"_monsterinsights_sitenote_active":false,"_monsterinsights_sitenote_note":"","_monsterinsights_sitenote_category":0,"two_page_speed":[],"footnotes":""},"class_list":["post-2320","page","type-page","status-publish","hentry"],"yoast_head":"<!-- This site is optimized with the Yoast SEO plugin v27.3 - https:\/\/yoast.com\/product\/yoast-seo-wordpress\/ -->\n<title>Interior Design - Empire Custom Windows<\/title>\n<meta name=\"robots\" content=\"index, follow, max-snippet:-1, max-image-preview:large, max-video-preview:-1\" \/>\n<link rel=\"canonical\" href=\"https:\/\/empirecustomwindows.com\/es_mx\/portafolio\/diseno-de-interiores\/\" \/>\n<meta property=\"og:locale\" content=\"es_MX\" \/>\n<meta property=\"og:type\" content=\"article\" \/>\n<meta property=\"og:title\" content=\"Interior Design - Empire Custom Windows\" \/>\n<meta property=\"og:description\" content=\"Interior Design LET US DESIGN YOUR WINDOWS! Tired of the current look of your room or office and are clueless to what change it needs? Stress no more; The Empire Custom Windows is available at your service to rightfully guide you in deciding, creating and making the right choice for your room, house or an [&hellip;]\" \/>\n<meta property=\"og:url\" content=\"https:\/\/empirecustomwindows.com\/es_mx\/portafolio\/diseno-de-interiores\/\" \/>\n<meta property=\"og:site_name\" content=\"Empire Custom Windows\" \/>\n<meta property=\"article:publisher\" content=\"https:\/\/www.facebook.com\/empirecustomwindows\/\" \/>\n<meta name=\"twitter:card\" content=\"summary_large_image\" \/>\n<meta name=\"twitter:label1\" content=\"Tiempo de lectura\" \/>\n\t<meta name=\"twitter:data1\" content=\"3 minutos\" \/>\n<!-- \/ Yoast SEO plugin. -->","yoast_head_json":{"title":"Interior Design - Empire Custom Windows","robots":{"index":"index","follow":"follow","max-snippet":"max-snippet:-1","max-image-preview":"max-image-preview:large","max-video-preview":"max-video-preview:-1"},"canonical":"https:\/\/empirecustomwindows.com\/es_mx\/portafolio\/diseno-de-interiores\/","og_locale":"es_MX","og_type":"article","og_title":"Interior Design - Empire Custom Windows","og_description":"Interior Design LET US DESIGN YOUR WINDOWS! Tired of the current look of your room or office and are clueless to what change it needs? Stress no more; The Empire Custom Windows is available at your service to rightfully guide you in deciding, creating and making the right choice for your room, house or an [&hellip;]","og_url":"https:\/\/empirecustomwindows.com\/es_mx\/portafolio\/diseno-de-interiores\/","og_site_name":"Empire Custom Windows","article_publisher":"https:\/\/www.facebook.com\/empirecustomwindows\/","twitter_card":"summary_large_image","twitter_misc":{"Tiempo de lectura":"3 minutos"},"schema":{"@context":"https:\/\/schema.org","@graph":[{"@type":"WebPage","@id":"https:\/\/empirecustomwindows.com\/portfolio\/interior-design\/","url":"https:\/\/empirecustomwindows.com\/portfolio\/interior-design\/","name":"Interior Design - Empire Custom Windows","isPartOf":{"@id":"https:\/\/empirecustomwindows.com\/#website"},"datePublished":"2023-04-05T09:10:59+00:00","dateModified":"2023-04-19T07:56:32+00:00","breadcrumb":{"@id":"https:\/\/empirecustomwindows.com\/portfolio\/interior-design\/#breadcrumb"},"inLanguage":"es","potentialAction":[{"@type":"ReadAction","target":["https:\/\/empirecustomwindows.com\/portfolio\/interior-design\/"]}]},{"@type":"BreadcrumbList","@id":"https:\/\/empirecustomwindows.com\/portfolio\/interior-design\/#breadcrumb","itemListElement":[{"@type":"ListItem","position":1,"name":"Home","item":"https:\/\/empirecustomwindows.com\/"},{"@type":"ListItem","position":2,"name":"portfolio","item":"https:\/\/empirecustomwindows.com\/portfolio\/"},{"@type":"ListItem","position":3,"name":"Interior Design"}]},{"@type":"WebSite","@id":"https:\/\/empirecustomwindows.com\/#website","url":"https:\/\/empirecustomwindows.com\/","name":"Empire Custom Windows","description":"","publisher":{"@id":"https:\/\/empirecustomwindows.com\/#organization"},"potentialAction":[{"@type":"SearchAction","target":{"@type":"EntryPoint","urlTemplate":"https:\/\/empirecustomwindows.com\/?s={search_term_string}"},"query-input":{"@type":"PropertyValueSpecification","valueRequired":true,"valueName":"search_term_string"}}],"inLanguage":"es"},{"@type":"Organization","@id":"https:\/\/empirecustomwindows.com\/#organization","name":"Empire Custom Windows","url":"https:\/\/empirecustomwindows.com\/","logo":{"@type":"ImageObject","inLanguage":"es","@id":"https:\/\/empirecustomwindows.com\/#\/schema\/logo\/image\/","url":"https:\/\/empirecustomwindows.com\/wp-content\/uploads\/2023\/04\/newhighlightlogo.png","contentUrl":"https:\/\/empirecustomwindows.com\/wp-content\/uploads\/2023\/04\/newhighlightlogo.png","width":200,"height":60,"caption":"Empire Custom Windows"},"image":{"@id":"https:\/\/empirecustomwindows.com\/#\/schema\/logo\/image\/"},"sameAs":["https:\/\/www.facebook.com\/empirecustomwindows\/","https:\/\/www.yelp.com\/biz\/empire-custom-windows-new-york-2"]}]}},"_links":{"self":[{"href":"https:\/\/empirecustomwindows.com\/es_mx\/wp-json\/wp\/v2\/pages\/2320","targetHints":{"allow":["GET"]}}],"collection":[{"href":"https:\/\/empirecustomwindows.com\/es_mx\/wp-json\/wp\/v2\/pages"}],"about":[{"href":"https:\/\/empirecustomwindows.com\/es_mx\/wp-json\/wp\/v2\/types\/page"}],"author":[{"embeddable":true,"href":"https:\/\/empirecustomwindows.com\/es_mx\/wp-json\/wp\/v2\/users\/3"}],"replies":[{"embeddable":true,"href":"https:\/\/empirecustomwindows.com\/es_mx\/wp-json\/wp\/v2\/comments?post=2320"}],"version-history":[{"count":20,"href":"https:\/\/empirecustomwindows.com\/es_mx\/wp-json\/wp\/v2\/pages\/2320\/revisions"}],"predecessor-version":[{"id":5414,"href":"https:\/\/empirecustomwindows.com\/es_mx\/wp-json\/wp\/v2\/pages\/2320\/revisions\/5414"}],"up":[{"embeddable":true,"href":"https:\/\/empirecustomwindows.com\/es_mx\/wp-json\/wp\/v2\/pages\/5349"}],"wp:attachment":[{"href":"https:\/\/empirecustomwindows.com\/es_mx\/wp-json\/wp\/v2\/media?parent=2320"}],"curies":[{"name":"wp","href":"https:\/\/api.w.org\/{rel}","templated":true}]}}