{"id":5839,"date":"2023-05-24T03:19:13","date_gmt":"2023-05-24T03:19:13","guid":{"rendered":"https:\/\/empirecustomwindows.com\/?page_id=5839"},"modified":"2023-05-24T12:02:54","modified_gmt":"2023-05-24T12:02:54","slug":"custom-printed-shades","status":"publish","type":"page","link":"https:\/\/empirecustomwindows.com\/fr\/nuances-imprimees-personnalisees\/","title":{"rendered":"Nuances imprim\u00e9es personnalis\u00e9es"},"content":{"rendered":"<p>\u00cates-vous fatigu\u00e9 des stores banals et d\u00e9pourvus de personnalit\u00e9 et des stores fades ? Envie d\u2019une occasion de donner \u00e0 vos fen\u00eatres un caract\u00e8re distinctif ? R\u00e9jouir! <a href=\"https:\/\/empirecustomwindows.com\/fr\/\">Fen\u00eatres personnalis\u00e9es Empire<\/a> d\u00e9voile une solution transformatrice : nos teintes imprim\u00e9es sur mesure. Dites adieu \u00e0 l\u2019esth\u00e9tique g\u00e9n\u00e9rique et embrassez l\u2019extraordinaire !<\/p>\n\n\n\n<figure class=\"wp-block-image size-full\"><img fetchpriority=\"high\" decoding=\"async\" src=\"https:\/\/empirecustomwindows.com\/wp-content\/uploads\/2023\/05\/Custom-Printed-Shades.jpg\" alt=\"Nuances imprim\u00e9es personnalis\u00e9es\" class=\"wp-image-5845\" width=\"940\" height=\"788\" srcset=\"https:\/\/empirecustomwindows.com\/wp-content\/uploads\/2023\/05\/Custom-Printed-Shades.jpg 940w, https:\/\/empirecustomwindows.com\/wp-content\/uploads\/2023\/05\/Custom-Printed-Shades-300x251.jpg 300w, https:\/\/empirecustomwindows.com\/wp-content\/uploads\/2023\/05\/Custom-Printed-Shades-768x644.jpg 768w, https:\/\/empirecustomwindows.com\/wp-content\/uploads\/2023\/05\/Custom-Printed-Shades-600x503.jpg 600w\" sizes=\"(max-width: 940px) 100vw, 940px\" \/><\/figure>\n\n\n\n<h2 class=\"wp-block-heading\">Probl\u00e8me r\u00e9solu<\/h2>\n\n\n\n<p>Les stores et stores, avec leurs designs traditionnels, manquent souvent de caract\u00e8re unique et ne parviennent pas \u00e0 se fondre parfaitement dans l&#039;essence esth\u00e9tique de votre maison ou de votre bureau. Ils peuvent \u00eatre ternes et peu impressionnants et ne contribuent pas \u00e0 rehausser l\u2019atmosph\u00e8re g\u00e9n\u00e9rale de l\u2019espace. Cependant, gr\u00e2ce \u00e0 l&#039;offre unique de stores imprim\u00e9s personnalis\u00e9s d&#039;Empire Custom Windows, vous pouvez facilement transformer vos fen\u00eatres en points focaux captivants et visuellement saisissants.<\/p>\n\n\n\n<p>Nos stores exceptionnels imprim\u00e9s sur mesure r\u00e9solvent le probl\u00e8me des traitements de fen\u00eatre banals en offrant une vaste gamme de designs, de motifs et d&#039;images parmi lesquels choisir. Que vous souhaitiez un design audacieux et vivant qui respire l&#039;\u00e9nergie, un paysage tranquille qui inspire la s\u00e9r\u00e9nit\u00e9 ou m\u00eame un portrait de famille pr\u00e9cieux qui capture des souvenirs pr\u00e9cieux, notre expertise et notre savoir-faire donneront vie \u00e0 votre vision unique. Gr\u00e2ce \u00e0 nos stores imprim\u00e9s sur mesure, vos fen\u00eatres remplissent leur fonction fonctionnelle et expriment de mani\u00e8re unique votre style distinctif et votre go\u00fbt raffin\u00e9.<\/p>\n\n\n\n<h2 class=\"wp-block-heading\">Comment \u00e7a fonctionne<\/h2>\n\n\n\n<p>Chez Empire Custom Windows, nous nous engageons \u00e0 offrir aux clients une exp\u00e9rience transparente et sans tracas avec des stores imprim\u00e9s sur mesure.<\/p>\n\n\n\n<ol class=\"wp-block-list\">\n<li><strong>Consultation de conception<\/strong>: Avant de commencer votre parcours de conception, nous organisons une consultation pour absorber vos id\u00e9es, vos pr\u00e9f\u00e9rences et vos besoins. En engageant un dialogue fructueux, nous approfondissons votre vision et vous proposons de pr\u00e9cieuses suggestions pour vos teintes imprim\u00e9es sur mesure.<\/li>\n\n\n\n<li><strong>Approbation de la conception<\/strong>: Une fois que nous avons clairement compris votre vision, nos talentueux designers se mettent au travail. Ils utilisent leur expertise pour cr\u00e9er une maquette num\u00e9rique d\u00e9taill\u00e9e de votre conception de teintes imprim\u00e9e sur mesure. Chaque aspect fait l\u2019objet d\u2019un examen minutieux dans notre approche m\u00e9ticuleuse, manifestant parfaitement vos inclinations pr\u00e9cises. Une fois la maquette pr\u00eate, nous la partageons avec vous pour approbation. Si des r\u00e9visions sont n\u00e9cessaires, nous les ferons avec plaisir jusqu&#039;\u00e0 ce que vous soyez enti\u00e8rement satisfait du design.<\/li>\n\n\n\n<li><strong>Impression et fabrication<\/strong>: Nous proc\u00e9derons \u00e0 la phase d&#039;impression et de fabrication d\u00e8s r\u00e9ception de votre approbation de conception. Nous utilisons une technologie d&#039;impression de pointe et des mat\u00e9riaux de haute qualit\u00e9 pour donner vie \u00e0 votre design personnalis\u00e9. Nos imprimantes de pointe garantissent des couleurs \u00e9clatantes, des d\u00e9tails nets et une excellente qualit\u00e9 d\u2019impression. Apr\u00e8s l&#039;impression, nos artisans qualifi\u00e9s prennent le relais et transforment m\u00e9ticuleusement le mat\u00e9riau imprim\u00e9 en une belle teinte qui s&#039;adapte parfaitement aux dimensions de votre fen\u00eatre.<\/li>\n\n\n\n<li><strong>Installation<\/strong>: Notre \u00e9quipe d&#039;installation professionnelle prend en charge une fois votre store imprim\u00e9 sur mesure pr\u00eat. Ils assurent une installation transparente et pr\u00e9cise, en pr\u00eatant attention \u00e0 chaque d\u00e9tail. Notre objectif ultime est d&#039;offrir une exp\u00e9rience impeccable et sur mesure tout en offrant des r\u00e9sultats visuellement captivants. De l\u2019alignement minutieux du store \u00e0 sa fixation, nos experts en installation prennent en charge toutes les \u00e9tapes n\u00e9cessaires pour garantir une installation impeccable.<\/li>\n<\/ol>\n\n\n\n<p>Chez Empire Custom Windows, nous nous effor\u00e7ons de d\u00e9passer vos attentes \u00e0 chaque \u00e9tape du processus. Notre souci du d\u00e9tail, notre expertise et notre engagement envers la satisfaction du client garantissent que vous recevez une teinte imprim\u00e9e sur mesure qui am\u00e9liore non seulement l&#039;esth\u00e9tique de votre espace, mais refl\u00e8te \u00e9galement votre style et vos pr\u00e9f\u00e9rences uniques.<\/p>\n\n\n\n<h2 class=\"wp-block-heading\">Pourquoi nous choisir<\/h2>\n\n\n\n<p>Empire Custom Windows se d\u00e9marque v\u00e9ritablement dans l&#039;industrie, et voici pourquoi\u00a0:<\/p>\n\n\n\n<ul class=\"wp-block-list\">\n<li><strong>Personnalisation in\u00e9gal\u00e9e\u00a0:<\/strong>&nbsp;Lors de la personnalisation de vos stores, nous croyons aux possibilit\u00e9s illimit\u00e9es. Nous vous permettons de concevoir des nuances qui correspondent parfaitement \u00e0 votre style et \u00e0 vos pr\u00e9f\u00e9rences. De la s\u00e9lection du design id\u00e9al \u00e0 la s\u00e9lection des bonnes couleurs et mat\u00e9riaux, vous avez la libert\u00e9 de cr\u00e9er des ombres qui refl\u00e8tent vraiment qui vous \u00eates.<\/li>\n\n\n\n<li><strong>Qualit\u00e9 sup\u00e9rieure:<\/strong>&nbsp;Nous sommes extr\u00eamement fiers de fournir des produits d\u2019une qualit\u00e9 exceptionnelle. S&#039;adonnant \u00e0 un savoir-faire complexe, nos nuances imprim\u00e9es sur mesure incarnent une attention m\u00e9ticuleuse aux d\u00e9tails, orn\u00e9es des meilleurs mat\u00e9riaux disponibles. Cela garantit leur durabilit\u00e9 et leur long\u00e9vit\u00e9 ainsi que la pr\u00e9servation de leurs couleurs \u00e9clatantes et de leur aspect impeccable au fil des ann\u00e9es. Lorsque vous choisissez Empire Custom Windows, vous choisissez des teintes qui continueront \u00e0 captiver par leur beaut\u00e9 pendant longtemps.<\/li>\n\n\n\n<li><strong>Expertise et exp\u00e9rience\u00a0:<\/strong>&nbsp;L&#039;expertise industrielle de notre \u00e9quipe, affin\u00e9e au fil des ann\u00e9es, garantit un savoir-faire irr\u00e9prochable. Nous saisissons les subtilit\u00e9s et les complexit\u00e9s des teintes imprim\u00e9es sur mesure, en constante \u00e9volution avec les tendances et les techniques avanc\u00e9es pionni\u00e8res. Le r\u00e9sultat? Des nuances visuellement \u00e9poustouflantes qui incarnent le design avant-gardiste.<\/li>\n\n\n\n<li><strong>Service excellent:<\/strong>&nbsp;Empire Custom Windows accorde la plus haute importance \u00e0 la satisfaction du client. Avec un parcours fluide du d\u00e9but \u00e0 la fin, nos experts d\u00e9vou\u00e9s vous assistent \u00e0 chaque \u00e9tape\u00a0: de la consultation de conception initiale \u00e0 l&#039;installation finale. Nous valorisons une communication ouverte et nous effor\u00e7ons de r\u00e9pondre \u00e0 vos questions et pr\u00e9occupations rapidement et efficacement. Vous pouvez vous attendre \u00e0 un voyage fluide et agr\u00e9able avec nous alors que nous transformons votre vision en r\u00e9alit\u00e9.<\/li>\n<\/ul>\n\n\n\n<p>Lorsque vous choisissez Empire Custom Windows, vous ne s\u00e9lectionnez pas seulement un fournisseur de stores. Vous choisissez un partenaire d\u00e9di\u00e9 \u00e0 la cr\u00e9ation de solutions uniques et personnalis\u00e9es qui rehaussent votre espace et d\u00e9passent vos attentes.<\/p>\n\n\n\n<h2 class=\"wp-block-heading\">Zone de service<\/h2>\n\n\n\n<p>Empire Custom Windows, une entreprise ancr\u00e9e dans <a href=\"https:\/\/en.wikipedia.org\/wiki\/New_York_City\">New York<\/a>, se r\u00e9jouit de servir une client\u00e8le diversifi\u00e9e \u00e0 travers l&#039;\u00e9tat \u00e9motionnel. Quel que soit votre emplacement \u2013 le c\u0153ur anim\u00e9 de New York ou la pittoresque vall\u00e9e de l&#039;Hudson \u2013 nous ornerons vos fen\u00eatres avec nos superbes et fonctionnels stores imprim\u00e9s personnalis\u00e9s.<\/p>\n\n\n\n<h2 class=\"wp-block-heading\">Contactez-nous<\/h2>\n\n\n\n<p>R\u00e9novez vos fen\u00eatres avec des stores imprim\u00e9s sur mesure ! Contactez Empire Custom Windows pour une transformation \u00e0 couper le souffle.<\/p>\n\n\n\n<p>T\u00e9l\u00e9phone : +1 347-277-2134 ou +1 718-747-4438<\/p>\n\n\n\n<p>Courriel\u00a0: arcarpetandwindows@gmail.com<\/p>\n\n\n\n<p>Pas besoin d&#039;h\u00e9siter ! Connectez-vous avec nous pour des conseils d\u2019experts ou pour toute question que vous avez. Nous nous engageons \u00e0 faire de vos visions de fen\u00eatres une r\u00e9alit\u00e9.<\/p>\n\n\n\n<p>Rehaussez l&#039;attrait et le style de votre espace avec les stores imprim\u00e9s personnalis\u00e9s d&#039;Empire Custom Windows. Un investissement qui laisse une impression durable aux propri\u00e9taires en qu\u00eate de personnalisation ou aux entreprises souhaitant cr\u00e9er une ambiance m\u00e9morable pour leurs clients.<\/p>","protected":false},"excerpt":{"rendered":"<p>Are you weary of mundane, personality-deprived window shades and bland blinds? Long for an opportunity to infuse your windows with distinctive character? Rejoice! Empire Custom Windows unveils a transformative solution: our bespoke printed shades. Bid farewell to generic aesthetics and embrace the extraordinary! Problem Solved Window shades and blinds, with their traditional designs, often lack [&hellip;]<\/p>","protected":false},"author":5,"featured_media":5845,"parent":0,"menu_order":0,"comment_status":"closed","ping_status":"closed","template":"","meta":{"_monsterinsights_skip_tracking":false,"_monsterinsights_sitenote_active":false,"_monsterinsights_sitenote_note":"","_monsterinsights_sitenote_category":0,"two_page_speed":[],"footnotes":""},"class_list":["post-5839","page","type-page","status-publish","has-post-thumbnail","hentry"],"yoast_head":"<!-- This site is optimized with the Yoast SEO plugin v27.4 - https:\/\/yoast.com\/product\/yoast-seo-wordpress\/ -->\n<title>Custom Printed Shades - Empire Custom Windows<\/title>\n<meta name=\"robots\" content=\"index, follow, max-snippet:-1, max-image-preview:large, max-video-preview:-1\" \/>\n<link rel=\"canonical\" href=\"https:\/\/empirecustomwindows.com\/fr\/nuances-imprimees-personnalisees\/\" \/>\n<meta property=\"og:locale\" content=\"fr_FR\" \/>\n<meta property=\"og:type\" content=\"article\" \/>\n<meta property=\"og:title\" content=\"Custom Printed Shades - Empire Custom Windows\" \/>\n<meta property=\"og:description\" content=\"Are you weary of mundane, personality-deprived window shades and bland blinds? Long for an opportunity to infuse your windows with distinctive character? Rejoice! Empire Custom Windows unveils a transformative solution: our bespoke printed shades. Bid farewell to generic aesthetics and embrace the extraordinary! Problem Solved Window shades and blinds, with their traditional designs, often lack [&hellip;]\" \/>\n<meta property=\"og:url\" content=\"https:\/\/empirecustomwindows.com\/fr\/nuances-imprimees-personnalisees\/\" \/>\n<meta property=\"og:site_name\" content=\"Empire Custom Windows\" \/>\n<meta property=\"article:publisher\" content=\"https:\/\/www.facebook.com\/empirecustomwindows\/\" \/>\n<meta property=\"og:image\" content=\"https:\/\/empirecustomwindows.com\/wp-content\/uploads\/2023\/05\/Custom-Printed-Shades.jpg\" \/>\n\t<meta property=\"og:image:width\" content=\"940\" \/>\n\t<meta property=\"og:image:height\" content=\"788\" \/>\n\t<meta property=\"og:image:type\" content=\"image\/jpeg\" \/>\n<meta name=\"twitter:card\" content=\"summary_large_image\" \/>\n<meta name=\"twitter:label1\" content=\"Dur\u00e9e de lecture estim\u00e9e\" \/>\n\t<meta name=\"twitter:data1\" content=\"5 minutes\" \/>\n<!-- \/ Yoast SEO plugin. -->","yoast_head_json":{"title":"Custom Printed Shades - Empire Custom Windows","robots":{"index":"index","follow":"follow","max-snippet":"max-snippet:-1","max-image-preview":"max-image-preview:large","max-video-preview":"max-video-preview:-1"},"canonical":"https:\/\/empirecustomwindows.com\/fr\/nuances-imprimees-personnalisees\/","og_locale":"fr_FR","og_type":"article","og_title":"Custom Printed Shades - Empire Custom Windows","og_description":"Are you weary of mundane, personality-deprived window shades and bland blinds? Long for an opportunity to infuse your windows with distinctive character? Rejoice! Empire Custom Windows unveils a transformative solution: our bespoke printed shades. Bid farewell to generic aesthetics and embrace the extraordinary! Problem Solved Window shades and blinds, with their traditional designs, often lack [&hellip;]","og_url":"https:\/\/empirecustomwindows.com\/fr\/nuances-imprimees-personnalisees\/","og_site_name":"Empire Custom Windows","article_publisher":"https:\/\/www.facebook.com\/empirecustomwindows\/","og_image":[{"width":940,"height":788,"url":"https:\/\/empirecustomwindows.com\/wp-content\/uploads\/2023\/05\/Custom-Printed-Shades.jpg","type":"image\/jpeg"}],"twitter_card":"summary_large_image","twitter_misc":{"Dur\u00e9e de lecture estim\u00e9e":"5 minutes"},"schema":{"@context":"https:\/\/schema.org","@graph":[{"@type":"WebPage","@id":"https:\/\/empirecustomwindows.com\/custom-printed-shades\/","url":"https:\/\/empirecustomwindows.com\/custom-printed-shades\/","name":"Custom Printed Shades - Empire Custom Windows","isPartOf":{"@id":"https:\/\/empirecustomwindows.com\/#website"},"primaryImageOfPage":{"@id":"https:\/\/empirecustomwindows.com\/custom-printed-shades\/#primaryimage"},"image":{"@id":"https:\/\/empirecustomwindows.com\/custom-printed-shades\/#primaryimage"},"thumbnailUrl":"https:\/\/empirecustomwindows.com\/wp-content\/uploads\/2023\/05\/Custom-Printed-Shades.jpg","datePublished":"2023-05-24T03:19:13+00:00","dateModified":"2023-05-24T12:02:54+00:00","breadcrumb":{"@id":"https:\/\/empirecustomwindows.com\/custom-printed-shades\/#breadcrumb"},"inLanguage":"fr-FR","potentialAction":[{"@type":"ReadAction","target":["https:\/\/empirecustomwindows.com\/custom-printed-shades\/"]}]},{"@type":"ImageObject","inLanguage":"fr-FR","@id":"https:\/\/empirecustomwindows.com\/custom-printed-shades\/#primaryimage","url":"https:\/\/empirecustomwindows.com\/wp-content\/uploads\/2023\/05\/Custom-Printed-Shades.jpg","contentUrl":"https:\/\/empirecustomwindows.com\/wp-content\/uploads\/2023\/05\/Custom-Printed-Shades.jpg","width":940,"height":788,"caption":"Custom Printed Shades"},{"@type":"BreadcrumbList","@id":"https:\/\/empirecustomwindows.com\/custom-printed-shades\/#breadcrumb","itemListElement":[{"@type":"ListItem","position":1,"name":"Home","item":"https:\/\/empirecustomwindows.com\/"},{"@type":"ListItem","position":2,"name":"Custom Printed Shades"}]},{"@type":"WebSite","@id":"https:\/\/empirecustomwindows.com\/#website","url":"https:\/\/empirecustomwindows.com\/","name":"Empire Custom Windows","description":"","publisher":{"@id":"https:\/\/empirecustomwindows.com\/#organization"},"potentialAction":[{"@type":"SearchAction","target":{"@type":"EntryPoint","urlTemplate":"https:\/\/empirecustomwindows.com\/?s={search_term_string}"},"query-input":{"@type":"PropertyValueSpecification","valueRequired":true,"valueName":"search_term_string"}}],"inLanguage":"fr-FR"},{"@type":"Organization","@id":"https:\/\/empirecustomwindows.com\/#organization","name":"Empire Custom Windows","url":"https:\/\/empirecustomwindows.com\/","logo":{"@type":"ImageObject","inLanguage":"fr-FR","@id":"https:\/\/empirecustomwindows.com\/#\/schema\/logo\/image\/","url":"https:\/\/empirecustomwindows.com\/wp-content\/uploads\/2023\/04\/newhighlightlogo.png","contentUrl":"https:\/\/empirecustomwindows.com\/wp-content\/uploads\/2023\/04\/newhighlightlogo.png","width":200,"height":60,"caption":"Empire Custom Windows"},"image":{"@id":"https:\/\/empirecustomwindows.com\/#\/schema\/logo\/image\/"},"sameAs":["https:\/\/www.facebook.com\/empirecustomwindows\/","https:\/\/www.yelp.com\/biz\/empire-custom-windows-new-york-2"]}]}},"_links":{"self":[{"href":"https:\/\/empirecustomwindows.com\/fr\/wp-json\/wp\/v2\/pages\/5839","targetHints":{"allow":["GET"]}}],"collection":[{"href":"https:\/\/empirecustomwindows.com\/fr\/wp-json\/wp\/v2\/pages"}],"about":[{"href":"https:\/\/empirecustomwindows.com\/fr\/wp-json\/wp\/v2\/types\/page"}],"author":[{"embeddable":true,"href":"https:\/\/empirecustomwindows.com\/fr\/wp-json\/wp\/v2\/users\/5"}],"replies":[{"embeddable":true,"href":"https:\/\/empirecustomwindows.com\/fr\/wp-json\/wp\/v2\/comments?post=5839"}],"version-history":[{"count":2,"href":"https:\/\/empirecustomwindows.com\/fr\/wp-json\/wp\/v2\/pages\/5839\/revisions"}],"predecessor-version":[{"id":5846,"href":"https:\/\/empirecustomwindows.com\/fr\/wp-json\/wp\/v2\/pages\/5839\/revisions\/5846"}],"wp:featuredmedia":[{"embeddable":true,"href":"https:\/\/empirecustomwindows.com\/fr\/wp-json\/wp\/v2\/media\/5845"}],"wp:attachment":[{"href":"https:\/\/empirecustomwindows.com\/fr\/wp-json\/wp\/v2\/media?parent=5839"}],"curies":[{"name":"wp","href":"https:\/\/api.w.org\/{rel}","templated":true}]}}