{"id":6291,"date":"2023-12-04T19:31:54","date_gmt":"2023-12-04T19:31:54","guid":{"rendered":"https:\/\/empirecustomwindows.com\/?page_id=6291"},"modified":"2024-01-16T16:54:53","modified_gmt":"2024-01-16T16:54:53","slug":"site-map","status":"publish","type":"page","link":"https:\/\/empirecustomwindows.com\/pl\/site-map\/","title":{"rendered":"site map"},"content":{"rendered":"<div data-elementor-type=\"wp-page\" data-elementor-id=\"6291\" class=\"elementor elementor-6291\" data-elementor-post-type=\"page\">\n\t\t\t\t\t\t<section class=\"elementor-section elementor-top-section elementor-element elementor-element-bfd2a9c elementor-section-boxed elementor-section-height-default elementor-section-height-default\" data-id=\"bfd2a9c\" data-element_type=\"section\">\n\t\t\t\t\t\t<div class=\"elementor-container elementor-column-gap-default\">\n\t\t\t\t\t<div class=\"elementor-column elementor-col-100 elementor-top-column elementor-element elementor-element-4dc413e\" data-id=\"4dc413e\" data-element_type=\"column\">\n\t\t\t<div class=\"elementor-widget-wrap elementor-element-populated\">\n\t\t\t\t\t\t<div class=\"elementor-element elementor-element-38ae22e elementor-widget elementor-widget-text-editor\" data-id=\"38ae22e\" data-element_type=\"widget\" data-widget_type=\"text-editor.default\">\n\t\t\t\t<div class=\"elementor-widget-container\">\n\t\t\t<style>\/*! elementor - v3.22.0 - 26-06-2024 *\/\n.elementor-widget-text-editor.elementor-drop-cap-view-stacked .elementor-drop-cap{background-color:#69727d;color:#fff}.elementor-widget-text-editor.elementor-drop-cap-view-framed .elementor-drop-cap{color:#69727d;border:3px solid;background-color:transparent}.elementor-widget-text-editor:not(.elementor-drop-cap-view-default) .elementor-drop-cap{margin-top:8px}.elementor-widget-text-editor:not(.elementor-drop-cap-view-default) .elementor-drop-cap-letter{width:1em;height:1em}.elementor-widget-text-editor .elementor-drop-cap{float:left;text-align:center;line-height:1;font-size:50px}.elementor-widget-text-editor .elementor-drop-cap-letter{display:inline-block}<\/style>\t\t\t\t<p><a href=\"https:\/\/empirecustomwindows.com\/pl\/seo_generator_sitemap_index.xml\/\">https:\/\/empirecustomwindows.com\/seo_generator_sitemap_index.xml<\/a><\/p>\t\t\t\t\t\t<\/div>\n\t\t\t\t<\/div>\n\t\t\t\t\t<\/div>\n\t\t<\/div>\n\t\t\t\t\t<\/div>\n\t\t<\/section>\n\t\t\t\t<section class=\"elementor-section elementor-top-section elementor-element elementor-element-571813e elementor-section-boxed elementor-section-height-default elementor-section-height-default\" data-id=\"571813e\" data-element_type=\"section\">\n\t\t\t\t\t\t<div class=\"elementor-container elementor-column-gap-default\">\n\t\t\t\t\t<div class=\"elementor-column elementor-col-100 elementor-top-column elementor-element elementor-element-0f46554\" data-id=\"0f46554\" data-element_type=\"column\">\n\t\t\t<div class=\"elementor-widget-wrap elementor-element-populated\">\n\t\t\t\t\t\t<div class=\"elementor-element elementor-element-782ec33 elementor-widget elementor-widget-sitemap\" data-id=\"782ec33\" data-element_type=\"widget\" data-widget_type=\"sitemap.default\">\n\t\t\t\t<div class=\"elementor-widget-container\">\n\t\t\t<link rel=\"stylesheet\" href=\"https:\/\/empirecustomwindows.com\/wp-content\/plugins\/elementor-pro\/assets\/css\/widget-theme-elements.min.css\"><div class=\"elementor-sitemap-wrap\"><div class=\"elementor-sitemap-section\"><h2 class=\"elementor-sitemap-title elementor-sitemap-page-title\">Pages<\/h2><ul class=\"elementor-sitemap-list elementor-sitemap-page-list\"><li class=\"elementor-sitemap-item elementor-sitemap-item-page page_item page-item-6356\"><a href=\"https:\/\/empirecustomwindows.com\/pl\/bay-window-curtains-drapes-window-treatment-service\/\">Bay window curtains &#038; drapes &#8211; Window Treatment Service<\/a><\/li><li class=\"elementor-sitemap-item elementor-sitemap-item-page page_item page-item-6291\"><a href=\"https:\/\/empirecustomwindows.com\/pl\/site-map\/\">site map<\/a><\/li><li class=\"elementor-sitemap-item elementor-sitemap-item-page page_item page-item-6231\"><a href=\"https:\/\/empirecustomwindows.com\/pl\/czesto-zadawane-pytania-empire-niestandardowe-okna\/\">Cz\u0119sto zadawane pytania<\/a><\/li><li class=\"elementor-sitemap-item elementor-sitemap-item-page page_item page-item-6078\"><a href=\"https:\/\/empirecustomwindows.com\/pl\/obrobka-okien-efektywnosc-energetyczna-nyc\/\">Efektywno\u015bci energetycznej<\/a><\/li><li class=\"elementor-sitemap-item elementor-sitemap-item-page page_item page-item-6043\"><a href=\"https:\/\/empirecustomwindows.com\/pl\/obrobka-okien-motoryzacja-nyc\/\">Motoryzacja<\/a><\/li><li class=\"elementor-sitemap-item elementor-sitemap-item-page page_item page-item-6033\"><a href=\"https:\/\/empirecustomwindows.com\/pl\/instalacja-obrobki-okien-nyc\/\">Instalacja<\/a><\/li><li class=\"elementor-sitemap-item elementor-sitemap-item-page page_item page-item-6011\"><a href=\"https:\/\/empirecustomwindows.com\/pl\/personalizacja-dekoracji-okiennych-nyc\/\">Dostosowywanie<\/a><\/li><li class=\"elementor-sitemap-item elementor-sitemap-item-page page_item page-item-5987\"><a href=\"https:\/\/empirecustomwindows.com\/pl\/wybor-produktow-do-dekoracji-okien-nyc\/\">Wyb\u00f3r produktu<\/a><\/li><li class=\"elementor-sitemap-item elementor-sitemap-item-page page_item page-item-5955\"><a href=\"https:\/\/empirecustomwindows.com\/pl\/konsultacje-dotyczace-leczenia-okien-w-nowym-jorku\/\">Konsultacja<\/a><\/li><li class=\"elementor-sitemap-item elementor-sitemap-item-page page_item page-item-5929\"><a href=\"https:\/\/empirecustomwindows.com\/pl\/montaz-rolet-zebry-kostiumowej-w-nowym-jorku\/\">Monta\u017c rolet i zas\u0142on okiennych kostiumowych Zebra w Nowym Jorku<\/a><\/li><li class=\"elementor-sitemap-item elementor-sitemap-item-page page_item page-item-5856\"><a href=\"https:\/\/empirecustomwindows.com\/pl\/zebra-vision-shades-nyc\/\">Instalacja rolet Zebra Vision w Nowym Jorku: Odmie\u0144 swoje okna dzi\u0119ki stylowi i funkcjonalno\u015bci<\/a><\/li><li class=\"elementor-sitemap-item elementor-sitemap-item-page page_item page-item-5841\"><a href=\"https:\/\/empirecustomwindows.com\/pl\/professional-custom-window-shade-installation\/\">Professional Custom Window Shade Installation<\/a><\/li><li class=\"elementor-sitemap-item elementor-sitemap-item-page page_item page-item-5839\"><a href=\"https:\/\/empirecustomwindows.com\/pl\/custom-printed-shades\/\">Custom Printed Shades<\/a><\/li><li class=\"elementor-sitemap-item elementor-sitemap-item-page page_item page-item-5837\"><a href=\"https:\/\/empirecustomwindows.com\/pl\/motorized-window-shades\/\">Motorized Window Shades<\/a><\/li><li class=\"elementor-sitemap-item elementor-sitemap-item-page page_item page-item-5819\"><a href=\"https:\/\/empirecustomwindows.com\/pl\/uslugi-okienne-lukowe-rolety-lukowe-serwis-rolet-w-nowym-jorku\/\">Zabiegi na okna \u0142ukowe \u2013 us\u0142ugi \u0142ukowych rolet i \u017caluzji w Nowym Jorku<\/a><\/li><li class=\"elementor-sitemap-item elementor-sitemap-item-page page_item page-item-5655\"><a href=\"https:\/\/empirecustomwindows.com\/pl\/skontaktuj-sie-z-nami\/\">Rezerwuj teraz<\/a><\/li><li class=\"elementor-sitemap-item elementor-sitemap-item-page page_item page-item-5349\"><a href=\"https:\/\/empirecustomwindows.com\/pl\/teczka\/\">teczka<\/a><\/li><li class=\"elementor-sitemap-item elementor-sitemap-item-page page_item page-item-4043\"><a href=\"https:\/\/empirecustomwindows.com\/pl\/teczka\/drapowane-zaslony\/\">Uszczypni\u0119te plisowane zas\u0142ony<\/a><\/li><li class=\"elementor-sitemap-item elementor-sitemap-item-page page_item page-item-4044\"><a href=\"https:\/\/empirecustomwindows.com\/pl\/teczka\/czyste-zaslony\/\">Jasne zas\u0142ony<\/a><\/li><li class=\"elementor-sitemap-item elementor-sitemap-item-page page_item page-item-3858\"><a href=\"https:\/\/empirecustomwindows.com\/pl\/teczka\/energooszczedne-zaslony\/\">Energooszcz\u0119dne zas\u0142ony\u00a0\u00a0<\/a><\/li><li class=\"elementor-sitemap-item elementor-sitemap-item-page page_item page-item-3844\"><a href=\"https:\/\/empirecustomwindows.com\/pl\/teczka\/zaslony-zaciemniajace-pokoj\/\">Zas\u0142ony zaciemniaj\u0105ce pok\u00f3j<\/a><\/li><li class=\"elementor-sitemap-item elementor-sitemap-item-page page_item page-item-3757\"><a href=\"https:\/\/empirecustomwindows.com\/pl\/teczka\/naturalne-zaslony\/\">Naturalne zas\u0142ony<\/a><\/li><li class=\"elementor-sitemap-item elementor-sitemap-item-page page_item page-item-3749\"><a href=\"https:\/\/empirecustomwindows.com\/pl\/teczka\/rolety-okienne-restauracji\/\">Zas\u0142ony okien restauracji<\/a><\/li><li class=\"elementor-sitemap-item elementor-sitemap-item-page page_item page-item-3696\"><a href=\"https:\/\/empirecustomwindows.com\/pl\/teczka\/zaslony-i-zaslony\/\">Zas\u0142ony I Zas\u0142ony\u00a0<\/a><\/li><li class=\"elementor-sitemap-item elementor-sitemap-item-page page_item page-item-3469\"><a href=\"https:\/\/empirecustomwindows.com\/pl\/teczka\/odcienie-wnetrz-komercyjnych\/\">Komercyjne odcienie wn\u0119trz<\/a><\/li><li class=\"elementor-sitemap-item elementor-sitemap-item-page page_item page-item-3436\"><a href=\"https:\/\/empirecustomwindows.com\/pl\/teczka\/odcienie-winiety\/\">Odcienie winiety<\/a><\/li><li class=\"elementor-sitemap-item elementor-sitemap-item-page page_item page-item-3388\"><a href=\"https:\/\/empirecustomwindows.com\/pl\/teczka\/panele-draperii\/\">Panele draperii<\/a><\/li><li class=\"elementor-sitemap-item elementor-sitemap-item-page page_item page-item-3365\"><a href=\"https:\/\/empirecustomwindows.com\/pl\/teczka\/odcienie-sloneczne\/\">Odcienie s\u0142oneczne<\/a><\/li><li class=\"elementor-sitemap-item elementor-sitemap-item-page page_item page-item-3316\"><a href=\"https:\/\/empirecustomwindows.com\/pl\/teczka\/niestandardowe-zaslony\/\">Niestandardowe zas\u0142ony<\/a><\/li><li class=\"elementor-sitemap-item elementor-sitemap-item-page page_item page-item-3303\"><a href=\"https:\/\/empirecustomwindows.com\/pl\/teczka\/rolety-swietlikow\/\">Odcienie \u015bwietlika<\/a><\/li><li class=\"elementor-sitemap-item elementor-sitemap-item-page page_item page-item-3269\"><a href=\"https:\/\/empirecustomwindows.com\/pl\/teczka\/zaslony-zaciemniajace\/\">Zas\u0142ony zaciemniaj\u0105ce<\/a><\/li><li class=\"elementor-sitemap-item elementor-sitemap-item-page page_item page-item-3225\"><a href=\"https:\/\/empirecustomwindows.com\/pl\/teczka\/czyste-odcienie\/\">Przejrzyste odcienie<\/a><\/li><li class=\"elementor-sitemap-item elementor-sitemap-item-page page_item page-item-3183\"><a href=\"https:\/\/empirecustomwindows.com\/pl\/teczka\/izolowane-zaslony\/\">Izolowane zas\u0142ony<\/a><\/li><li class=\"elementor-sitemap-item elementor-sitemap-item-page page_item page-item-3145\"><a href=\"https:\/\/empirecustomwindows.com\/pl\/najlepsze-zabiegi\/\">Najlepsze zabiegi<\/a><\/li><li class=\"elementor-sitemap-item elementor-sitemap-item-page page_item page-item-3134\"><a href=\"https:\/\/empirecustomwindows.com\/pl\/teczka\/obrobka-okien-sklepowych\/\">Zabiegi na okna sklepowe\u00a0\u00a0<\/a><\/li><li class=\"elementor-sitemap-item elementor-sitemap-item-page page_item page-item-3073\"><a href=\"https:\/\/empirecustomwindows.com\/pl\/teczka\/rzymskie-odcienie\/\">Odcienie rzymskie<\/a><\/li><li class=\"elementor-sitemap-item elementor-sitemap-item-page page_item page-item-3045\"><a href=\"https:\/\/empirecustomwindows.com\/pl\/teczka\/komercyjne-zaslony\/\">Zas\u0142ony komercyjne<\/a><\/li><li class=\"elementor-sitemap-item elementor-sitemap-item-page page_item page-item-3053\"><a href=\"https:\/\/empirecustomwindows.com\/pl\/teczka\/roleta-biurowa\/\">Roleta biurowa<\/a><\/li><li class=\"elementor-sitemap-item elementor-sitemap-item-page page_item page-item-2931\"><a href=\"https:\/\/empirecustomwindows.com\/pl\/teczka\/rolety\/\">Rolety<\/a><\/li><li class=\"elementor-sitemap-item elementor-sitemap-item-page page_item page-item-2879\"><a href=\"https:\/\/empirecustomwindows.com\/pl\/teczka\/draperie-rzemieslnicze\/\">Draperia rzemie\u015blnicza<\/a><\/li><li class=\"elementor-sitemap-item elementor-sitemap-item-page page_item page-item-2709\"><a href=\"https:\/\/empirecustomwindows.com\/pl\/teczka\/rolety-sterowane-zdalnie\/\">Rolety sterowane zdalnie<\/a><\/li><li class=\"elementor-sitemap-item elementor-sitemap-item-page page_item page-item-2690\"><a href=\"https:\/\/empirecustomwindows.com\/pl\/teczka\/plisowane-odcienie\/\">Plisowane odcienie<\/a><\/li><li class=\"elementor-sitemap-item elementor-sitemap-item-page page_item page-item-2650\"><a href=\"https:\/\/empirecustomwindows.com\/pl\/teczka\/piruetowe-odcienie\/\">Cienie piruetowe<\/a><\/li><li class=\"elementor-sitemap-item elementor-sitemap-item-page page_item page-item-2640\"><a href=\"https:\/\/empirecustomwindows.com\/pl\/teczka\/zmotoryzowane-zaslony\/\">Zmotoryzowane zas\u0142ony\u00a0<\/a><\/li><li class=\"elementor-sitemap-item elementor-sitemap-item-page page_item page-item-2558\"><a href=\"https:\/\/empirecustomwindows.com\/pl\/teczka\/naturalne-odcienie\/\">Naturalne odcienie<\/a><\/li><li class=\"elementor-sitemap-item elementor-sitemap-item-page page_item page-item-2504\"><a href=\"https:\/\/empirecustomwindows.com\/pl\/teczka\/rolety-napedzane-silnikiem\/\">Zmotoryzowane rolety<\/a><\/li><li class=\"elementor-sitemap-item elementor-sitemap-item-page page_item page-item-2500\"><a href=\"https:\/\/empirecustomwindows.com\/pl\/teczka\/odcienie-plastra-miodu\/\">Odcienie plastra miodu<\/a><\/li><li class=\"elementor-sitemap-item elementor-sitemap-item-page page_item page-item-2404\"><a href=\"https:\/\/empirecustomwindows.com\/pl\/teczka\/odcienie-callularne\/\">Odcienie callularne<\/a><\/li><li class=\"elementor-sitemap-item elementor-sitemap-item-page page_item page-item-2362\"><a href=\"https:\/\/empirecustomwindows.com\/pl\/teczka\/zmotoryzowany-walek\/\">Zmotoryzowany wa\u0142ek\u00a0<\/a><\/li><li class=\"elementor-sitemap-item elementor-sitemap-item-page page_item page-item-2320\"><a href=\"https:\/\/empirecustomwindows.com\/pl\/teczka\/projektowanie-wnetrz\/\">Projektowanie wn\u0119trz<\/a><\/li><li class=\"elementor-sitemap-item elementor-sitemap-item-page page_item page-item-2306\"><a href=\"https:\/\/empirecustomwindows.com\/pl\/teczka\/komercyjne-rolety-zaciemniajace\/\">Komercyjne rolety zaciemniaj\u0105ce<\/a><\/li><li class=\"elementor-sitemap-item elementor-sitemap-item-page page_item page-item-2235\"><a href=\"https:\/\/empirecustomwindows.com\/pl\/teczka\/rolety-levolorowe\/\">Rolety Levolor\u00a0<\/a><\/li><li class=\"elementor-sitemap-item elementor-sitemap-item-page page_item page-item-2168\"><a href=\"https:\/\/empirecustomwindows.com\/pl\/teczka\/odcienie-zaciemniajace\/\">Odcienie zaciemniaj\u0105ce<\/a><\/li><li class=\"elementor-sitemap-item elementor-sitemap-item-page page_item page-item-2126\"><a href=\"https:\/\/empirecustomwindows.com\/pl\/naprawy-okien-nyc\/\">Remont<\/a><\/li><li class=\"elementor-sitemap-item elementor-sitemap-item-page page_item page-item-2072\"><a href=\"https:\/\/empirecustomwindows.com\/pl\/teczka\/bambusowe-odcienie\/\">Odcienie bambusa<\/a><\/li><li class=\"elementor-sitemap-item elementor-sitemap-item-page page_item page-item-1989\"><a href=\"https:\/\/empirecustomwindows.com\/pl\/empirecustomwindowsblog\/\">Bloga<\/a><\/li><li class=\"elementor-sitemap-item elementor-sitemap-item-page page_item page-item-1953\"><a href=\"https:\/\/empirecustomwindows.com\/pl\/teczka\/zamontowane-rolety-okienne\/\">Zamontowane rolety okienne<\/a><\/li><li class=\"elementor-sitemap-item elementor-sitemap-item-page page_item page-item-1952\"><a href=\"https:\/\/empirecustomwindows.com\/pl\/teczka\/zaluzje-luminescencyjne\/\">\u017baluzje Luminette<\/a><\/li><li class=\"elementor-sitemap-item elementor-sitemap-item-page page_item page-item-1919\"><a href=\"https:\/\/empirecustomwindows.com\/pl\/teczka\/mini-rolety\/\">Mini rolety<\/a><\/li><li class=\"elementor-sitemap-item elementor-sitemap-item-page page_item page-item-1878\"><a href=\"https:\/\/empirecustomwindows.com\/pl\/kontakt\/\">Skontaktuj si\u0119 z nami<\/a><\/li><li class=\"elementor-sitemap-item elementor-sitemap-item-page page_item page-item-1864\"><a href=\"https:\/\/empirecustomwindows.com\/pl\/teczka\/rolety-sylwetki\/\">Odcienie sylwetki<\/a><\/li><li class=\"elementor-sitemap-item elementor-sitemap-item-page page_item page-item-1713\"><a href=\"https:\/\/empirecustomwindows.com\/pl\/teczka\/zaluzje-ze-sztucznego-drewna\/\">\u017baluzje ze sztucznego drewna<\/a><\/li><li class=\"elementor-sitemap-item elementor-sitemap-item-page page_item page-item-1662\"><a href=\"https:\/\/empirecustomwindows.com\/pl\/teczka\/zaluzje\/\">\u017caluzje<\/a><\/li><li class=\"elementor-sitemap-item elementor-sitemap-item-page page_item page-item-1615\"><a href=\"https:\/\/empirecustomwindows.com\/pl\/zadowoleni-klienci-dziela-sie-z-nami-swoimi-doswiadczeniami\/\">Referencje<\/a><\/li><li class=\"elementor-sitemap-item elementor-sitemap-item-page page_item page-item-1544\"><a href=\"https:\/\/empirecustomwindows.com\/pl\/teczka\/rolety-duetowe\/\">Rolety Duette<\/a><\/li><li class=\"elementor-sitemap-item elementor-sitemap-item-page page_item page-item-1464\"><a href=\"https:\/\/empirecustomwindows.com\/pl\/teczka\/rolety-zaciemniajace\/\">Rolety zaciemniaj\u0105ce<\/a><\/li><li class=\"elementor-sitemap-item elementor-sitemap-item-page page_item page-item-1358\"><a href=\"https:\/\/empirecustomwindows.com\/pl\/teczka\/zaluzje-pionowe\/\">\u017baluzje pionowe<\/a><\/li><li class=\"elementor-sitemap-item elementor-sitemap-item-page page_item page-item-1259\"><a href=\"https:\/\/empirecustomwindows.com\/pl\/teczka\/rolety-bambusowe\/\">\u017baluzje bambusowe\u00a0<\/a><\/li><li class=\"elementor-sitemap-item elementor-sitemap-item-page page_item page-item-1156\"><a href=\"https:\/\/empirecustomwindows.com\/pl\/teczka\/lukowe-rolety-okienne\/\">\u0141ukowe rolety okienne<\/a><\/li><li class=\"elementor-sitemap-item elementor-sitemap-item-page page_item page-item-1100\"><a href=\"https:\/\/empirecustomwindows.com\/pl\/teczka\/zaluzje-drewniane\/\">\u017baluzje drewniane<\/a><\/li><li class=\"elementor-sitemap-item elementor-sitemap-item-page page_item page-item-867\"><a href=\"https:\/\/empirecustomwindows.com\/pl\/teczka\/rolety-biurowe\/\">Rolety biurowe<\/a><\/li><li class=\"elementor-sitemap-item elementor-sitemap-item-page page_item page-item-743\"><a href=\"https:\/\/empirecustomwindows.com\/pl\/teczka\/opcje-odcieni\/\">Opcje odcieni<\/a><\/li><li class=\"elementor-sitemap-item elementor-sitemap-item-page page_item page-item-429\"><a href=\"https:\/\/empirecustomwindows.com\/pl\/teczka\/rolety-komercyjne\/\">\u017baluzje komercyjne<\/a><\/li><li class=\"elementor-sitemap-item elementor-sitemap-item-page page_item page-item-419\"><a href=\"https:\/\/empirecustomwindows.com\/pl\/teczka\/zaluzje-aluminiowe\/\">\u017baluzje aluminiowe<\/a><\/li><li class=\"elementor-sitemap-item elementor-sitemap-item-page page_item page-item-13\"><a href=\"https:\/\/empirecustomwindows.com\/pl\/\">Dom<\/a><\/li><li class=\"elementor-sitemap-item elementor-sitemap-item-page page_item page-item-11\"><a href=\"https:\/\/empirecustomwindows.com\/pl\/o-nas\/\">O nas<\/a><\/li><\/ul><\/div><div class=\"elementor-sitemap-section\"><h2 class=\"elementor-sitemap-title elementor-sitemap-category-title\">Categories<\/h2><ul class=\"elementor-sitemap-list elementor-sitemap-category-list\">\t<li class=\"elementor-sitemap-item elementor-sitemap-item-category cat-item cat-item-1\"><a href=\"https:\/\/empirecustomwindows.com\/pl\/category\/uncategorized\/\">Uncategorized<\/a>\n<\/li>\n\t<li class=\"elementor-sitemap-item elementor-sitemap-item-category cat-item cat-item-7\"><a href=\"https:\/\/empirecustomwindows.com\/pl\/category\/blog\/\">Bloga<\/a>\n<\/li>\n<\/ul><\/div><\/div>\t\t<\/div>\n\t\t\t\t<\/div>\n\t\t\t\t\t<\/div>\n\t\t<\/div>\n\t\t\t\t\t<\/div>\n\t\t<\/section>\n\t\t\t\t<\/div>","protected":false},"excerpt":{"rendered":"<p>https:\/\/empirecustomwindows.com\/seo_generator_sitemap_index.xml<\/p>","protected":false},"author":3,"featured_media":0,"parent":0,"menu_order":0,"comment_status":"closed","ping_status":"closed","template":"","meta":{"_monsterinsights_skip_tracking":false,"_monsterinsights_sitenote_active":false,"_monsterinsights_sitenote_note":"","_monsterinsights_sitenote_category":0,"two_page_speed":[],"footnotes":""},"class_list":["post-6291","page","type-page","status-publish","hentry"],"yoast_head":"<!-- This site is optimized with the Yoast SEO plugin v27.3 - https:\/\/yoast.com\/product\/yoast-seo-wordpress\/ -->\n<title>site map - Empire Custom Windows<\/title>\n<meta name=\"robots\" content=\"index, follow, max-snippet:-1, max-image-preview:large, max-video-preview:-1\" \/>\n<link rel=\"canonical\" href=\"https:\/\/empirecustomwindows.com\/pl\/site-map\/\" \/>\n<meta property=\"og:locale\" content=\"pl_PL\" \/>\n<meta property=\"og:type\" content=\"article\" \/>\n<meta property=\"og:title\" content=\"site map - Empire Custom Windows\" \/>\n<meta property=\"og:description\" content=\"https:\/\/empirecustomwindows.com\/seo_generator_sitemap_index.xml\" \/>\n<meta property=\"og:url\" content=\"https:\/\/empirecustomwindows.com\/pl\/site-map\/\" \/>\n<meta property=\"og:site_name\" content=\"Empire Custom Windows\" \/>\n<meta property=\"article:publisher\" content=\"https:\/\/www.facebook.com\/empirecustomwindows\/\" \/>\n<meta name=\"twitter:card\" content=\"summary_large_image\" \/>\n<meta name=\"twitter:label1\" content=\"Szacowany czas czytania\" \/>\n\t<meta name=\"twitter:data1\" content=\"1 minuta\" \/>\n<!-- \/ Yoast SEO plugin. -->","yoast_head_json":{"title":"site map - Empire Custom Windows","robots":{"index":"index","follow":"follow","max-snippet":"max-snippet:-1","max-image-preview":"max-image-preview:large","max-video-preview":"max-video-preview:-1"},"canonical":"https:\/\/empirecustomwindows.com\/pl\/site-map\/","og_locale":"pl_PL","og_type":"article","og_title":"site map - Empire Custom Windows","og_description":"https:\/\/empirecustomwindows.com\/seo_generator_sitemap_index.xml","og_url":"https:\/\/empirecustomwindows.com\/pl\/site-map\/","og_site_name":"Empire Custom Windows","article_publisher":"https:\/\/www.facebook.com\/empirecustomwindows\/","twitter_card":"summary_large_image","twitter_misc":{"Szacowany czas czytania":"1 minuta"},"schema":{"@context":"https:\/\/schema.org","@graph":[{"@type":"WebPage","@id":"https:\/\/empirecustomwindows.com\/site-map\/","url":"https:\/\/empirecustomwindows.com\/site-map\/","name":"site map - Empire Custom Windows","isPartOf":{"@id":"https:\/\/empirecustomwindows.com\/#website"},"datePublished":"2023-12-04T19:31:54+00:00","dateModified":"2024-01-16T16:54:53+00:00","breadcrumb":{"@id":"https:\/\/empirecustomwindows.com\/site-map\/#breadcrumb"},"inLanguage":"pl-PL","potentialAction":[{"@type":"ReadAction","target":["https:\/\/empirecustomwindows.com\/site-map\/"]}]},{"@type":"BreadcrumbList","@id":"https:\/\/empirecustomwindows.com\/site-map\/#breadcrumb","itemListElement":[{"@type":"ListItem","position":1,"name":"Home","item":"https:\/\/empirecustomwindows.com\/"},{"@type":"ListItem","position":2,"name":"site map"}]},{"@type":"WebSite","@id":"https:\/\/empirecustomwindows.com\/#website","url":"https:\/\/empirecustomwindows.com\/","name":"Empire Custom Windows","description":"","publisher":{"@id":"https:\/\/empirecustomwindows.com\/#organization"},"potentialAction":[{"@type":"SearchAction","target":{"@type":"EntryPoint","urlTemplate":"https:\/\/empirecustomwindows.com\/?s={search_term_string}"},"query-input":{"@type":"PropertyValueSpecification","valueRequired":true,"valueName":"search_term_string"}}],"inLanguage":"pl-PL"},{"@type":"Organization","@id":"https:\/\/empirecustomwindows.com\/#organization","name":"Empire Custom Windows","url":"https:\/\/empirecustomwindows.com\/","logo":{"@type":"ImageObject","inLanguage":"pl-PL","@id":"https:\/\/empirecustomwindows.com\/#\/schema\/logo\/image\/","url":"https:\/\/empirecustomwindows.com\/wp-content\/uploads\/2023\/04\/newhighlightlogo.png","contentUrl":"https:\/\/empirecustomwindows.com\/wp-content\/uploads\/2023\/04\/newhighlightlogo.png","width":200,"height":60,"caption":"Empire Custom Windows"},"image":{"@id":"https:\/\/empirecustomwindows.com\/#\/schema\/logo\/image\/"},"sameAs":["https:\/\/www.facebook.com\/empirecustomwindows\/","https:\/\/www.yelp.com\/biz\/empire-custom-windows-new-york-2"]}]}},"_links":{"self":[{"href":"https:\/\/empirecustomwindows.com\/pl\/wp-json\/wp\/v2\/pages\/6291","targetHints":{"allow":["GET"]}}],"collection":[{"href":"https:\/\/empirecustomwindows.com\/pl\/wp-json\/wp\/v2\/pages"}],"about":[{"href":"https:\/\/empirecustomwindows.com\/pl\/wp-json\/wp\/v2\/types\/page"}],"author":[{"embeddable":true,"href":"https:\/\/empirecustomwindows.com\/pl\/wp-json\/wp\/v2\/users\/3"}],"replies":[{"embeddable":true,"href":"https:\/\/empirecustomwindows.com\/pl\/wp-json\/wp\/v2\/comments?post=6291"}],"version-history":[{"count":7,"href":"https:\/\/empirecustomwindows.com\/pl\/wp-json\/wp\/v2\/pages\/6291\/revisions"}],"predecessor-version":[{"id":6455,"href":"https:\/\/empirecustomwindows.com\/pl\/wp-json\/wp\/v2\/pages\/6291\/revisions\/6455"}],"wp:attachment":[{"href":"https:\/\/empirecustomwindows.com\/pl\/wp-json\/wp\/v2\/media?parent=6291"}],"curies":[{"name":"wp","href":"https:\/\/api.w.org\/{rel}","templated":true}]}}