{"id":11,"date":"2023-04-04T06:37:32","date_gmt":"2023-04-04T06:37:32","guid":{"rendered":"https:\/\/empirecustomwindows.com\/?page_id=11"},"modified":"2024-06-27T01:37:40","modified_gmt":"2024-06-27T01:37:40","slug":"about-us-window-treatment-new-york","status":"publish","type":"page","link":"https:\/\/empirecustomwindows.com\/vi\/ve-chung-toi\/","title":{"rendered":"V\u1ec1 ch\u00fang t\u00f4i"},"content":{"rendered":"<h2>V\u1ec1 ch\u00fang t\u00f4i<\/h2>\n<p><img fetchpriority=\"high\" decoding=\"async\" src=\"https:\/\/empirecustomwindows.com\/wp-content\/uploads\/2023\/04\/Empire-Window-Treatment-Center-trusted-by-Homeadvisor-1.jpg\" sizes=\"(max-width: 570px) 100vw, 570px\" srcset=\"https:\/\/empirecustomwindows.com\/wp-content\/uploads\/2023\/04\/Empire-Window-Treatment-Center-trusted-by-Homeadvisor-1.jpg 570w, https:\/\/empirecustomwindows.com\/wp-content\/uploads\/2023\/04\/Empire-Window-Treatment-Center-trusted-by-Homeadvisor-1-300x195.jpg 300w\" alt=\"\" width=\"570\" height=\"370\" \/><\/p>\n<h2>ABOUT US | #1 Window Treatment New York<\/h2>\n<h2>D\u1ef1a v\u00e0o s\u1ef1 xu\u1ea5t s\u1eafc v\u00e0<br \/>\nm\u1ed9t th\u00e0nh t\u00edch v\u1eefng ch\u1eafc!<\/h2>\n<p>We offer a wide range of quality window treatments including top brand manufacturer such as Hunter Douglas, Carole Fabrics, Comfortex, and more. We take pride in providing the highest quality Window Treatment <a href=\"https:\/\/en.wikipedia.org\/wiki\/New_York_City\">Newyork<\/a> through our products and services, which you can proudly present to your family and friends.\u00a0Our unique system of working with our customers allows you to have an expert, knowledgeable professional provide sound advice and guidance in choosing the right treatments for your needs.<\/p>\n<p><a href=\"https:\/\/empirecustomwindows.com\/vi\/lien-he-chung-toi\/\"><br \/>\n\u0110\u0103\u0323t b\u00e2y gi\u1edd<br \/>\n<\/a><br \/>\n<img decoding=\"async\" src=\"https:\/\/empirecustomwindows.com\/wp-content\/uploads\/2023\/04\/shape-12-2-2-1024x32.png\" sizes=\"(max-width: 800px) 100vw, 800px\" srcset=\"https:\/\/empirecustomwindows.com\/wp-content\/uploads\/2023\/04\/shape-12-2-2-1024x32.png 1024w, https:\/\/empirecustomwindows.com\/wp-content\/uploads\/2023\/04\/shape-12-2-2-300x10.png 300w, https:\/\/empirecustomwindows.com\/wp-content\/uploads\/2023\/04\/shape-12-2-2-768x24.png 768w, https:\/\/empirecustomwindows.com\/wp-content\/uploads\/2023\/04\/shape-12-2-2-1536x49.png 1536w, https:\/\/empirecustomwindows.com\/wp-content\/uploads\/2023\/04\/shape-12-2-2.png 1892w\" alt=\"\" width=\"800\" height=\"25\" \/><\/p>\n<h2>#1 Window Treatment New York| Empire Custom Windows<\/h2>\n<p>K\u1ec3 t\u1eeb khi Empire Custom Windows \u0111\u01b0\u1ee3c th\u00e0nh l\u1eadp v\u00e0o n\u0103m 2008, ch\u00fang t\u00f4i \u0111\u00e3 cam k\u1ebft cung c\u1ea5p nh\u1eefng ng\u00f4i nh\u00e0 v\u00e0 doanh nghi\u1ec7p \u0111\u1eb7c bi\u1ec7t, tho\u1ea3i m\u00e1i v\u00e0 ri\u00eang bi\u1ec7t, mang l\u1ea1i ni\u1ec1m vui l\u00e2u d\u00e0i. S\u1ef1 ch\u00fa \u00fd c\u1ee7a \u0111\u1ed9i ng\u0169 s\u00e1ng t\u1ea1o c\u1ee7a ch\u00fang t\u00f4i \u0111\u1ebfn t\u1eebng chi ti\u1ebft v\u00e0 s\u1ef1 ch\u0103m s\u00f3c t\u1ec9 m\u1ec9 \u0111\u00e3 mang l\u1ea1i nh\u1eefng c\u00e1ch x\u1eed l\u00fd c\u1eeda s\u1ed5 \u0111\u01b0\u1ee3c thi\u1ebft k\u1ebf ri\u00eang sang tr\u1ecdng, th\u01b0\u1eddng v\u01b0\u1ee3t qu\u00e1 c\u1ea3 s\u1ef1 m\u01a1 \u01b0\u1edbc c\u1ee7a kh\u00e1ch h\u00e0ng. Ch\u00fang t\u00f4i th\u1ef1c s\u1ef1 tin r\u1eb1ng vi\u1ec7c x\u1eed l\u00fd c\u1eeda s\u1ed5 ch\u1ea5t l\u01b0\u1ee3ng t\u1ed1t s\u1ebd n\u00e2ng cao cu\u1ed9c s\u1ed1ng v\u00e0 mang l\u1ea1i \u0111i\u1ec1u \u0111\u00f3 trong m\u1ecdi d\u1ef1 \u00e1n ch\u00fang t\u00f4i th\u1ef1c hi\u1ec7n. M\u1ed7i d\u1ef1 \u00e1n \u0111\u1ec1u \u0111\u01b0\u1ee3c th\u1ef1c hi\u1ec7n li\u1ec1n m\u1ea1ch v\u00e0 ho\u00e0n thi\u1ec7n \u0111\u1eb9p m\u1eaft, d\u00f9 l\u1edbn hay nh\u1ecf.<\/p>\n<p><img decoding=\"async\" src=\"https:\/\/empirecustomwindows.com\/wp-content\/uploads\/2023\/04\/shape-12-2-1-1024x32.png\" sizes=\"(max-width: 800px) 100vw, 800px\" srcset=\"https:\/\/empirecustomwindows.com\/wp-content\/uploads\/2023\/04\/shape-12-2-1-1024x32.png 1024w, https:\/\/empirecustomwindows.com\/wp-content\/uploads\/2023\/04\/shape-12-2-1-300x10.png 300w, https:\/\/empirecustomwindows.com\/wp-content\/uploads\/2023\/04\/shape-12-2-1-768x24.png 768w, https:\/\/empirecustomwindows.com\/wp-content\/uploads\/2023\/04\/shape-12-2-1-1536x49.png 1536w, https:\/\/empirecustomwindows.com\/wp-content\/uploads\/2023\/04\/shape-12-2-1.png 1892w\" alt=\"\" width=\"800\" height=\"25\" \/><\/p>\n<h2>CH\u00daNG T\u00d4I CUNG C\u1ea4P M\u1ed8T PH\u1ea0M VI \u0110I\u1ec0U TR\u1eca C\u1eecA S\u1ed4 BAO G\u1ed2M NH\u1eeeNG \u0110I\u1ec0U SAU \u0110\u00c2Y<\/h2>\n<h2>R\u00e8m<\/h2>\n<p><img loading=\"lazy\" decoding=\"async\" src=\"https:\/\/empirecustomwindows.com\/wp-content\/uploads\/2023\/04\/8-2-1024x165.png\" sizes=\"(max-width: 800px) 100vw, 800px\" srcset=\"https:\/\/empirecustomwindows.com\/wp-content\/uploads\/2023\/04\/8-2-1024x165.png 1024w, https:\/\/empirecustomwindows.com\/wp-content\/uploads\/2023\/04\/8-2-300x48.png 300w, https:\/\/empirecustomwindows.com\/wp-content\/uploads\/2023\/04\/8-2-768x124.png 768w, https:\/\/empirecustomwindows.com\/wp-content\/uploads\/2023\/04\/8-2.png 1074w\" alt=\"\" width=\"800\" height=\"129\" \/><\/p>\n<h2>s\u1eafc th\u00e1i<\/h2>\n<p><img loading=\"lazy\" decoding=\"async\" src=\"https:\/\/empirecustomwindows.com\/wp-content\/uploads\/2023\/04\/8-2-1024x165.png\" sizes=\"(max-width: 800px) 100vw, 800px\" srcset=\"https:\/\/empirecustomwindows.com\/wp-content\/uploads\/2023\/04\/8-2-1024x165.png 1024w, https:\/\/empirecustomwindows.com\/wp-content\/uploads\/2023\/04\/8-2-300x48.png 300w, https:\/\/empirecustomwindows.com\/wp-content\/uploads\/2023\/04\/8-2-768x124.png 768w, https:\/\/empirecustomwindows.com\/wp-content\/uploads\/2023\/04\/8-2.png 1074w\" alt=\"\" width=\"800\" height=\"129\" \/><\/p>\n<h2>R\u00e8m c\u1eeda<\/h2>\n<p><img loading=\"lazy\" decoding=\"async\" src=\"https:\/\/empirecustomwindows.com\/wp-content\/uploads\/2023\/04\/8-2-1024x165.png\" sizes=\"(max-width: 800px) 100vw, 800px\" srcset=\"https:\/\/empirecustomwindows.com\/wp-content\/uploads\/2023\/04\/8-2-1024x165.png 1024w, https:\/\/empirecustomwindows.com\/wp-content\/uploads\/2023\/04\/8-2-300x48.png 300w, https:\/\/empirecustomwindows.com\/wp-content\/uploads\/2023\/04\/8-2-768x124.png 768w, https:\/\/empirecustomwindows.com\/wp-content\/uploads\/2023\/04\/8-2.png 1074w\" alt=\"\" width=\"800\" height=\"129\" \/><\/p>\n<h2>M\u00e0n<\/h2>\n<p><img loading=\"lazy\" decoding=\"async\" src=\"https:\/\/empirecustomwindows.com\/wp-content\/uploads\/2023\/04\/8-2-1024x165.png\" sizes=\"(max-width: 800px) 100vw, 800px\" srcset=\"https:\/\/empirecustomwindows.com\/wp-content\/uploads\/2023\/04\/8-2-1024x165.png 1024w, https:\/\/empirecustomwindows.com\/wp-content\/uploads\/2023\/04\/8-2-300x48.png 300w, https:\/\/empirecustomwindows.com\/wp-content\/uploads\/2023\/04\/8-2-768x124.png 768w, https:\/\/empirecustomwindows.com\/wp-content\/uploads\/2023\/04\/8-2.png 1074w\" alt=\"\" width=\"800\" height=\"129\" \/><\/p>\n<p>M\u1ee5c ti\u00eau c\u1ee7a ch\u00fang t\u00f4i l\u00e0 l\u1eafng nghe nhu c\u1ea7u c\u1ee7a b\u1ea1n \u0111\u1ec3 c\u00f3 th\u1ec3 cung c\u1ea5p nh\u1eefng d\u1ecbch v\u1ee5 t\u1ed1t nh\u1ea5t c\u00f3 th\u1ec3.<\/p>\n<p>Offering the best possible service to our clients is the basis of our reputation, and we work hard to maintain it every day.<\/p>\n<p>Call us today @ <a href=\"tel:13472772134\">347-277-2134<\/a> ho\u1eb7c <a href=\"tel:7187474438\">718-747-4438<\/a> to schedule a free in-home consultation.<\/p>","protected":false},"excerpt":{"rendered":"<p>About Us ABOUT US | #1 Window Treatment New York Count on excellence and a solid track record! We offer a wide range of quality window treatments including top brand manufacturer such as Hunter Douglas, Carole Fabrics, Comfortex, and more. We take pride in providing the highest quality Window Treatment New York through our products [&hellip;]<\/p>","protected":false},"author":3,"featured_media":0,"parent":0,"menu_order":0,"comment_status":"closed","ping_status":"closed","template":"elementor_header_footer","meta":{"_monsterinsights_skip_tracking":false,"_monsterinsights_sitenote_active":false,"_monsterinsights_sitenote_note":"","_monsterinsights_sitenote_category":0,"two_page_speed":[],"footnotes":""},"class_list":["post-11","page","type-page","status-publish","hentry"],"yoast_head":"<!-- This site is optimized with the Yoast SEO plugin v27.4 - https:\/\/yoast.com\/product\/yoast-seo-wordpress\/ -->\n<title>About Us | Window Treatment New York | Empire Custom Window<\/title>\n<meta name=\"description\" content=\"Empire Custom Window offers custom Window Treatment New York solutions for residential and commercial clients in New York and the surrounding areas.\" \/>\n<meta name=\"robots\" content=\"index, follow, max-snippet:-1, max-image-preview:large, max-video-preview:-1\" \/>\n<link rel=\"canonical\" href=\"https:\/\/empirecustomwindows.com\/vi\/ve-chung-toi\/\" \/>\n<meta property=\"og:locale\" content=\"vi_VN\" \/>\n<meta property=\"og:type\" content=\"article\" \/>\n<meta property=\"og:title\" content=\"About Us | Window Treatment New York | Empire Custom Window\" \/>\n<meta property=\"og:description\" content=\"Empire Custom Window offers custom Window Treatment New York solutions for residential and commercial clients in New York and the surrounding areas.\" \/>\n<meta property=\"og:url\" content=\"https:\/\/empirecustomwindows.com\/vi\/ve-chung-toi\/\" \/>\n<meta property=\"og:site_name\" content=\"Empire Custom Windows\" \/>\n<meta property=\"article:publisher\" content=\"https:\/\/www.facebook.com\/empirecustomwindows\/\" \/>\n<meta property=\"og:image\" content=\"https:\/\/empirecustomwindows.com\/wp-content\/uploads\/2023\/04\/Empire-Window-Treatment-Center-trusted-by-Homeadvisor-1.jpg\" \/>\n<meta name=\"twitter:card\" content=\"summary_large_image\" \/>\n<meta name=\"twitter:label1\" content=\"\u01af\u1edbc t\u00ednh th\u1eddi gian \u0111\u1ecdc\" \/>\n\t<meta name=\"twitter:data1\" content=\"3 ph\u00fat\" \/>\n<!-- \/ Yoast SEO plugin. -->","yoast_head_json":{"title":"About Us | Window Treatment New York | Empire Custom Window","description":"Empire Custom Window offers custom Window Treatment New York solutions for residential and commercial clients in New York and the surrounding areas.","robots":{"index":"index","follow":"follow","max-snippet":"max-snippet:-1","max-image-preview":"max-image-preview:large","max-video-preview":"max-video-preview:-1"},"canonical":"https:\/\/empirecustomwindows.com\/vi\/ve-chung-toi\/","og_locale":"vi_VN","og_type":"article","og_title":"About Us | Window Treatment New York | Empire Custom Window","og_description":"Empire Custom Window offers custom Window Treatment New York solutions for residential and commercial clients in New York and the surrounding areas.","og_url":"https:\/\/empirecustomwindows.com\/vi\/ve-chung-toi\/","og_site_name":"Empire Custom Windows","article_publisher":"https:\/\/www.facebook.com\/empirecustomwindows\/","og_image":[{"url":"https:\/\/empirecustomwindows.com\/wp-content\/uploads\/2023\/04\/Empire-Window-Treatment-Center-trusted-by-Homeadvisor-1.jpg","type":"","width":"","height":""}],"twitter_card":"summary_large_image","twitter_misc":{"\u01af\u1edbc t\u00ednh th\u1eddi gian \u0111\u1ecdc":"3 ph\u00fat"},"schema":{"@context":"https:\/\/schema.org","@graph":[{"@type":"WebPage","@id":"https:\/\/empirecustomwindows.com\/about-us-window-treatment-new-york\/","url":"https:\/\/empirecustomwindows.com\/about-us-window-treatment-new-york\/","name":"About Us | Window Treatment New York | Empire Custom Window","isPartOf":{"@id":"https:\/\/empirecustomwindows.com\/#website"},"primaryImageOfPage":{"@id":"https:\/\/empirecustomwindows.com\/about-us-window-treatment-new-york\/#primaryimage"},"image":{"@id":"https:\/\/empirecustomwindows.com\/about-us-window-treatment-new-york\/#primaryimage"},"thumbnailUrl":"https:\/\/empirecustomwindows.com\/wp-content\/uploads\/2023\/04\/Empire-Window-Treatment-Center-trusted-by-Homeadvisor-1.jpg","datePublished":"2023-04-04T06:37:32+00:00","dateModified":"2024-06-27T01:37:40+00:00","description":"Empire Custom Window offers custom Window Treatment New York solutions for residential and commercial clients in New York and the surrounding areas.","breadcrumb":{"@id":"https:\/\/empirecustomwindows.com\/about-us-window-treatment-new-york\/#breadcrumb"},"inLanguage":"vi","potentialAction":[{"@type":"ReadAction","target":["https:\/\/empirecustomwindows.com\/about-us-window-treatment-new-york\/"]}]},{"@type":"ImageObject","inLanguage":"vi","@id":"https:\/\/empirecustomwindows.com\/about-us-window-treatment-new-york\/#primaryimage","url":"https:\/\/empirecustomwindows.com\/wp-content\/uploads\/2023\/04\/Empire-Window-Treatment-Center-trusted-by-Homeadvisor-1.jpg","contentUrl":"https:\/\/empirecustomwindows.com\/wp-content\/uploads\/2023\/04\/Empire-Window-Treatment-Center-trusted-by-Homeadvisor-1.jpg"},{"@type":"BreadcrumbList","@id":"https:\/\/empirecustomwindows.com\/about-us-window-treatment-new-york\/#breadcrumb","itemListElement":[{"@type":"ListItem","position":1,"name":"Home","item":"https:\/\/empirecustomwindows.com\/"},{"@type":"ListItem","position":2,"name":"About US"}]},{"@type":"WebSite","@id":"https:\/\/empirecustomwindows.com\/#website","url":"https:\/\/empirecustomwindows.com\/","name":"Empire Custom Windows","description":"","publisher":{"@id":"https:\/\/empirecustomwindows.com\/#organization"},"potentialAction":[{"@type":"SearchAction","target":{"@type":"EntryPoint","urlTemplate":"https:\/\/empirecustomwindows.com\/?s={search_term_string}"},"query-input":{"@type":"PropertyValueSpecification","valueRequired":true,"valueName":"search_term_string"}}],"inLanguage":"vi"},{"@type":"Organization","@id":"https:\/\/empirecustomwindows.com\/#organization","name":"Empire Custom Windows","url":"https:\/\/empirecustomwindows.com\/","logo":{"@type":"ImageObject","inLanguage":"vi","@id":"https:\/\/empirecustomwindows.com\/#\/schema\/logo\/image\/","url":"https:\/\/empirecustomwindows.com\/wp-content\/uploads\/2023\/04\/newhighlightlogo.png","contentUrl":"https:\/\/empirecustomwindows.com\/wp-content\/uploads\/2023\/04\/newhighlightlogo.png","width":200,"height":60,"caption":"Empire Custom Windows"},"image":{"@id":"https:\/\/empirecustomwindows.com\/#\/schema\/logo\/image\/"},"sameAs":["https:\/\/www.facebook.com\/empirecustomwindows\/","https:\/\/www.yelp.com\/biz\/empire-custom-windows-new-york-2"]}]}},"_links":{"self":[{"href":"https:\/\/empirecustomwindows.com\/vi\/wp-json\/wp\/v2\/pages\/11","targetHints":{"allow":["GET"]}}],"collection":[{"href":"https:\/\/empirecustomwindows.com\/vi\/wp-json\/wp\/v2\/pages"}],"about":[{"href":"https:\/\/empirecustomwindows.com\/vi\/wp-json\/wp\/v2\/types\/page"}],"author":[{"embeddable":true,"href":"https:\/\/empirecustomwindows.com\/vi\/wp-json\/wp\/v2\/users\/3"}],"replies":[{"embeddable":true,"href":"https:\/\/empirecustomwindows.com\/vi\/wp-json\/wp\/v2\/comments?post=11"}],"version-history":[{"count":336,"href":"https:\/\/empirecustomwindows.com\/vi\/wp-json\/wp\/v2\/pages\/11\/revisions"}],"predecessor-version":[{"id":6552,"href":"https:\/\/empirecustomwindows.com\/vi\/wp-json\/wp\/v2\/pages\/11\/revisions\/6552"}],"wp:attachment":[{"href":"https:\/\/empirecustomwindows.com\/vi\/wp-json\/wp\/v2\/media?parent=11"}],"curies":[{"name":"wp","href":"https:\/\/api.w.org\/{rel}","templated":true}]}}