{"id":6291,"date":"2023-12-04T19:31:54","date_gmt":"2023-12-04T19:31:54","guid":{"rendered":"https:\/\/empirecustomwindows.com\/?page_id=6291"},"modified":"2024-01-16T16:54:53","modified_gmt":"2024-01-16T16:54:53","slug":"site-map","status":"publish","type":"page","link":"https:\/\/empirecustomwindows.com\/vi\/site-map\/","title":{"rendered":"site map"},"content":{"rendered":"<div data-elementor-type=\"wp-page\" data-elementor-id=\"6291\" class=\"elementor elementor-6291\" data-elementor-post-type=\"page\">\n\t\t\t\t\t\t<section class=\"elementor-section elementor-top-section elementor-element elementor-element-bfd2a9c elementor-section-boxed elementor-section-height-default elementor-section-height-default\" data-id=\"bfd2a9c\" data-element_type=\"section\">\n\t\t\t\t\t\t<div class=\"elementor-container elementor-column-gap-default\">\n\t\t\t\t\t<div class=\"elementor-column elementor-col-100 elementor-top-column elementor-element elementor-element-4dc413e\" data-id=\"4dc413e\" data-element_type=\"column\">\n\t\t\t<div class=\"elementor-widget-wrap elementor-element-populated\">\n\t\t\t\t\t\t<div class=\"elementor-element elementor-element-38ae22e elementor-widget elementor-widget-text-editor\" data-id=\"38ae22e\" data-element_type=\"widget\" data-widget_type=\"text-editor.default\">\n\t\t\t\t<div class=\"elementor-widget-container\">\n\t\t\t<style>\/*! elementor - v3.22.0 - 26-06-2024 *\/\n.elementor-widget-text-editor.elementor-drop-cap-view-stacked .elementor-drop-cap{background-color:#69727d;color:#fff}.elementor-widget-text-editor.elementor-drop-cap-view-framed .elementor-drop-cap{color:#69727d;border:3px solid;background-color:transparent}.elementor-widget-text-editor:not(.elementor-drop-cap-view-default) .elementor-drop-cap{margin-top:8px}.elementor-widget-text-editor:not(.elementor-drop-cap-view-default) .elementor-drop-cap-letter{width:1em;height:1em}.elementor-widget-text-editor .elementor-drop-cap{float:left;text-align:center;line-height:1;font-size:50px}.elementor-widget-text-editor .elementor-drop-cap-letter{display:inline-block}<\/style>\t\t\t\t<p><a href=\"https:\/\/empirecustomwindows.com\/vi\/seo_generator_sitemap_index.xml\/\">https:\/\/empirecustomwindows.com\/seo_generator_sitemap_index.xml<\/a><\/p>\t\t\t\t\t\t<\/div>\n\t\t\t\t<\/div>\n\t\t\t\t\t<\/div>\n\t\t<\/div>\n\t\t\t\t\t<\/div>\n\t\t<\/section>\n\t\t\t\t<section class=\"elementor-section elementor-top-section elementor-element elementor-element-571813e elementor-section-boxed elementor-section-height-default elementor-section-height-default\" data-id=\"571813e\" data-element_type=\"section\">\n\t\t\t\t\t\t<div class=\"elementor-container elementor-column-gap-default\">\n\t\t\t\t\t<div class=\"elementor-column elementor-col-100 elementor-top-column elementor-element elementor-element-0f46554\" data-id=\"0f46554\" data-element_type=\"column\">\n\t\t\t<div class=\"elementor-widget-wrap elementor-element-populated\">\n\t\t\t\t\t\t<div class=\"elementor-element elementor-element-782ec33 elementor-widget elementor-widget-sitemap\" data-id=\"782ec33\" data-element_type=\"widget\" data-widget_type=\"sitemap.default\">\n\t\t\t\t<div class=\"elementor-widget-container\">\n\t\t\t<link rel=\"stylesheet\" href=\"https:\/\/empirecustomwindows.com\/wp-content\/plugins\/elementor-pro\/assets\/css\/widget-theme-elements.min.css\"><div class=\"elementor-sitemap-wrap\"><div class=\"elementor-sitemap-section\"><h2 class=\"elementor-sitemap-title elementor-sitemap-page-title\">Pages<\/h2><ul class=\"elementor-sitemap-list elementor-sitemap-page-list\"><li class=\"elementor-sitemap-item elementor-sitemap-item-page page_item page-item-6356\"><a href=\"https:\/\/empirecustomwindows.com\/vi\/bay-window-curtains-drapes-window-treatment-service\/\">Bay window curtains &#038; drapes &#8211; Window Treatment Service<\/a><\/li><li class=\"elementor-sitemap-item elementor-sitemap-item-page page_item page-item-6291\"><a href=\"https:\/\/empirecustomwindows.com\/vi\/site-map\/\">site map<\/a><\/li><li class=\"elementor-sitemap-item elementor-sitemap-item-page page_item page-item-6231\"><a href=\"https:\/\/empirecustomwindows.com\/vi\/cau-hoi-thuong-gap-ve-cua-so-tuy-chinh-cua-de-che\/\">C\u00e2u h\u1ecfi th\u01b0\u1eddng g\u1eb7p<\/a><\/li><li class=\"elementor-sitemap-item elementor-sitemap-item-page page_item page-item-6078\"><a href=\"https:\/\/empirecustomwindows.com\/vi\/xu-ly-cua-so-hieu-qua-nang-luong-nyc\/\">Hi\u1ec7u su\u1ea5t n\u0103ng l\u01b0\u1ee3ng<\/a><\/li><li class=\"elementor-sitemap-item elementor-sitemap-item-page page_item page-item-6043\"><a href=\"https:\/\/empirecustomwindows.com\/vi\/dieu-tri-cua-so-co-gioi-nyc\/\">C\u01a1 gi\u1edbi h\u00f3a<\/a><\/li><li class=\"elementor-sitemap-item elementor-sitemap-item-page page_item page-item-6033\"><a href=\"https:\/\/empirecustomwindows.com\/vi\/lap-dat-xu-ly-cua-so-nyc\/\">C\u00e0i \u0111\u1eb7t<\/a><\/li><li class=\"elementor-sitemap-item elementor-sitemap-item-page page_item page-item-6011\"><a href=\"https:\/\/empirecustomwindows.com\/vi\/tuy-chinh-xu-ly-cua-so-nyc\/\">T\u00f9y ch\u1ec9nh<\/a><\/li><li class=\"elementor-sitemap-item elementor-sitemap-item-page page_item page-item-5987\"><a href=\"https:\/\/empirecustomwindows.com\/vi\/lua-chon-san-pham-xu-ly-cua-so-nyc\/\">L\u1ef1a ch\u1ecdn s\u1ea3n ph\u1ea9m<\/a><\/li><li class=\"elementor-sitemap-item elementor-sitemap-item-page page_item page-item-5955\"><a href=\"https:\/\/empirecustomwindows.com\/vi\/tu-van-dieu-tri-cua-so-new-york\/\">T\u01b0 v\u1ea5n<\/a><\/li><li class=\"elementor-sitemap-item elementor-sitemap-item-page page_item page-item-5929\"><a href=\"https:\/\/empirecustomwindows.com\/vi\/lap-dat-rem-cua-so-ngua-van-o-new-york\/\">L\u1eafp \u0111\u1eb7t r\u00e8m &amp; r\u00e8m c\u1eeda s\u1ed5 trang ph\u1ee5c Zebra \u1edf NYC<\/a><\/li><li class=\"elementor-sitemap-item elementor-sitemap-item-page page_item page-item-5856\"><a href=\"https:\/\/empirecustomwindows.com\/vi\/ngua-van-tam-nhin-nyc\/\">C\u00e0i \u0111\u1eb7t Zebra Vision Shades \u1edf NYC: Bi\u1ebfn \u0111\u1ed5i Windows c\u1ee7a b\u1ea1n b\u1eb1ng Phong c\u00e1ch v\u00e0 Ch\u1ee9c n\u0103ng<\/a><\/li><li class=\"elementor-sitemap-item elementor-sitemap-item-page page_item page-item-5841\"><a href=\"https:\/\/empirecustomwindows.com\/vi\/professional-custom-window-shade-installation\/\">Professional Custom Window Shade Installation<\/a><\/li><li class=\"elementor-sitemap-item elementor-sitemap-item-page page_item page-item-5839\"><a href=\"https:\/\/empirecustomwindows.com\/vi\/custom-printed-shades\/\">Custom Printed Shades<\/a><\/li><li class=\"elementor-sitemap-item elementor-sitemap-item-page page_item page-item-5837\"><a href=\"https:\/\/empirecustomwindows.com\/vi\/motorized-window-shades\/\">Motorized Window Shades<\/a><\/li><li class=\"elementor-sitemap-item elementor-sitemap-item-page page_item page-item-5819\"><a href=\"https:\/\/empirecustomwindows.com\/vi\/xu-ly-cua-so-vom-dich-vu-rem-vom-o-nyc\/\">Ph\u01b0\u01a1ng ph\u00e1p \u0111i\u1ec1u tr\u1ecb c\u1eeda s\u1ed5 v\u00f2m \u2013 D\u1ecbch v\u1ee5 r\u00e8m &amp; r\u00e8m v\u00f2m \u1edf NYC<\/a><\/li><li class=\"elementor-sitemap-item elementor-sitemap-item-page page_item page-item-5655\"><a href=\"https:\/\/empirecustomwindows.com\/vi\/lien-he-chung-toi\/\">\u0110\u0103\u0323t b\u00e2y gi\u1edd<\/a><\/li><li class=\"elementor-sitemap-item elementor-sitemap-item-page page_item page-item-5349\"><a href=\"https:\/\/empirecustomwindows.com\/vi\/danh-muc-dau-tu\/\">danh m\u1ee5c \u0111\u1ea7u t\u01b0<\/a><\/li><li class=\"elementor-sitemap-item elementor-sitemap-item-page page_item page-item-4043\"><a href=\"https:\/\/empirecustomwindows.com\/vi\/danh-muc-dau-tu\/veo-rem-xep-nep\/\">Pinch Pleat m\u00e0n<\/a><\/li><li class=\"elementor-sitemap-item elementor-sitemap-item-page page_item page-item-4044\"><a href=\"https:\/\/empirecustomwindows.com\/vi\/danh-muc-dau-tu\/rem-cua-tuyet-doi\/\">R\u00e8m trong su\u1ed1t<\/a><\/li><li class=\"elementor-sitemap-item elementor-sitemap-item-page page_item page-item-3858\"><a href=\"https:\/\/empirecustomwindows.com\/vi\/danh-muc-dau-tu\/rem-tiet-kiem-nang-luong\/\">R\u00e8m ti\u1ebft ki\u1ec7m n\u0103ng l\u01b0\u1ee3ng\u00a0\u00a0<\/a><\/li><li class=\"elementor-sitemap-item elementor-sitemap-item-page page_item page-item-3844\"><a href=\"https:\/\/empirecustomwindows.com\/vi\/danh-muc-dau-tu\/rem-cua-lam-toi-mau-can-phong\/\">R\u00e8m c\u1eeda l\u00e0m t\u1ed1i m\u00e0u c\u0103n ph\u00f2ng<\/a><\/li><li class=\"elementor-sitemap-item elementor-sitemap-item-page page_item page-item-3757\"><a href=\"https:\/\/empirecustomwindows.com\/vi\/danh-muc-dau-tu\/rem-tu-nhien\/\">M\u00e0nh t\u1ef1 nhi\u00ean<\/a><\/li><li class=\"elementor-sitemap-item elementor-sitemap-item-page page_item page-item-3749\"><a href=\"https:\/\/empirecustomwindows.com\/vi\/danh-muc-dau-tu\/rem-cua-so-nha-hang\/\">R\u00e8m c\u1eeda s\u1ed5 nh\u00e0 h\u00e0ng<\/a><\/li><li class=\"elementor-sitemap-item elementor-sitemap-item-page page_item page-item-3696\"><a href=\"https:\/\/empirecustomwindows.com\/vi\/danh-muc-dau-tu\/man-va-rem-cua\/\">M\u00e0n V\u00e0 R\u00e8m C\u1eeda\u00a0<\/a><\/li><li class=\"elementor-sitemap-item elementor-sitemap-item-page page_item page-item-3469\"><a href=\"https:\/\/empirecustomwindows.com\/vi\/danh-muc-dau-tu\/sac-thai-noi-that-thuong-mai\/\">S\u1eafc th\u00e1i n\u1ed9i th\u1ea5t th\u01b0\u01a1ng m\u1ea1i<\/a><\/li><li class=\"elementor-sitemap-item elementor-sitemap-item-page page_item page-item-3436\"><a href=\"https:\/\/empirecustomwindows.com\/vi\/danh-muc-dau-tu\/sac-thai-hoa-tiet\/\">M\u00e0u h\u1ecda ti\u1ebft<\/a><\/li><li class=\"elementor-sitemap-item elementor-sitemap-item-page page_item page-item-3388\"><a href=\"https:\/\/empirecustomwindows.com\/vi\/danh-muc-dau-tu\/tam-rem\/\">t\u1ea5m treo r\u00e8m<\/a><\/li><li class=\"elementor-sitemap-item elementor-sitemap-item-page page_item page-item-3365\"><a href=\"https:\/\/empirecustomwindows.com\/vi\/danh-muc-dau-tu\/bong-nang\/\">B\u00f3ng n\u1eafng<\/a><\/li><li class=\"elementor-sitemap-item elementor-sitemap-item-page page_item page-item-3316\"><a href=\"https:\/\/empirecustomwindows.com\/vi\/danh-muc-dau-tu\/rem-tuy-chinh\/\">M\u00e0n t\u00f9y ch\u1ec9nh<\/a><\/li><li class=\"elementor-sitemap-item elementor-sitemap-item-page page_item page-item-3303\"><a href=\"https:\/\/empirecustomwindows.com\/vi\/danh-muc-dau-tu\/rem-cua-so-troi\/\">R\u00e8m c\u1eeda s\u1ed5 tr\u1eddi<\/a><\/li><li class=\"elementor-sitemap-item elementor-sitemap-item-page page_item page-item-3269\"><a href=\"https:\/\/empirecustomwindows.com\/vi\/danh-muc-dau-tu\/rem-chan\/\">R\u00e8m ch\u1eafn<\/a><\/li><li class=\"elementor-sitemap-item elementor-sitemap-item-page page_item page-item-3225\"><a href=\"https:\/\/empirecustomwindows.com\/vi\/danh-muc-dau-tu\/sac-thai-tuyet-doi\/\">s\u1eafc th\u00e1i tuy\u1ec7t \u0111\u1ed1i<\/a><\/li><li class=\"elementor-sitemap-item elementor-sitemap-item-page page_item page-item-3183\"><a href=\"https:\/\/empirecustomwindows.com\/vi\/danh-muc-dau-tu\/rem-cach-nhiet\/\">R\u00e8m c\u00e1ch nhi\u1ec7t<\/a><\/li><li class=\"elementor-sitemap-item elementor-sitemap-item-page page_item page-item-3145\"><a href=\"https:\/\/empirecustomwindows.com\/vi\/phuong-phap-dieu-tri-hang-dau\/\">Ph\u01b0\u01a1ng ph\u00e1p \u0111i\u1ec1u tr\u1ecb h\u00e0ng \u0111\u1ea7u<\/a><\/li><li class=\"elementor-sitemap-item elementor-sitemap-item-page page_item page-item-3134\"><a href=\"https:\/\/empirecustomwindows.com\/vi\/danh-muc-dau-tu\/cach-xu-ly-cua-so-mat-tien-cua-hang\/\">X\u1eed l\u00fd c\u1eeda s\u1ed5 m\u1eb7t ti\u1ec1n c\u1eeda h\u00e0ng\u00a0\u00a0<\/a><\/li><li class=\"elementor-sitemap-item elementor-sitemap-item-page page_item page-item-3073\"><a href=\"https:\/\/empirecustomwindows.com\/vi\/danh-muc-dau-tu\/rem-roman\/\">r\u00e8m La M\u00e3<\/a><\/li><li class=\"elementor-sitemap-item elementor-sitemap-item-page page_item page-item-3045\"><a href=\"https:\/\/empirecustomwindows.com\/vi\/danh-muc-dau-tu\/rem-thuong-mai-2\/\">M\u00e0n th\u01b0\u01a1ng m\u1ea1i<\/a><\/li><li class=\"elementor-sitemap-item elementor-sitemap-item-page page_item page-item-3053\"><a href=\"https:\/\/empirecustomwindows.com\/vi\/danh-muc-dau-tu\/bong-lan-van-phong\/\">B\u00f3ng l\u0103n v\u0103n ph\u00f2ng<\/a><\/li><li class=\"elementor-sitemap-item elementor-sitemap-item-page page_item page-item-2931\"><a href=\"https:\/\/empirecustomwindows.com\/vi\/danh-muc-dau-tu\/bong-lan\/\">B\u00f3ng l\u0103n<\/a><\/li><li class=\"elementor-sitemap-item elementor-sitemap-item-page page_item page-item-2879\"><a href=\"https:\/\/empirecustomwindows.com\/vi\/danh-muc-dau-tu\/nghe-nhan-xep-nep\/\">R\u00e8m th\u1ee7 c\u00f4ng<\/a><\/li><li class=\"elementor-sitemap-item elementor-sitemap-item-page page_item page-item-2709\"><a href=\"https:\/\/empirecustomwindows.com\/vi\/danh-muc-dau-tu\/rem-dieu-khien-tu-xa\/\">R\u00e8m \u0111i\u1ec1u khi\u1ec3n t\u1eeb xa<\/a><\/li><li class=\"elementor-sitemap-item elementor-sitemap-item-page page_item page-item-2690\"><a href=\"https:\/\/empirecustomwindows.com\/vi\/danh-muc-dau-tu\/sac-thai-xep-li\/\">s\u1eafc th\u00e1i x\u1ebfp li<\/a><\/li><li class=\"elementor-sitemap-item elementor-sitemap-item-page page_item page-item-2650\"><a href=\"https:\/\/empirecustomwindows.com\/vi\/danh-muc-dau-tu\/sac-thai-cuop-bien\/\">B\u00f3ng h\u1ea3i t\u1eb7c<\/a><\/li><li class=\"elementor-sitemap-item elementor-sitemap-item-page page_item page-item-2640\"><a href=\"https:\/\/empirecustomwindows.com\/vi\/danh-muc-dau-tu\/rem-co-dong-co\/\">R\u00e8m c\u00f3 \u0111\u1ed9ng c\u01a1\u00a0<\/a><\/li><li class=\"elementor-sitemap-item elementor-sitemap-item-page page_item page-item-2558\"><a href=\"https:\/\/empirecustomwindows.com\/vi\/danh-muc-dau-tu\/sac-thai-tu-nhien\/\">S\u1eafc th\u00e1i t\u1ef1 nhi\u00ean<\/a><\/li><li class=\"elementor-sitemap-item elementor-sitemap-item-page page_item page-item-2504\"><a href=\"https:\/\/empirecustomwindows.com\/vi\/danh-muc-dau-tu\/rem-dong-co\/\">R\u00e8m \u0111\u1ed9ng c\u01a1<\/a><\/li><li class=\"elementor-sitemap-item elementor-sitemap-item-page page_item page-item-2500\"><a href=\"https:\/\/empirecustomwindows.com\/vi\/danh-muc-dau-tu\/mau-to-ong\/\">M\u00e0u t\u1ed5 ong<\/a><\/li><li class=\"elementor-sitemap-item elementor-sitemap-item-page page_item page-item-2404\"><a href=\"https:\/\/empirecustomwindows.com\/vi\/danh-muc-dau-tu\/sac-thai-chai\/\">s\u1eafc th\u00e1i g\u1ecdi<\/a><\/li><li class=\"elementor-sitemap-item elementor-sitemap-item-page page_item page-item-2362\"><a href=\"https:\/\/empirecustomwindows.com\/vi\/danh-muc-dau-tu\/con-lan-co-dong-co\/\">Con l\u0103n c\u00f3 \u0111\u1ed9ng c\u01a1\u00a0<\/a><\/li><li class=\"elementor-sitemap-item elementor-sitemap-item-page page_item page-item-2320\"><a href=\"https:\/\/empirecustomwindows.com\/vi\/danh-muc-dau-tu\/thiet-ke-noi-that\/\">Thi\u1ebft k\u1ebf n\u1ed9i th\u1ea5t<\/a><\/li><li class=\"elementor-sitemap-item elementor-sitemap-item-page page_item page-item-2306\"><a href=\"https:\/\/empirecustomwindows.com\/vi\/danh-muc-dau-tu\/man-che-thuong-mai\/\">R\u00e8m che s\u00e1ng th\u01b0\u01a1ng m\u1ea1i<\/a><\/li><li class=\"elementor-sitemap-item elementor-sitemap-item-page page_item page-item-2235\"><a href=\"https:\/\/empirecustomwindows.com\/vi\/danh-muc-dau-tu\/rem-cau-vong\/\">R\u00e8m Levolor\u00a0<\/a><\/li><li class=\"elementor-sitemap-item elementor-sitemap-item-page page_item page-item-2168\"><a href=\"https:\/\/empirecustomwindows.com\/vi\/danh-muc-dau-tu\/man-che\/\">M\u00e0n che<\/a><\/li><li class=\"elementor-sitemap-item elementor-sitemap-item-page page_item page-item-2126\"><a href=\"https:\/\/empirecustomwindows.com\/vi\/sua-chua-xu-ly-cua-so-nyc\/\">s\u1eeda ch\u1eefa<\/a><\/li><li class=\"elementor-sitemap-item elementor-sitemap-item-page page_item page-item-2072\"><a href=\"https:\/\/empirecustomwindows.com\/vi\/danh-muc-dau-tu\/bong-tre\/\">R\u00e8m tre<\/a><\/li><li class=\"elementor-sitemap-item elementor-sitemap-item-page page_item page-item-1989\"><a href=\"https:\/\/empirecustomwindows.com\/vi\/de-checustomwindowsblog\/\">Blog<\/a><\/li><li class=\"elementor-sitemap-item elementor-sitemap-item-page page_item page-item-1953\"><a href=\"https:\/\/empirecustomwindows.com\/vi\/danh-muc-dau-tu\/lap-rem-cua-so\/\">R\u00e8m c\u1eeda s\u1ed5 \u0111\u01b0\u1ee3c trang b\u1ecb<\/a><\/li><li class=\"elementor-sitemap-item elementor-sitemap-item-page page_item page-item-1952\"><a href=\"https:\/\/empirecustomwindows.com\/vi\/danh-muc-dau-tu\/rem-da-quang\/\">R\u00e8m \u0111\u00e8n<\/a><\/li><li class=\"elementor-sitemap-item elementor-sitemap-item-page page_item page-item-1919\"><a href=\"https:\/\/empirecustomwindows.com\/vi\/danh-muc-dau-tu\/rem-nho\/\">R\u00e8m nh\u1ecf<\/a><\/li><li class=\"elementor-sitemap-item elementor-sitemap-item-page page_item page-item-1878\"><a href=\"https:\/\/empirecustomwindows.com\/vi\/lien-he\/\">Li\u00ean h\u1ec7 ch\u00fang t\u00f4i<\/a><\/li><li class=\"elementor-sitemap-item elementor-sitemap-item-page page_item page-item-1864\"><a href=\"https:\/\/empirecustomwindows.com\/vi\/danh-muc-dau-tu\/rem-bong\/\">S\u1eafc th\u00e1i b\u00f3ng<\/a><\/li><li class=\"elementor-sitemap-item elementor-sitemap-item-page page_item page-item-1713\"><a href=\"https:\/\/empirecustomwindows.com\/vi\/danh-muc-dau-tu\/rem-gia-go\/\">R\u00e8m Gi\u1ea3 G\u1ed7<\/a><\/li><li class=\"elementor-sitemap-item elementor-sitemap-item-page page_item page-item-1662\"><a href=\"https:\/\/empirecustomwindows.com\/vi\/danh-muc-dau-tu\/rem-venetian\/\">r\u00e8m venetian<\/a><\/li><li class=\"elementor-sitemap-item elementor-sitemap-item-page page_item page-item-1615\"><a href=\"https:\/\/empirecustomwindows.com\/vi\/khach-hang-hai-long-chia-se-kinh-nghiem-cua-ho-voi-chung-toi\/\">L\u1eddi ch\u1ee9ng th\u1ef1c<\/a><\/li><li class=\"elementor-sitemap-item elementor-sitemap-item-page page_item page-item-1544\"><a href=\"https:\/\/empirecustomwindows.com\/vi\/danh-muc-dau-tu\/rem-doi\/\">R\u00e8m Duette<\/a><\/li><li class=\"elementor-sitemap-item elementor-sitemap-item-page page_item page-item-1464\"><a href=\"https:\/\/empirecustomwindows.com\/vi\/danh-muc-dau-tu\/rem-chan-sang\/\">R\u00e8m c\u1ea3n s\u00e1ng<\/a><\/li><li class=\"elementor-sitemap-item elementor-sitemap-item-page page_item page-item-1358\"><a href=\"https:\/\/empirecustomwindows.com\/vi\/danh-muc-dau-tu\/man-sao-dung\/\">M\u00e0n s\u00e1o \u0111\u1ee9ng<\/a><\/li><li class=\"elementor-sitemap-item elementor-sitemap-item-page page_item page-item-1259\"><a href=\"https:\/\/empirecustomwindows.com\/vi\/danh-muc-dau-tu\/rem-tre\/\">M\u00e0nh tre\u00a0<\/a><\/li><li class=\"elementor-sitemap-item elementor-sitemap-item-page page_item page-item-1156\"><a href=\"https:\/\/empirecustomwindows.com\/vi\/danh-muc-dau-tu\/rem-cua-so-hinh-vom\/\">R\u00e8m c\u1eeda s\u1ed5 h\u00ecnh v\u00f2m<\/a><\/li><li class=\"elementor-sitemap-item elementor-sitemap-item-page page_item page-item-1100\"><a href=\"https:\/\/empirecustomwindows.com\/vi\/danh-muc-dau-tu\/rem-go\/\">R\u00e8m g\u1ed7<\/a><\/li><li class=\"elementor-sitemap-item elementor-sitemap-item-page page_item page-item-867\"><a href=\"https:\/\/empirecustomwindows.com\/vi\/danh-muc-dau-tu\/rem-van-phong\/\">R\u00e8m v\u0103n ph\u00f2ng<\/a><\/li><li class=\"elementor-sitemap-item elementor-sitemap-item-page page_item page-item-743\"><a href=\"https:\/\/empirecustomwindows.com\/vi\/danh-muc-dau-tu\/tuy-chon-sac-thai\/\">T\u00f9y ch\u1ecdn s\u1eafc th\u00e1i<\/a><\/li><li class=\"elementor-sitemap-item elementor-sitemap-item-page page_item page-item-429\"><a href=\"https:\/\/empirecustomwindows.com\/vi\/danh-muc-dau-tu\/rem-thuong-mai\/\">R\u00e8m th\u01b0\u01a1ng m\u1ea1i<\/a><\/li><li class=\"elementor-sitemap-item elementor-sitemap-item-page page_item page-item-419\"><a href=\"https:\/\/empirecustomwindows.com\/vi\/danh-muc-dau-tu\/rem-nhom\/\">M\u00e0n s\u00e1o nh\u00f4m<\/a><\/li><li class=\"elementor-sitemap-item elementor-sitemap-item-page page_item page-item-13\"><a href=\"https:\/\/empirecustomwindows.com\/vi\/\">Trang ch\u1ee7<\/a><\/li><li class=\"elementor-sitemap-item elementor-sitemap-item-page page_item page-item-11\"><a href=\"https:\/\/empirecustomwindows.com\/vi\/ve-chung-toi\/\">V\u1ec1 ch\u00fang t\u00f4i<\/a><\/li><\/ul><\/div><div class=\"elementor-sitemap-section\"><h2 class=\"elementor-sitemap-title elementor-sitemap-category-title\">Categories<\/h2><ul class=\"elementor-sitemap-list elementor-sitemap-category-list\">\t<li class=\"elementor-sitemap-item elementor-sitemap-item-category cat-item cat-item-1\"><a href=\"https:\/\/empirecustomwindows.com\/vi\/category\/uncategorized\/\">Uncategorized<\/a>\n<\/li>\n\t<li class=\"elementor-sitemap-item elementor-sitemap-item-category cat-item cat-item-7\"><a href=\"https:\/\/empirecustomwindows.com\/vi\/category\/blog\/\">Blog<\/a>\n<\/li>\n<\/ul><\/div><\/div>\t\t<\/div>\n\t\t\t\t<\/div>\n\t\t\t\t\t<\/div>\n\t\t<\/div>\n\t\t\t\t\t<\/div>\n\t\t<\/section>\n\t\t\t\t<\/div>","protected":false},"excerpt":{"rendered":"<p>https:\/\/empirecustomwindows.com\/seo_generator_sitemap_index.xml<\/p>","protected":false},"author":3,"featured_media":0,"parent":0,"menu_order":0,"comment_status":"closed","ping_status":"closed","template":"","meta":{"_monsterinsights_skip_tracking":false,"_monsterinsights_sitenote_active":false,"_monsterinsights_sitenote_note":"","_monsterinsights_sitenote_category":0,"two_page_speed":[],"footnotes":""},"class_list":["post-6291","page","type-page","status-publish","hentry"],"yoast_head":"<!-- This site is optimized with the Yoast SEO plugin v27.6 - https:\/\/yoast.com\/product\/yoast-seo-wordpress\/ -->\n<title>site map - Empire Custom Windows<\/title>\n<meta name=\"robots\" content=\"index, follow, max-snippet:-1, max-image-preview:large, max-video-preview:-1\" \/>\n<link rel=\"canonical\" href=\"https:\/\/empirecustomwindows.com\/vi\/site-map\/\" \/>\n<meta property=\"og:locale\" content=\"vi_VN\" \/>\n<meta property=\"og:type\" content=\"article\" \/>\n<meta property=\"og:title\" content=\"site map - Empire Custom Windows\" \/>\n<meta property=\"og:description\" content=\"https:\/\/empirecustomwindows.com\/seo_generator_sitemap_index.xml\" \/>\n<meta property=\"og:url\" content=\"https:\/\/empirecustomwindows.com\/vi\/site-map\/\" \/>\n<meta property=\"og:site_name\" content=\"Empire Custom Windows\" \/>\n<meta property=\"article:publisher\" content=\"https:\/\/www.facebook.com\/empirecustomwindows\/\" \/>\n<meta name=\"twitter:card\" content=\"summary_large_image\" \/>\n<meta name=\"twitter:label1\" content=\"\u01af\u1edbc t\u00ednh th\u1eddi gian \u0111\u1ecdc\" \/>\n\t<meta name=\"twitter:data1\" content=\"1 ph\u00fat\" \/>\n<!-- \/ Yoast SEO plugin. -->","yoast_head_json":{"title":"site map - Empire Custom Windows","robots":{"index":"index","follow":"follow","max-snippet":"max-snippet:-1","max-image-preview":"max-image-preview:large","max-video-preview":"max-video-preview:-1"},"canonical":"https:\/\/empirecustomwindows.com\/vi\/site-map\/","og_locale":"vi_VN","og_type":"article","og_title":"site map - Empire Custom Windows","og_description":"https:\/\/empirecustomwindows.com\/seo_generator_sitemap_index.xml","og_url":"https:\/\/empirecustomwindows.com\/vi\/site-map\/","og_site_name":"Empire Custom Windows","article_publisher":"https:\/\/www.facebook.com\/empirecustomwindows\/","twitter_card":"summary_large_image","twitter_misc":{"\u01af\u1edbc t\u00ednh th\u1eddi gian \u0111\u1ecdc":"1 ph\u00fat"},"schema":{"@context":"https:\/\/schema.org","@graph":[{"@type":"WebPage","@id":"https:\/\/empirecustomwindows.com\/site-map\/","url":"https:\/\/empirecustomwindows.com\/site-map\/","name":"site map - Empire Custom Windows","isPartOf":{"@id":"https:\/\/empirecustomwindows.com\/#website"},"datePublished":"2023-12-04T19:31:54+00:00","dateModified":"2024-01-16T16:54:53+00:00","breadcrumb":{"@id":"https:\/\/empirecustomwindows.com\/site-map\/#breadcrumb"},"inLanguage":"vi","potentialAction":[{"@type":"ReadAction","target":["https:\/\/empirecustomwindows.com\/site-map\/"]}]},{"@type":"BreadcrumbList","@id":"https:\/\/empirecustomwindows.com\/site-map\/#breadcrumb","itemListElement":[{"@type":"ListItem","position":1,"name":"Home","item":"https:\/\/empirecustomwindows.com\/"},{"@type":"ListItem","position":2,"name":"site map"}]},{"@type":"WebSite","@id":"https:\/\/empirecustomwindows.com\/#website","url":"https:\/\/empirecustomwindows.com\/","name":"Empire Custom Windows","description":"","publisher":{"@id":"https:\/\/empirecustomwindows.com\/#organization"},"potentialAction":[{"@type":"SearchAction","target":{"@type":"EntryPoint","urlTemplate":"https:\/\/empirecustomwindows.com\/?s={search_term_string}"},"query-input":{"@type":"PropertyValueSpecification","valueRequired":true,"valueName":"search_term_string"}}],"inLanguage":"vi"},{"@type":"Organization","@id":"https:\/\/empirecustomwindows.com\/#organization","name":"Empire Custom Windows","url":"https:\/\/empirecustomwindows.com\/","logo":{"@type":"ImageObject","inLanguage":"vi","@id":"https:\/\/empirecustomwindows.com\/#\/schema\/logo\/image\/","url":"https:\/\/empirecustomwindows.com\/wp-content\/uploads\/2023\/04\/newhighlightlogo.png","contentUrl":"https:\/\/empirecustomwindows.com\/wp-content\/uploads\/2023\/04\/newhighlightlogo.png","width":200,"height":60,"caption":"Empire Custom Windows"},"image":{"@id":"https:\/\/empirecustomwindows.com\/#\/schema\/logo\/image\/"},"sameAs":["https:\/\/www.facebook.com\/empirecustomwindows\/","https:\/\/www.yelp.com\/biz\/empire-custom-windows-new-york-2"]}]}},"_links":{"self":[{"href":"https:\/\/empirecustomwindows.com\/vi\/wp-json\/wp\/v2\/pages\/6291","targetHints":{"allow":["GET"]}}],"collection":[{"href":"https:\/\/empirecustomwindows.com\/vi\/wp-json\/wp\/v2\/pages"}],"about":[{"href":"https:\/\/empirecustomwindows.com\/vi\/wp-json\/wp\/v2\/types\/page"}],"author":[{"embeddable":true,"href":"https:\/\/empirecustomwindows.com\/vi\/wp-json\/wp\/v2\/users\/3"}],"replies":[{"embeddable":true,"href":"https:\/\/empirecustomwindows.com\/vi\/wp-json\/wp\/v2\/comments?post=6291"}],"version-history":[{"count":7,"href":"https:\/\/empirecustomwindows.com\/vi\/wp-json\/wp\/v2\/pages\/6291\/revisions"}],"predecessor-version":[{"id":6455,"href":"https:\/\/empirecustomwindows.com\/vi\/wp-json\/wp\/v2\/pages\/6291\/revisions\/6455"}],"wp:attachment":[{"href":"https:\/\/empirecustomwindows.com\/vi\/wp-json\/wp\/v2\/media?parent=6291"}],"curies":[{"name":"wp","href":"https:\/\/api.w.org\/{rel}","templated":true}]}}